{"id":158605,"date":"2025-12-19T00:08:08","date_gmt":"2025-12-18T21:08:08","guid":{"rendered":"https:\/\/baldumarket.lt\/product\/szafka-kuchenna-dolna-3-szuflady-d80s3-linea-grey-szary-mat\/"},"modified":"2026-02-18T11:34:34","modified_gmt":"2026-02-18T08:34:34","slug":"szafka-kuchenna-dolna-3-szuflady-d80s3-linea-grey-szary-mat","status":"publish","type":"product","link":"https:\/\/baldumarket.lt\/lt\/product\/szafka-kuchenna-dolna-3-szuflady-d80s3-linea-grey-szary-mat\/","title":{"rendered":"Apatin\u0117 virtuv\u0117s spintel\u0117 su 3 stal\u010diais, D80S3, \u201eLinea\u201c, pilka matin\u0117"},"content":{"rendered":"<p>Atraskite modernaus dizaino magij\u0105 su garsaus prek\u0117s \u017eenklo \u201eGa\u0142a Meble\u201c \u201eLinea Grey\u201c apatine virtuv\u0117s spintele su 3 stal\u010diais. \u0160i spintel\u0117 yra ne tik prakti\u0161kas sprendimas j\u016bs\u0173 virtuvei, bet ir eleganti\u0161kas akcentas, kuris sustiprins j\u016bs\u0173 interjero charakter\u012f. D\u0117l blizgi\u0173 pilk\u0173 fasad\u0173 ir subtilaus balto korpuso kiekvienas j\u016bs\u0173 virtuv\u0117s kampelis \u012fgaus elegancijos ir stiliaus. \u201eLinea Grey\u201c spintel\u0117 i\u0161siskiria esteti\u0161ka forma, puikiai papildan\u010dia modern\u0173 interjer\u0105. Jos matin\u0117 pilka apdaila dera su \u012fvairiomis spalv\u0173 palet\u0117mis, sukurdama harmoning\u0105 ir jauki\u0105 aplink\u0105. Stal\u010diai u\u017etikrina lengv\u0105 prieig\u0105 prie virtuv\u0117s pried\u0173 ir tvarking\u0105 j\u0173 laikym\u0105, tod\u0117l ji yra ne tik stilinga, bet ir prakti\u0161ka. \u0160ios spintel\u0117s funkcionalum\u0105 pajusite kasdien naudodami. Reguliuojamos kojel\u0117s leid\u017eia puikiai reguliuoti auk\u0161t\u012f pagal j\u016bs\u0173 individualius poreikius, u\u017etikrinant komfort\u0105 ir patogum\u0105. D\u0117l stabili\u0173, savaime u\u017esidaran\u010di\u0173 b\u0117geli\u0173 stal\u010di\u0173 atidarymas ir u\u017edarymas yra sklandus ir tylus, tod\u0117l kasdieniai darbai tampa tikrai lengvi.<\/p>","protected":false},"excerpt":{"rendered":"<p>Plotis (cm): 80<br \/>\n\u016agis (cm): 82<br \/>\nGylis (cm): 47<\/p>","protected":false},"featured_media":158606,"comment_status":"open","ping_status":"open","template":"","meta":[],"product_brand":[],"product_cat":[9446,4106],"product_tag":[],"class_list":{"0":"post-158605","1":"product","2":"type-product","3":"status-publish","4":"has-post-thumbnail","6":"product_cat-kitchen-system-linea-white","7":"product_cat-gala-meble","9":"first","10":"instock","11":"purchasable","12":"product-type-simple"},"_links":{"self":[{"href":"https:\/\/baldumarket.lt\/lt\/wp-json\/wp\/v2\/product\/158605","targetHints":{"allow":["GET"]}}],"collection":[{"href":"https:\/\/baldumarket.lt\/lt\/wp-json\/wp\/v2\/product"}],"about":[{"href":"https:\/\/baldumarket.lt\/lt\/wp-json\/wp\/v2\/types\/product"}],"replies":[{"embeddable":true,"href":"https:\/\/baldumarket.lt\/lt\/wp-json\/wp\/v2\/comments?post=158605"}],"wp:featuredmedia":[{"embeddable":true,"href":"https:\/\/baldumarket.lt\/lt\/wp-json\/wp\/v2\/media\/158606"}],"wp:attachment":[{"href":"https:\/\/baldumarket.lt\/lt\/wp-json\/wp\/v2\/media?parent=158605"}],"wp:term":[{"taxonomy":"product_brand","embeddable":true,"href":"https:\/\/baldumarket.lt\/lt\/wp-json\/wp\/v2\/product_brand?post=158605"},{"taxonomy":"product_cat","embeddable":true,"href":"https:\/\/baldumarket.lt\/lt\/wp-json\/wp\/v2\/product_cat?post=158605"},{"taxonomy":"product_tag","embeddable":true,"href":"https:\/\/baldumarket.lt\/lt\/wp-json\/wp\/v2\/product_tag?post=158605"}],"curies":[{"name":"wp","href":"https:\/\/api.w.org\/{rel}","templated":true}]}}