{"id":158600,"date":"2025-12-19T00:07:56","date_gmt":"2025-12-18T21:07:56","guid":{"rendered":"https:\/\/baldumarket.lt\/product\/szafka-kuchenna-dolna-3-szuflady-d80s3-linea-white-bialy-mat\/"},"modified":"2026-02-18T11:34:34","modified_gmt":"2026-02-18T08:34:34","slug":"szafka-kuchenna-dolna-3-szuflady-d80s3-linea-white-bialy-mat","status":"publish","type":"product","link":"https:\/\/baldumarket.lt\/lt\/product\/szafka-kuchenna-dolna-3-szuflady-d80s3-linea-white-bialy-mat\/","title":{"rendered":"Apatin\u0117 virtuv\u0117s spintel\u0117 su 3 stal\u010diais, D80S3, Linea balta, matin\u0117, balta"},"content":{"rendered":"<p>Matin\u0117s baltos spalvos \u201eLinea White D80S3\u201c apatin\u0117 virtuv\u0117s spintel\u0117 su 3 stal\u010diais yra unikalus bet kurios modernios virtuv\u0117s papildymas. Eleganti\u0161kas, minimalistinis dizainas suteikia lengvumo ir erdvumo. Baltos spalvos ir subtili\u0173 auksini\u0173 ranken\u0117li\u0173 derinys suteikia spintelei unikal\u0173 charakter\u012f, kuris atitinka naujausias dizaino tendencijas. \u0160i stilinga spintel\u0117 yra ne tik gra\u017ei, bet ir ne\u012ftik\u0117tinai prakti\u0161ka. Trys erdv\u016bs stal\u010diai u\u017etikrina patog\u0173 \u012fvairi\u0173 virtuv\u0117s reikmen\u0173 \u2013 nuo stalo \u012franki\u0173 iki puod\u0173 ir keptuvi\u0173 \u2013 laikym\u0105. D\u0117l \u0161velnaus u\u017edarymo technologijos kiekvienas stal\u010dius u\u017esidaro skland\u017eiai ir tyliai, tod\u0117l kasdien naudojant yra patogiau. Spintel\u0117je naudojamos med\u017eiagos buvo kruop\u0161\u010diai parinktos atsi\u017evelgiant \u012f patvarum\u0105 ir estetik\u0105. Matiniu laku padengti MDF fasadai yra atspar\u016bs \u012fbr\u0117\u017eimams ir lengvai valomi. Laminuotos plok\u0161t\u0117s korpusas garantuoja stabilum\u0105 ir ilgaam\u017ei\u0161kum\u0105 net ir esant dideliam naudojimui. Auksin\u0117s metalin\u0117s ranken\u0117l\u0117s suteikia elegancijos ir stiliaus bendram dizainui.<\/p>","protected":false},"excerpt":{"rendered":"<p>Plotis (cm): 80<br \/>\n\u016agis (cm): 82<br \/>\nGylis (cm): 47<\/p>","protected":false},"featured_media":158601,"comment_status":"open","ping_status":"open","template":"","meta":[],"product_brand":[],"product_cat":[9446,4106],"product_tag":[],"class_list":{"0":"post-158600","1":"product","2":"type-product","3":"status-publish","4":"has-post-thumbnail","6":"product_cat-kitchen-system-linea-white","7":"product_cat-gala-meble","9":"first","10":"instock","11":"purchasable","12":"product-type-simple"},"_links":{"self":[{"href":"https:\/\/baldumarket.lt\/lt\/wp-json\/wp\/v2\/product\/158600","targetHints":{"allow":["GET"]}}],"collection":[{"href":"https:\/\/baldumarket.lt\/lt\/wp-json\/wp\/v2\/product"}],"about":[{"href":"https:\/\/baldumarket.lt\/lt\/wp-json\/wp\/v2\/types\/product"}],"replies":[{"embeddable":true,"href":"https:\/\/baldumarket.lt\/lt\/wp-json\/wp\/v2\/comments?post=158600"}],"wp:featuredmedia":[{"embeddable":true,"href":"https:\/\/baldumarket.lt\/lt\/wp-json\/wp\/v2\/media\/158601"}],"wp:attachment":[{"href":"https:\/\/baldumarket.lt\/lt\/wp-json\/wp\/v2\/media?parent=158600"}],"wp:term":[{"taxonomy":"product_brand","embeddable":true,"href":"https:\/\/baldumarket.lt\/lt\/wp-json\/wp\/v2\/product_brand?post=158600"},{"taxonomy":"product_cat","embeddable":true,"href":"https:\/\/baldumarket.lt\/lt\/wp-json\/wp\/v2\/product_cat?post=158600"},{"taxonomy":"product_tag","embeddable":true,"href":"https:\/\/baldumarket.lt\/lt\/wp-json\/wp\/v2\/product_tag?post=158600"}],"curies":[{"name":"wp","href":"https:\/\/api.w.org\/{rel}","templated":true}]}}