{"id":158594,"date":"2025-12-19T00:07:44","date_gmt":"2025-12-18T21:07:44","guid":{"rendered":"https:\/\/baldumarket.lt\/product\/szafka-kuchenna-dolna-3-szuflady-d80s3-prowansja-sosna-andersen-bialy-mat\/"},"modified":"2026-02-06T14:45:58","modified_gmt":"2026-02-06T11:45:58","slug":"szafka-kuchenna-dolna-3-szuflady-d80s3-prowansja-sosna-andersen-bialy-mat","status":"publish","type":"product","link":"https:\/\/baldumarket.lt\/lt\/product\/szafka-kuchenna-dolna-3-szuflady-d80s3-prowansja-sosna-andersen-bialy-mat\/","title":{"rendered":"Apatin\u0117 virtuv\u0117s spintel\u0117 su 3 stal\u010diais, D80S3, provanso pu\u0161is, Andersen balta matin\u0117"},"content":{"rendered":"<p>Pakelkite savo virtuv\u0119 \u012f nauj\u0105 elegancijos ir funkcionalumo lyg\u012f su m\u016bs\u0173 D80S3 apatine spintele i\u0161 \u201eProwansja\u201c linijos. \u0160is unikalus baldas, \u012fkv\u0117ptas kaimi\u0161ko Anderseno pu\u0161ies stiliaus, skland\u017eiai \u012fsilieja \u012f bet koki\u0105 erdv\u0119, suteikdamas jam unikalaus charakterio. Subtilus matin\u0117s baltos spalvos derinys su nat\u016bralaus med\u017eio akcentu suteikia interjerui lengvumo ir gaivos poj\u016bt\u012f. Eleganti\u0161k\u0105 spintel\u0117s dizain\u0105 pabr\u0117\u017eia \u0161varios linijos ir juodos metalin\u0117s ranken\u0117l\u0117s, kurios puikiai kontrastuoja su \u0161viesiais fasadais. \u0160is unikalus derinys papildo tiek klasikin\u012f, tiek modern\u0173 interjer\u0105, si\u016blydamas daugyb\u0119 dizaino galimybi\u0173. Spintel\u0117 yra ne tik ry\u0161kus dizaino elementas, bet ir prakti\u0161ka daikt\u0173 laikymo vieta d\u0117l trij\u0173 erdvi\u0173 stal\u010di\u0173. \u0160ios spintel\u0117s funkcionalumas sukurtas atsi\u017evelgiant \u012f kasdien\u012f komfort\u0105. Savaime u\u017esidaran\u010dios stal\u010di\u0173 b\u0117gel\u0117s garantuoja skland\u0173 ir tyl\u0173 stal\u010di\u0173 atidarym\u0105 \u2013 savyb\u0119, kuri\u0105 \u012fvertins visi, vertinantys ramyb\u0119 ir komfort\u0105 virtuv\u0117s metu. Be to, reguliuojamos kojel\u0117s u\u017etikrina patvari\u0105 ir stabili\u0105 pad\u0117t\u012f, prisitaikydamos prie \u012fvairaus grind\u0173 auk\u0161\u010dio. \u0160is prakti\u0161kas sprendimas leid\u017eia puikiai priderinti spintel\u0119 prie j\u016bs\u0173 virtuv\u0117s.<\/p>","protected":false},"excerpt":{"rendered":"<p>Plotis (cm): 80<br \/>\n\u016agis (cm): 82<br \/>\nGylis (cm): 47<\/p>","protected":false},"featured_media":158595,"comment_status":"open","ping_status":"open","template":"","meta":[],"product_brand":[],"product_cat":[9444,4106,9118],"product_tag":[],"class_list":{"0":"post-158594","1":"product","2":"type-product","3":"status-publish","4":"has-post-thumbnail","6":"product_cat-kitchen-system-prowansja-sosna-andersen","7":"product_cat-gala-meble","8":"product_cat-kitchen-cabinets","10":"first","11":"instock","12":"purchasable","13":"product-type-simple"},"_links":{"self":[{"href":"https:\/\/baldumarket.lt\/lt\/wp-json\/wp\/v2\/product\/158594","targetHints":{"allow":["GET"]}}],"collection":[{"href":"https:\/\/baldumarket.lt\/lt\/wp-json\/wp\/v2\/product"}],"about":[{"href":"https:\/\/baldumarket.lt\/lt\/wp-json\/wp\/v2\/types\/product"}],"replies":[{"embeddable":true,"href":"https:\/\/baldumarket.lt\/lt\/wp-json\/wp\/v2\/comments?post=158594"}],"wp:featuredmedia":[{"embeddable":true,"href":"https:\/\/baldumarket.lt\/lt\/wp-json\/wp\/v2\/media\/158595"}],"wp:attachment":[{"href":"https:\/\/baldumarket.lt\/lt\/wp-json\/wp\/v2\/media?parent=158594"}],"wp:term":[{"taxonomy":"product_brand","embeddable":true,"href":"https:\/\/baldumarket.lt\/lt\/wp-json\/wp\/v2\/product_brand?post=158594"},{"taxonomy":"product_cat","embeddable":true,"href":"https:\/\/baldumarket.lt\/lt\/wp-json\/wp\/v2\/product_cat?post=158594"},{"taxonomy":"product_tag","embeddable":true,"href":"https:\/\/baldumarket.lt\/lt\/wp-json\/wp\/v2\/product_tag?post=158594"}],"curies":[{"name":"wp","href":"https:\/\/api.w.org\/{rel}","templated":true}]}}