{"id":158589,"date":"2025-12-19T00:07:34","date_gmt":"2025-12-18T21:07:34","guid":{"rendered":"https:\/\/baldumarket.lt\/product\/szafka-kuchenna-dolna-3-szuflady-linea-white-d60s3-bialy-mat\/"},"modified":"2026-02-18T11:34:34","modified_gmt":"2026-02-18T08:34:34","slug":"szafka-kuchenna-dolna-3-szuflady-linea-white-d60s3-bialy-mat","status":"publish","type":"product","link":"https:\/\/baldumarket.lt\/lt\/product\/szafka-kuchenna-dolna-3-szuflady-linea-white-d60s3-bialy-mat\/","title":{"rendered":"Apatin\u0117 virtuv\u0117s spintel\u0117 su 3 stal\u010diais, \u201eLinea White D60S3\u201c matin\u0117s baltos spalvos"},"content":{"rendered":"<p>Papuo\u0161kite savo virtuv\u0119 moderniu dizainu ir elegancija su \u201eLinea White D60S3\u201c virtuv\u0117s spintele. \u0160i stilinga trij\u0173 stal\u010di\u0173 apatin\u0117 spintel\u0117, padengta madinga matine balta spalva, puikiai papildys bet kok\u012f interjero dizain\u0105, suteikdama gaivos ir erdvumo poj\u016bt\u012f. Ji puikiai tiks tiek moderniose, tiek klasikin\u0117se virtuv\u0117se, pabr\u0117\u017edama j\u0173 charakter\u012f. \u201eLinea White\u201c spintel\u0117 pasi\u017eymi ne tik gra\u017eia i\u0161vaizda, bet ir funkcionalumu, kuris supaprastins kasdien\u012f gyvenim\u0105. Trys erdv\u016bs stal\u010diai leid\u017eia patogiai laikyti visk\u0105, ko reikia virtuv\u0117je \u2013 nuo stalo \u012franki\u0173 iki puod\u0173 ir keptuvi\u0173. D\u0117l \u0161velniai u\u017esidaran\u010di\u0173 b\u0117geli\u0173 kiekvienas stal\u010dius u\u017esidaro skland\u017eiai ir tyliai, u\u017etikrindamas auk\u0161\u010diausi\u0105 komforto lyg\u012f. Auk\u0161tos kokyb\u0117s med\u017eiagos, naudojamos \u0161ios spintel\u0117s gamyboje, garantuoja jos patvarum\u0105 ir tvirtum\u0105. MDF fasadai ir laminuotos plok\u0161t\u0117s korpusas daro spintel\u0119 atspari\u0105 pa\u017eeidimams ir lengvai valom\u0105. Reguliuojamos kojel\u0117s leid\u017eia puikiai reguliuoti spintel\u0117s auk\u0161t\u012f pagal savo poreikius, dar labiau pagerindamos jos naudojimo patogum\u0105.<\/p>","protected":false},"excerpt":{"rendered":"<p>Plotis (cm): 60<br \/>\n\u016agis (cm): 82<br \/>\nGylis (cm): 47<\/p>","protected":false},"featured_media":158590,"comment_status":"open","ping_status":"open","template":"","meta":[],"product_brand":[],"product_cat":[9446,4106],"product_tag":[],"class_list":{"0":"post-158589","1":"product","2":"type-product","3":"status-publish","4":"has-post-thumbnail","6":"product_cat-kitchen-system-linea-white","7":"product_cat-gala-meble","9":"first","10":"instock","11":"purchasable","12":"product-type-simple"},"_links":{"self":[{"href":"https:\/\/baldumarket.lt\/lt\/wp-json\/wp\/v2\/product\/158589","targetHints":{"allow":["GET"]}}],"collection":[{"href":"https:\/\/baldumarket.lt\/lt\/wp-json\/wp\/v2\/product"}],"about":[{"href":"https:\/\/baldumarket.lt\/lt\/wp-json\/wp\/v2\/types\/product"}],"replies":[{"embeddable":true,"href":"https:\/\/baldumarket.lt\/lt\/wp-json\/wp\/v2\/comments?post=158589"}],"wp:featuredmedia":[{"embeddable":true,"href":"https:\/\/baldumarket.lt\/lt\/wp-json\/wp\/v2\/media\/158590"}],"wp:attachment":[{"href":"https:\/\/baldumarket.lt\/lt\/wp-json\/wp\/v2\/media?parent=158589"}],"wp:term":[{"taxonomy":"product_brand","embeddable":true,"href":"https:\/\/baldumarket.lt\/lt\/wp-json\/wp\/v2\/product_brand?post=158589"},{"taxonomy":"product_cat","embeddable":true,"href":"https:\/\/baldumarket.lt\/lt\/wp-json\/wp\/v2\/product_cat?post=158589"},{"taxonomy":"product_tag","embeddable":true,"href":"https:\/\/baldumarket.lt\/lt\/wp-json\/wp\/v2\/product_tag?post=158589"}],"curies":[{"name":"wp","href":"https:\/\/api.w.org\/{rel}","templated":true}]}}