{"id":158584,"date":"2025-12-19T00:07:24","date_gmt":"2025-12-18T21:07:24","guid":{"rendered":"https:\/\/baldumarket.lt\/product\/szafka-kuchenna-dolna-3s-sorento-d40s3-ax-bialy-green\/"},"modified":"2026-02-18T11:12:07","modified_gmt":"2026-02-18T08:12:07","slug":"szafka-kuchenna-dolna-3s-sorento-d40s3-ax-bialy-green","status":"publish","type":"product","link":"https:\/\/baldumarket.lt\/lt\/product\/szafka-kuchenna-dolna-3s-sorento-d40s3-ax-bialy-green\/","title":{"rendered":"Apatin\u0117 virtuv\u0117s spintel\u0117 3S Sorento D40S3 AX Balta \u017dalia"},"content":{"rendered":"<p>Pakelkite savo virtuv\u0117s stili\u0173 \u012f kit\u0105 lyg\u012f su 3S Sorento D40S3 AX virtuv\u0117s spintele baltos ir \u017ealios spalvos. \u0160i eleganti\u0161ka ir moderni spintel\u0117 \u2013 tai tobulas funkcionalumo ir estetikos derinys, kuris papuo\u0161 bet kuri\u0105 virtuv\u0117s erdv\u0119. Minimalistinis dizainas su nuostabia matine \u017ealia priekine dalimi harmoningai kontrastuoja su baltu korpusu, sukurdamas unikal\u0173 akcent\u0105, kuris patrauks kiekvieno sve\u010dio ak\u012f. Pagaminta i\u0161 patvarios laminato plok\u0161t\u0117s, \u0161i virtuv\u0117s spintel\u0117 ne tik puikiai atrodo, bet ir yra labai atspari pa\u017eeidimams, tod\u0117l puikiai tinka u\u017eimtai virtuvei. 87 cm auk\u0161tis ir 15 cm reguliuojamos kojel\u0117s leid\u017eia pritaikyti spintel\u0119 pagal individualius poreikius, u\u017etikrinant stabilum\u0105 ir patog\u0173 naudojim\u0105, nepriklausomai nuo grind\u0173. Spintel\u0117s vidin\u0117 konstrukcija sukurta atsi\u017evelgiant \u012f maksimal\u0173 funkcionalum\u0105. Trys prakti\u0161ki stal\u010diai suteikia daug vietos visiems svarbiausiems virtuv\u0117s priedams laikyti, o tylus veikimas ir \u0161velnus u\u017edarymas suteikia kasdieniam gyvenimui prabangos. Tvirtos juodos metalin\u0117s rankenos yra ne tik esteti\u0161kos, bet ir funkcionalios, u\u017etikrinan\u010dios kasdienio naudojimo patogum\u0105.<\/p>","protected":false},"excerpt":{"rendered":"<p>Plotis (cm): 40<br \/>\n\u016agis (cm): 87<br \/>\nGylis (cm): 52<\/p>","protected":false},"featured_media":158585,"comment_status":"open","ping_status":"open","template":"","meta":[],"product_brand":[],"product_cat":[9436,4106],"product_tag":[],"class_list":{"0":"post-158584","1":"product","2":"type-product","3":"status-publish","4":"has-post-thumbnail","6":"product_cat-kitchen-system-sorento","7":"product_cat-gala-meble","9":"first","10":"instock","11":"purchasable","12":"product-type-simple"},"_links":{"self":[{"href":"https:\/\/baldumarket.lt\/lt\/wp-json\/wp\/v2\/product\/158584","targetHints":{"allow":["GET"]}}],"collection":[{"href":"https:\/\/baldumarket.lt\/lt\/wp-json\/wp\/v2\/product"}],"about":[{"href":"https:\/\/baldumarket.lt\/lt\/wp-json\/wp\/v2\/types\/product"}],"replies":[{"embeddable":true,"href":"https:\/\/baldumarket.lt\/lt\/wp-json\/wp\/v2\/comments?post=158584"}],"wp:featuredmedia":[{"embeddable":true,"href":"https:\/\/baldumarket.lt\/lt\/wp-json\/wp\/v2\/media\/158585"}],"wp:attachment":[{"href":"https:\/\/baldumarket.lt\/lt\/wp-json\/wp\/v2\/media?parent=158584"}],"wp:term":[{"taxonomy":"product_brand","embeddable":true,"href":"https:\/\/baldumarket.lt\/lt\/wp-json\/wp\/v2\/product_brand?post=158584"},{"taxonomy":"product_cat","embeddable":true,"href":"https:\/\/baldumarket.lt\/lt\/wp-json\/wp\/v2\/product_cat?post=158584"},{"taxonomy":"product_tag","embeddable":true,"href":"https:\/\/baldumarket.lt\/lt\/wp-json\/wp\/v2\/product_tag?post=158584"}],"curies":[{"name":"wp","href":"https:\/\/api.w.org\/{rel}","templated":true}]}}