{"id":158578,"date":"2025-12-19T00:07:11","date_gmt":"2025-12-18T21:07:11","guid":{"rendered":"https:\/\/baldumarket.lt\/product\/szafka-kuchenna-dolna-3s-sorento-d40s3-ax-bialy-mat\/"},"modified":"2026-02-18T11:11:52","modified_gmt":"2026-02-18T08:11:52","slug":"szafka-kuchenna-dolna-3s-sorento-d40s3-ax-bialy-mat","status":"publish","type":"product","link":"https:\/\/baldumarket.lt\/lt\/product\/szafka-kuchenna-dolna-3s-sorento-d40s3-ax-bialy-mat\/","title":{"rendered":"Apatin\u0117 virtuv\u0117s spintel\u0117 3S Sorento D40S3 AX matin\u0117s baltos spalvos"},"content":{"rendered":"<p>Pakelkite savo virtuv\u0119 \u012f kit\u0105 elegancijos lyg\u012f su \u201eSorento D40S3 AX\u201c virtuv\u0117s spintele. \u0160is spintel\u0117 pasi\u017eymi moderniu ir minimalistiniu dizainu, kuris puikiai der\u0117s prie bet kokio interjero. Matin\u0117 balta apdaila tiek priekin\u0117je, tiek ir korpuso pus\u0117je sukuria darni\u0105 ir eleganti\u0161k\u0105 visum\u0105, kuri praskaidrins bet kok\u012f interjer\u0105 ir suteiks jam gaivumo. Matin\u0117 balta spalva puikiai pabr\u0117\u017eia subtil\u0173 stiliaus elegancij\u0105 ir paprastum\u0105. \u0160ios virtuv\u0117s spintel\u0117s funkcionalumas yra toks pat \u012fsp\u016bdingas, kaip ir jos i\u0161vaizda. Trys erdv\u016bs stal\u010diai suteikia daug vietos \u012fvairiems virtuv\u0117s reikmenims laikyti, tod\u0117l lengva visk\u0105 sutvarkyti. Aukso spalvos metalin\u0117s rankenos suteikia rafinuotumo, sukurdamos harmoning\u0105 kontrast\u0105 su matine apdaila. Kiekviena \u201eSorento\u201c spintel\u0117s detal\u0117 buvo kruop\u0161\u010diai apgalvota, siekiant u\u017etikrinti maksimal\u0173 komfort\u0105. Viso i\u0161traukimo b\u0117geliai su \u0161velnaus u\u017edarymo funkcija paver\u010dia kasdien\u012f naudojim\u0105 tikru malonumu. Reguliuojamos kojel\u0117s leid\u017eia puikiai reguliuoti auk\u0161t\u012f, tod\u0117l nereik\u0117s vargti d\u0117l nelygi\u0173 grind\u0173.<\/p>","protected":false},"excerpt":{"rendered":"<p>Plotis (cm): 40<br \/>\n\u016agis (cm): 87<br \/>\nGylis (cm): 52<\/p>","protected":false},"featured_media":158579,"comment_status":"open","ping_status":"open","template":"","meta":[],"product_brand":[],"product_cat":[9436,4106],"product_tag":[],"class_list":{"0":"post-158578","1":"product","2":"type-product","3":"status-publish","4":"has-post-thumbnail","6":"product_cat-kitchen-system-sorento","7":"product_cat-gala-meble","9":"first","10":"instock","11":"purchasable","12":"product-type-simple"},"_links":{"self":[{"href":"https:\/\/baldumarket.lt\/lt\/wp-json\/wp\/v2\/product\/158578","targetHints":{"allow":["GET"]}}],"collection":[{"href":"https:\/\/baldumarket.lt\/lt\/wp-json\/wp\/v2\/product"}],"about":[{"href":"https:\/\/baldumarket.lt\/lt\/wp-json\/wp\/v2\/types\/product"}],"replies":[{"embeddable":true,"href":"https:\/\/baldumarket.lt\/lt\/wp-json\/wp\/v2\/comments?post=158578"}],"wp:featuredmedia":[{"embeddable":true,"href":"https:\/\/baldumarket.lt\/lt\/wp-json\/wp\/v2\/media\/158579"}],"wp:attachment":[{"href":"https:\/\/baldumarket.lt\/lt\/wp-json\/wp\/v2\/media?parent=158578"}],"wp:term":[{"taxonomy":"product_brand","embeddable":true,"href":"https:\/\/baldumarket.lt\/lt\/wp-json\/wp\/v2\/product_brand?post=158578"},{"taxonomy":"product_cat","embeddable":true,"href":"https:\/\/baldumarket.lt\/lt\/wp-json\/wp\/v2\/product_cat?post=158578"},{"taxonomy":"product_tag","embeddable":true,"href":"https:\/\/baldumarket.lt\/lt\/wp-json\/wp\/v2\/product_tag?post=158578"}],"curies":[{"name":"wp","href":"https:\/\/api.w.org\/{rel}","templated":true}]}}