{"id":158574,"date":"2025-12-19T00:07:02","date_gmt":"2025-12-18T21:07:02","guid":{"rendered":"https:\/\/baldumarket.lt\/product\/szafka-kuchenna-dolna-3s-sorento-d40s3-ax-bialy-mat-bezowy-mat\/"},"modified":"2026-02-18T11:11:52","modified_gmt":"2026-02-18T08:11:52","slug":"szafka-kuchenna-dolna-3s-sorento-d40s3-ax-bialy-mat-bezowy-mat","status":"publish","type":"product","link":"https:\/\/baldumarket.lt\/lt\/product\/szafka-kuchenna-dolna-3s-sorento-d40s3-ax-bialy-mat-bezowy-mat\/","title":{"rendered":"Apatin\u0117 virtuv\u0117s spintel\u0117 3S Sorento D40S3 AX matin\u0117s baltos matin\u0117s sm\u0117lio spalvos"},"content":{"rendered":"<p>Atraskite i\u0161skirtin\u0119 estetik\u0105 ir funkcionalum\u0105, kur\u012f \u012f j\u016bs\u0173 virtuv\u0119 atne\u0161 \u201eGa\u0142a Meble\u201c 3S Sorento D40S3 AX apatin\u0117 spintel\u0117. \u0160is eleganti\u0161kas baldas derina modern\u0173 dizain\u0105 su klasikiniu \u017eavesiu, tod\u0117l puikiai tinka bet kokiam interjerui. Sm\u0117lio spalvos priekis su matiniu pavir\u0161iumi ir matin\u0117s baltos spalvos korpusas suteikia lengvumo ir subtilios elegancijos, sukurdami erdv\u0119, kurioje kiekviena detal\u0117 \u012fgauna prasm\u0119.<\/p>\n<p>\u201eSorento\u201c spintel\u0117s funkcionalumas atsispindi gerai apgalvotame dizaine. Trys prakti\u0161ki stal\u010diai, \u012fkv\u0117pti \u0161iuolaikini\u0173 vartotoj\u0173 poreiki\u0173, leid\u017eia efektyviai i\u0161naudoti erdv\u0119 ir palengvina virtuv\u0117s pried\u0173 organizavim\u0105. Patvarios pilno i\u0161traukimo b\u0117gel\u0117s leid\u017eia laisvai i\u0161naudoti vis\u0105 stal\u010di\u0173 gyl\u012f, o tai \u017eymiai padidina komfort\u0105.<\/p>\n<p>Pagaminta i\u0161 auk\u0161tos kokyb\u0117s laminuotos plok\u0161t\u0117s, ji u\u017etikrina ne tik ilgaam\u017ei\u0161kum\u0105, bet ir atsparum\u0105 \u012fbr\u0117\u017eimams bei kitiems mechaniniams pa\u017eeidimams. Eleganti\u0161kos juodos spalvos metalin\u0117s rankenos suteikia modernumo ir papildo bendr\u0105 dizain\u0105. Tai idealus pasirinkimas tiems, kurie vertina ir estetik\u0105, ir funkcionalum\u0105.<\/p>\n<p>Auk\u0161tos, reguliuojamo auk\u0161\u010dio kojel\u0117s \u2013 ne tik stiliaus klausimas, bet ir prakti\u0161kas sprendimas, leid\u017eiantis puikiai pritaikyti spintel\u0119 prie nelygi\u0173 grind\u0173 ir asmenini\u0173 pageidavim\u0173. Jei svajojate apie virtuv\u0119, kurioje der\u0117t\u0173 modernios tendencijos ir funkcionalumas, \u201eSorento\u201c spintel\u0117 \u2013 puikus pasirinkimas. \u0160io baldo paprastumas ir elegancija padarys j\u016bs\u0173 virtuv\u0119 dar jaukesn\u0119 ir funkcionalesn\u0119.<\/p>","protected":false},"excerpt":{"rendered":"<p>Plotis (cm): 40<br \/>\n\u016agis (cm): 87<br \/>\nGylis (cm): 52<\/p>","protected":false},"featured_media":158575,"comment_status":"open","ping_status":"open","template":"","meta":[],"product_brand":[],"product_cat":[9436,4106],"product_tag":[],"class_list":{"0":"post-158574","1":"product","2":"type-product","3":"status-publish","4":"has-post-thumbnail","6":"product_cat-kitchen-system-sorento","7":"product_cat-gala-meble","9":"first","10":"instock","11":"purchasable","12":"product-type-simple"},"_links":{"self":[{"href":"https:\/\/baldumarket.lt\/lt\/wp-json\/wp\/v2\/product\/158574","targetHints":{"allow":["GET"]}}],"collection":[{"href":"https:\/\/baldumarket.lt\/lt\/wp-json\/wp\/v2\/product"}],"about":[{"href":"https:\/\/baldumarket.lt\/lt\/wp-json\/wp\/v2\/types\/product"}],"replies":[{"embeddable":true,"href":"https:\/\/baldumarket.lt\/lt\/wp-json\/wp\/v2\/comments?post=158574"}],"wp:featuredmedia":[{"embeddable":true,"href":"https:\/\/baldumarket.lt\/lt\/wp-json\/wp\/v2\/media\/158575"}],"wp:attachment":[{"href":"https:\/\/baldumarket.lt\/lt\/wp-json\/wp\/v2\/media?parent=158574"}],"wp:term":[{"taxonomy":"product_brand","embeddable":true,"href":"https:\/\/baldumarket.lt\/lt\/wp-json\/wp\/v2\/product_brand?post=158574"},{"taxonomy":"product_cat","embeddable":true,"href":"https:\/\/baldumarket.lt\/lt\/wp-json\/wp\/v2\/product_cat?post=158574"},{"taxonomy":"product_tag","embeddable":true,"href":"https:\/\/baldumarket.lt\/lt\/wp-json\/wp\/v2\/product_tag?post=158574"}],"curies":[{"name":"wp","href":"https:\/\/api.w.org\/{rel}","templated":true}]}}