{"id":158569,"date":"2025-12-19T00:06:51","date_gmt":"2025-12-18T21:06:51","guid":{"rendered":"https:\/\/baldumarket.lt\/product\/szafka-kuchenna-dolna-3s-sorento-d40s3-ax-bialy-mat-puccini\/"},"modified":"2026-02-18T11:11:52","modified_gmt":"2026-02-18T08:11:52","slug":"szafka-kuchenna-dolna-3s-sorento-d40s3-ax-bialy-mat-puccini","status":"publish","type":"product","link":"https:\/\/baldumarket.lt\/lt\/product\/szafka-kuchenna-dolna-3s-sorento-d40s3-ax-bialy-mat-puccini\/","title":{"rendered":"Apatin\u0117 virtuv\u0117s spintel\u0117 3S Sorento D40S3 AX matin\u0117s baltos spalvos Puccini"},"content":{"rendered":"<p>Atraskite elegancij\u0105 ir funkcionalum\u0105 savo virtuv\u0117je su 3S Sorento pagrindine spintele. \u0160i unikali spintel\u0117 pasi\u017eymi moderniu Puccini dizainu, kuris harmoningai papildo bet kok\u012f interjer\u0105. Matin\u0117s baltos spalvos korpusas suteikia lengvumo ir gaivos poj\u016bt\u012f, sukurdamas maloni\u0105, \u0161viesi\u0105 atmosfer\u0105. Nepriklausomai nuo j\u016bs\u0173 virtuv\u0117s dizaino stiliaus, eleganti\u0161kos \u0161ios spintel\u0117s linijos ir subtili apdaila puikiai der\u0117s. \u0160i spintel\u0117 su trimis erdviais stal\u010diais si\u016blo daug vietos daiktams susid\u0117ti, tod\u0117l tai puikus sprendimas tiems, kurie nori maksimaliai i\u0161naudoti savo virtuv\u0117s erdv\u0119. Stal\u010diai skland\u017eiai slysta pilno i\u0161traukimo b\u0117geliais, u\u017etikrindami patogi\u0105 prieig\u0105 prie juose esan\u010di\u0173 daikt\u0173. Tylus mechanizmo veikimas ir \u0161velnus u\u017edarymas padidina komfort\u0105, sukurdami prakti\u0161k\u0105 ir jauki\u0105 virtuv\u0117s aplink\u0105. Auk\u0161tos, juodos metalin\u0117s rankenos yra dar vienas ak\u012f traukiantis elementas, suteikiantis spintel\u0117s dizainui modernumo. Jos yra ir prakti\u0161kos, ir stilingos, u\u017etikrinan\u010dios lengv\u0105 atidarym\u0105 ir u\u017edarym\u0105. Tvirta metalin\u0117 konstrukcija garantuoja patvarum\u0105 ir atsparum\u0105 kasdieniam naudojimui.<\/p>","protected":false},"excerpt":{"rendered":"<p>Plotis (cm): 40<br \/>\n\u016agis (cm): 87<br \/>\nGylis (cm): 52<\/p>","protected":false},"featured_media":158570,"comment_status":"open","ping_status":"open","template":"","meta":[],"product_brand":[],"product_cat":[9436,4106],"product_tag":[],"class_list":{"0":"post-158569","1":"product","2":"type-product","3":"status-publish","4":"has-post-thumbnail","6":"product_cat-kitchen-system-sorento","7":"product_cat-gala-meble","9":"first","10":"instock","11":"purchasable","12":"product-type-simple"},"_links":{"self":[{"href":"https:\/\/baldumarket.lt\/lt\/wp-json\/wp\/v2\/product\/158569","targetHints":{"allow":["GET"]}}],"collection":[{"href":"https:\/\/baldumarket.lt\/lt\/wp-json\/wp\/v2\/product"}],"about":[{"href":"https:\/\/baldumarket.lt\/lt\/wp-json\/wp\/v2\/types\/product"}],"replies":[{"embeddable":true,"href":"https:\/\/baldumarket.lt\/lt\/wp-json\/wp\/v2\/comments?post=158569"}],"wp:featuredmedia":[{"embeddable":true,"href":"https:\/\/baldumarket.lt\/lt\/wp-json\/wp\/v2\/media\/158570"}],"wp:attachment":[{"href":"https:\/\/baldumarket.lt\/lt\/wp-json\/wp\/v2\/media?parent=158569"}],"wp:term":[{"taxonomy":"product_brand","embeddable":true,"href":"https:\/\/baldumarket.lt\/lt\/wp-json\/wp\/v2\/product_brand?post=158569"},{"taxonomy":"product_cat","embeddable":true,"href":"https:\/\/baldumarket.lt\/lt\/wp-json\/wp\/v2\/product_cat?post=158569"},{"taxonomy":"product_tag","embeddable":true,"href":"https:\/\/baldumarket.lt\/lt\/wp-json\/wp\/v2\/product_tag?post=158569"}],"curies":[{"name":"wp","href":"https:\/\/api.w.org\/{rel}","templated":true}]}}