{"id":158564,"date":"2025-12-19T00:06:41","date_gmt":"2025-12-18T21:06:41","guid":{"rendered":"https:\/\/baldumarket.lt\/product\/szafka-kuchenna-dolna-3s-sorento-d40s3-ax-puccini-bialy-mat-ramka\/"},"modified":"2026-02-18T11:11:52","modified_gmt":"2026-02-18T08:11:52","slug":"szafka-kuchenna-dolna-3s-sorento-d40s3-ax-puccini-bialy-mat-ramka","status":"publish","type":"product","link":"https:\/\/baldumarket.lt\/lt\/product\/szafka-kuchenna-dolna-3s-sorento-d40s3-ax-puccini-bialy-mat-ramka\/","title":{"rendered":"Apatin\u0117 virtuv\u0117s spintel\u0117 3S Sorento D40S3 AX Puccini matin\u0117s baltos spalvos r\u0117meliu"},"content":{"rendered":"<p>Atgaivinkite savo virtuv\u0119 su \u201eSorento D40S3 AX\u201c apatine spintele, kuri pasi\u017eymi ne tik eleganti\u0161ka i\u0161vaizda, bet ir i\u0161skirtiniu funkcionalumu. Matin\u0117 balta apdaila puikiai papildo nesenstant\u012f stili\u0173, suteikdama j\u016bs\u0173 virtuv\u0117s erdvei \u0161varos ir modernumo poj\u016bt\u012f. MDF fasadai garantuoja patvarum\u0105 ir elegancij\u0105, o Puccini spalvos laminuotas korpusas pabr\u0117\u017eia prabang\u0173 \u0161ios spintel\u0117s charakter\u012f. Auksin\u0117s metalin\u0117s ranken\u0117l\u0117s yra subtilus, ta\u010diau rafinuotas papildymas, suteikiantis visam baldui unikal\u0173 ir ak\u012f traukiant\u012f stili\u0173. \u201eSorento\u201c spintel\u0117 yra ne tik esteti\u0161kai patraukli, bet, svarbiausia, prakti\u0161ka. Trys stal\u010diai u\u017etikrina optimal\u0173 erdv\u0117s i\u0161naudojim\u0105, k\u0105 tikrai \u012fvertinsite kasdien tvarkydami virtuv\u0119. Viso i\u0161traukimo b\u0117geliai leid\u017eia lengvai ir patogiai pasiekti stal\u010di\u0173 turin\u012f, o \u0161velnaus u\u017edarymo sistema suteikia komforto.<\/p>","protected":false},"excerpt":{"rendered":"<p>Plotis (cm): 40<br \/>\n\u016agis (cm): 87<br \/>\nGylis (cm): 52<\/p>","protected":false},"featured_media":158565,"comment_status":"open","ping_status":"open","template":"","meta":[],"product_brand":[],"product_cat":[9436,4106],"product_tag":[],"class_list":{"0":"post-158564","1":"product","2":"type-product","3":"status-publish","4":"has-post-thumbnail","6":"product_cat-kitchen-system-sorento","7":"product_cat-gala-meble","9":"first","10":"instock","11":"purchasable","12":"product-type-simple"},"_links":{"self":[{"href":"https:\/\/baldumarket.lt\/lt\/wp-json\/wp\/v2\/product\/158564","targetHints":{"allow":["GET"]}}],"collection":[{"href":"https:\/\/baldumarket.lt\/lt\/wp-json\/wp\/v2\/product"}],"about":[{"href":"https:\/\/baldumarket.lt\/lt\/wp-json\/wp\/v2\/types\/product"}],"replies":[{"embeddable":true,"href":"https:\/\/baldumarket.lt\/lt\/wp-json\/wp\/v2\/comments?post=158564"}],"wp:featuredmedia":[{"embeddable":true,"href":"https:\/\/baldumarket.lt\/lt\/wp-json\/wp\/v2\/media\/158565"}],"wp:attachment":[{"href":"https:\/\/baldumarket.lt\/lt\/wp-json\/wp\/v2\/media?parent=158564"}],"wp:term":[{"taxonomy":"product_brand","embeddable":true,"href":"https:\/\/baldumarket.lt\/lt\/wp-json\/wp\/v2\/product_brand?post=158564"},{"taxonomy":"product_cat","embeddable":true,"href":"https:\/\/baldumarket.lt\/lt\/wp-json\/wp\/v2\/product_cat?post=158564"},{"taxonomy":"product_tag","embeddable":true,"href":"https:\/\/baldumarket.lt\/lt\/wp-json\/wp\/v2\/product_tag?post=158564"}],"curies":[{"name":"wp","href":"https:\/\/api.w.org\/{rel}","templated":true}]}}