{"id":158554,"date":"2025-12-19T00:06:20","date_gmt":"2025-12-18T21:06:20","guid":{"rendered":"https:\/\/baldumarket.lt\/product\/szafka-kuchenna-dolna-3s-sorento-d40s3-p-l-ax-baltic-storm\/"},"modified":"2026-02-18T11:11:52","modified_gmt":"2026-02-18T08:11:52","slug":"szafka-kuchenna-dolna-3s-sorento-d40s3-p-l-ax-baltic-storm","status":"publish","type":"product","link":"https:\/\/baldumarket.lt\/lt\/product\/szafka-kuchenna-dolna-3s-sorento-d40s3-p-l-ax-baltic-storm\/","title":{"rendered":"Apatin\u0117 virtuv\u0117s spintel\u0117 3S Sorento D40S3 P\/L AX Baltic Storm"},"content":{"rendered":"<p>Pasiruo\u0161kite pakeisti savo virtuv\u0119 su eleganti\u0161ka \u201eBaltic Storm\u201c spalvos 3S Sorento apatine spintele. \u0160i rafinuota ir moderni 40 cm plo\u010dio spintel\u0117 puikiai der\u0117s prie \u012fvairi\u0173 interjer\u0173, suteikdama jai unikalaus charakterio. Minimalistin\u0117 forma ir prislopintos spalvos puikiai papildo tiek klasikin\u012f, tiek modernesn\u012f interjer\u0105. \u0160io baldo funkcionalumas yra toks pat \u012fsp\u016bdingas kaip ir jo i\u0161vaizda. Trys prakti\u0161ki stal\u010diai leid\u017eia efektyviai i\u0161naudoti erdv\u0119, tod\u0117l galite tvarkingai laikyti \u012fvairius virtuv\u0117s reikmenis. D\u0117l 15 cm reguliuojam\u0173 kojeli\u0173 galite reguliuoti spintel\u0117s auk\u0161t\u012f pagal savo poreikius, tod\u0117l ji yra ne tik esteti\u0161kai patraukli, bet ir labai prakti\u0161ka. Spintel\u0117, pagaminta i\u0161 atsparios pa\u017eeidimams laminuotos plok\u0161t\u0117s, \u017eavi savo patvarumu ir lengvu valymu. Juoda metalin\u0117 rankena ne tik suteikia modernumo, bet ir suteikia patogi\u0105 prieig\u0105 prie laikom\u0173 daikt\u0173. Tylus stal\u010di\u0173 veikimas ir \u0161velnus u\u017edarymas paver\u010dia bald\u0173 naudojim\u0105 tikru malonumu, o pilno i\u0161traukimo b\u0117geliai palengvina kasdien\u012f naudojim\u0105.<\/p>","protected":false},"excerpt":{"rendered":"<p>Plotis (cm): 40<br \/>\n\u016agis (cm): 87<br \/>\nGylis (cm): 52<\/p>","protected":false},"featured_media":158555,"comment_status":"open","ping_status":"open","template":"","meta":[],"product_brand":[],"product_cat":[9436,4106],"product_tag":[],"class_list":{"0":"post-158554","1":"product","2":"type-product","3":"status-publish","4":"has-post-thumbnail","6":"product_cat-kitchen-system-sorento","7":"product_cat-gala-meble","9":"first","10":"instock","11":"purchasable","12":"product-type-simple"},"_links":{"self":[{"href":"https:\/\/baldumarket.lt\/lt\/wp-json\/wp\/v2\/product\/158554","targetHints":{"allow":["GET"]}}],"collection":[{"href":"https:\/\/baldumarket.lt\/lt\/wp-json\/wp\/v2\/product"}],"about":[{"href":"https:\/\/baldumarket.lt\/lt\/wp-json\/wp\/v2\/types\/product"}],"replies":[{"embeddable":true,"href":"https:\/\/baldumarket.lt\/lt\/wp-json\/wp\/v2\/comments?post=158554"}],"wp:featuredmedia":[{"embeddable":true,"href":"https:\/\/baldumarket.lt\/lt\/wp-json\/wp\/v2\/media\/158555"}],"wp:attachment":[{"href":"https:\/\/baldumarket.lt\/lt\/wp-json\/wp\/v2\/media?parent=158554"}],"wp:term":[{"taxonomy":"product_brand","embeddable":true,"href":"https:\/\/baldumarket.lt\/lt\/wp-json\/wp\/v2\/product_brand?post=158554"},{"taxonomy":"product_cat","embeddable":true,"href":"https:\/\/baldumarket.lt\/lt\/wp-json\/wp\/v2\/product_cat?post=158554"},{"taxonomy":"product_tag","embeddable":true,"href":"https:\/\/baldumarket.lt\/lt\/wp-json\/wp\/v2\/product_tag?post=158554"}],"curies":[{"name":"wp","href":"https:\/\/api.w.org\/{rel}","templated":true}]}}