{"id":158549,"date":"2025-12-19T00:06:10","date_gmt":"2025-12-18T21:06:10","guid":{"rendered":"https:\/\/baldumarket.lt\/product\/szafka-kuchenna-dolna-3s-sorento-d40s3-p-l-ax-baltic-storm-bezowy-mat\/"},"modified":"2026-02-18T11:11:52","modified_gmt":"2026-02-18T08:11:52","slug":"szafka-kuchenna-dolna-3s-sorento-d40s3-p-l-ax-baltic-storm-bezowy-mat","status":"publish","type":"product","link":"https:\/\/baldumarket.lt\/lt\/product\/szafka-kuchenna-dolna-3s-sorento-d40s3-p-l-ax-baltic-storm-bezowy-mat\/","title":{"rendered":"Apatin\u0117 virtuv\u0117s spintel\u0117 3S Sorento D40S3 P\/L AX Baltic Storm Beige Matte"},"content":{"rendered":"<p>Atraskite elegancij\u0105 ir funkcionalum\u0105, kur\u012f si\u016blo matin\u0117s sm\u0117lio spalvos \u201eSorento 3S\u201c apatin\u0117 virtuv\u0117s spintel\u0117 su \u201eBaltic Storm\u201c korpusu. \u0160i unikali spintel\u0117 yra ne tik prakti\u0161kas j\u016bs\u0173 virtuv\u0117s papildymas, bet ir stilingas elementas, \u012fne\u0161antis \u012f interjer\u0105 modernaus minimalizmo. Subtili, matin\u0117 spalva suteikia spintelei modern\u0173 charakter\u012f, kuris lengvai \u012fsilies \u012f bet kok\u012f interjer\u0105. \u201eSorento\u201c spintel\u0117s prakti\u0161kumas neprilygstamas. D\u0117l trij\u0173 erdvi\u0173 stal\u010di\u0173 galite efektyviai ir apgalvotai organizuoti savo virtuv\u0117s erdv\u0119. Tai puikus sprendimas visiems, kurie vertina tvark\u0105 ir nori greitai pasiekti da\u017enai naudojamus daiktus. Konstrukcija sukurta taip, kad u\u017etikrint\u0173 tyl\u0173 u\u017edarym\u0105 ir skland\u0173 kasdien\u012f naudojim\u0105. \u201eSorento\u201c spintel\u0117s estetika tiesiog nenugalima. Juodos metalin\u0117s ranken\u0117l\u0117s kontrastuoja su subtilia sm\u0117lio spalvos fasad\u0173 spalva, suteikdamos i\u0161skirtin\u012f akcent\u0105 bendram dizainui. B\u016btent \u0161ios detal\u0117s daro \u0161i\u0105 spintel\u0119 tinkamu pasirinkimu tiems, kurie vertina rafinuot\u0105, eleganti\u0161k\u0105 bald\u0173 dizain\u0105.<\/p>","protected":false},"excerpt":{"rendered":"<p>Plotis (cm): 40<br \/>\n\u016agis (cm): 87<br \/>\nGylis (cm): 52<\/p>","protected":false},"featured_media":158550,"comment_status":"open","ping_status":"open","template":"","meta":[],"product_brand":[],"product_cat":[9436,4106],"product_tag":[],"class_list":{"0":"post-158549","1":"product","2":"type-product","3":"status-publish","4":"has-post-thumbnail","6":"product_cat-kitchen-system-sorento","7":"product_cat-gala-meble","9":"first","10":"instock","11":"purchasable","12":"product-type-simple"},"_links":{"self":[{"href":"https:\/\/baldumarket.lt\/lt\/wp-json\/wp\/v2\/product\/158549","targetHints":{"allow":["GET"]}}],"collection":[{"href":"https:\/\/baldumarket.lt\/lt\/wp-json\/wp\/v2\/product"}],"about":[{"href":"https:\/\/baldumarket.lt\/lt\/wp-json\/wp\/v2\/types\/product"}],"replies":[{"embeddable":true,"href":"https:\/\/baldumarket.lt\/lt\/wp-json\/wp\/v2\/comments?post=158549"}],"wp:featuredmedia":[{"embeddable":true,"href":"https:\/\/baldumarket.lt\/lt\/wp-json\/wp\/v2\/media\/158550"}],"wp:attachment":[{"href":"https:\/\/baldumarket.lt\/lt\/wp-json\/wp\/v2\/media?parent=158549"}],"wp:term":[{"taxonomy":"product_brand","embeddable":true,"href":"https:\/\/baldumarket.lt\/lt\/wp-json\/wp\/v2\/product_brand?post=158549"},{"taxonomy":"product_cat","embeddable":true,"href":"https:\/\/baldumarket.lt\/lt\/wp-json\/wp\/v2\/product_cat?post=158549"},{"taxonomy":"product_tag","embeddable":true,"href":"https:\/\/baldumarket.lt\/lt\/wp-json\/wp\/v2\/product_tag?post=158549"}],"curies":[{"name":"wp","href":"https:\/\/api.w.org\/{rel}","templated":true}]}}