{"id":158544,"date":"2025-12-19T00:05:58","date_gmt":"2025-12-18T21:05:58","guid":{"rendered":"https:\/\/baldumarket.lt\/product\/szafka-kuchenna-dolna-3s-sorento-d40s3-p-l-ax-baltic-storm-green\/"},"modified":"2026-02-18T11:11:52","modified_gmt":"2026-02-18T08:11:52","slug":"szafka-kuchenna-dolna-3s-sorento-d40s3-p-l-ax-baltic-storm-green","status":"publish","type":"product","link":"https:\/\/baldumarket.lt\/lt\/product\/szafka-kuchenna-dolna-3s-sorento-d40s3-p-l-ax-baltic-storm-green\/","title":{"rendered":"Apatin\u0117 virtuv\u0117s spintel\u0117 3S Sorento D40S3 P\/L AX Baltic Storm Green"},"content":{"rendered":"<p>Suteikite savo virtuvei elegancijos ir funkcionalumo su apatine virtuv\u0117s spintele \u201e3S Sorento\u201c. Matin\u0117s \u017ealios spalvos fasadai pagyvina interjer\u0105, suteikdami jam modernumo, o klasikin\u0117s linijos papildo bet kok\u012f dekor\u0105. Harmoningi spalv\u0173 deriniai, papildyti \u201eBaltic Storm\u201c korpusu, sukuria prabangos ir precizi\u0161ko meistri\u0161kumo poj\u016bt\u012f. Estetinis paprastumas yra tik vienas i\u0161 jos privalum\u0173. Spintel\u0117 turi tris prakti\u0161kus stal\u010dius, kurie pad\u0117s jums sutvarkyti virtuv\u0119 kaip niekad anks\u010diau. M\u0117gaukit\u0117s lengva prieiga prie b\u016btiniausi\u0173 virtuv\u0117s reikmen\u0173 ir susitvarkykite kasdienius daiktus. Tai puikus sprendimas tiems, kurie vertina tvarking\u0105 ir funkcional\u0173 interjer\u0105. Tvirta laminuotos plok\u0161t\u0117s konstrukcija u\u017etikrina patvarum\u0105 ir atsparum\u0105 kasdieniam naudojimui, tod\u0117l spintel\u0117 tarnaus ilgus metus. Juodos metalin\u0117s rankenos suteikia modernumo, o reguliuojamos kojel\u0117s leid\u017eia stabiliai ir lygiai reguliuoti grind\u0173 pavir\u0161i\u0173, u\u017etikrinant maksimal\u0173 komfort\u0105.<\/p>","protected":false},"excerpt":{"rendered":"<p>Plotis (cm): 40<br \/>\n\u016agis (cm): 87<br \/>\nGylis (cm): 52<\/p>","protected":false},"featured_media":158545,"comment_status":"open","ping_status":"open","template":"","meta":[],"product_brand":[],"product_cat":[9436,4106],"product_tag":[],"class_list":{"0":"post-158544","1":"product","2":"type-product","3":"status-publish","4":"has-post-thumbnail","6":"product_cat-kitchen-system-sorento","7":"product_cat-gala-meble","9":"first","10":"instock","11":"purchasable","12":"product-type-simple"},"_links":{"self":[{"href":"https:\/\/baldumarket.lt\/lt\/wp-json\/wp\/v2\/product\/158544","targetHints":{"allow":["GET"]}}],"collection":[{"href":"https:\/\/baldumarket.lt\/lt\/wp-json\/wp\/v2\/product"}],"about":[{"href":"https:\/\/baldumarket.lt\/lt\/wp-json\/wp\/v2\/types\/product"}],"replies":[{"embeddable":true,"href":"https:\/\/baldumarket.lt\/lt\/wp-json\/wp\/v2\/comments?post=158544"}],"wp:featuredmedia":[{"embeddable":true,"href":"https:\/\/baldumarket.lt\/lt\/wp-json\/wp\/v2\/media\/158545"}],"wp:attachment":[{"href":"https:\/\/baldumarket.lt\/lt\/wp-json\/wp\/v2\/media?parent=158544"}],"wp:term":[{"taxonomy":"product_brand","embeddable":true,"href":"https:\/\/baldumarket.lt\/lt\/wp-json\/wp\/v2\/product_brand?post=158544"},{"taxonomy":"product_cat","embeddable":true,"href":"https:\/\/baldumarket.lt\/lt\/wp-json\/wp\/v2\/product_cat?post=158544"},{"taxonomy":"product_tag","embeddable":true,"href":"https:\/\/baldumarket.lt\/lt\/wp-json\/wp\/v2\/product_tag?post=158544"}],"curies":[{"name":"wp","href":"https:\/\/api.w.org\/{rel}","templated":true}]}}