{"id":158539,"date":"2025-12-19T00:05:48","date_gmt":"2025-12-18T21:05:48","guid":{"rendered":"https:\/\/baldumarket.lt\/product\/szafka-kuchenna-dolna-3s-sorento-d40s3-p-l-ax-puccini\/"},"modified":"2026-02-18T11:11:37","modified_gmt":"2026-02-18T08:11:37","slug":"szafka-kuchenna-dolna-3s-sorento-d40s3-p-l-ax-puccini","status":"publish","type":"product","link":"https:\/\/baldumarket.lt\/lt\/product\/szafka-kuchenna-dolna-3s-sorento-d40s3-p-l-ax-puccini\/","title":{"rendered":"Apatin\u0117 virtuv\u0117s spintel\u0117 3S Sorento D40S3 P\/L AX Puccini"},"content":{"rendered":"<p>Atraskite i\u0161skirtin\u0119 elegancij\u0105 ir funkcionalum\u0105, kur\u012f si\u016blo \u201eSorento D40S3 3S\u201c apatin\u0117 virtuv\u0117s spintel\u0117 i\u0161 \u201ePuccini\u201c prek\u0117s \u017eenklo. Minimalistinio dizaino ir moderni\u0173 akcent\u0173 d\u0117ka \u0161i spintel\u0117 puikiai tiks bet kurioje virtuv\u0117je. Eleganti\u0161ka apdaila pabr\u0117\u017eia unikal\u0173 stili\u0173, suteikdama j\u016bs\u0173 interjerui subtilios prabangos. \u0160i spintel\u0117 pagaminta i\u0161 patvarios laminuotos plok\u0161t\u0117s, tod\u0117l ji yra ne tik esteti\u0161kai patraukli, bet ir i\u0161skirtinai patvari. \u201ePuccini\u201c spalva, dengianti tiek priekin\u0119 dal\u012f, tiek korpus\u0105, sukuria darni\u0105 ir harmoning\u0105 visum\u0105. Juoda metalin\u0117 rankena kontrastuoja su visa konstrukcija, suteikdama modernumo ir klas\u0117s akcent\u0105. \u201eSorento D40S3\u201c spintel\u0117s funkcionalumas slypi trijuose erdviuose stal\u010diuose, kuriuose efektyviai laikomi virtuv\u0117s reikmenys. Patikimas pilno i\u0161traukimo mechanizmas leid\u017eia lengvai ir patogiai pasiekti stal\u010dius, o \u0161velnaus u\u017edarymo sistema u\u017etikrina \u0161veln\u0173 u\u017edarym\u0105, \u017eymiai pagerindama naudojimo kokyb\u0119.<\/p>","protected":false},"excerpt":{"rendered":"<p>Plotis (cm): 40<br \/>\n\u016agis (cm): 87<br \/>\nGylis (cm): 52<\/p>","protected":false},"featured_media":158540,"comment_status":"open","ping_status":"open","template":"","meta":[],"product_brand":[],"product_cat":[9436,4106],"product_tag":[],"class_list":{"0":"post-158539","1":"product","2":"type-product","3":"status-publish","4":"has-post-thumbnail","6":"product_cat-kitchen-system-sorento","7":"product_cat-gala-meble","9":"first","10":"instock","11":"purchasable","12":"product-type-simple"},"_links":{"self":[{"href":"https:\/\/baldumarket.lt\/lt\/wp-json\/wp\/v2\/product\/158539","targetHints":{"allow":["GET"]}}],"collection":[{"href":"https:\/\/baldumarket.lt\/lt\/wp-json\/wp\/v2\/product"}],"about":[{"href":"https:\/\/baldumarket.lt\/lt\/wp-json\/wp\/v2\/types\/product"}],"replies":[{"embeddable":true,"href":"https:\/\/baldumarket.lt\/lt\/wp-json\/wp\/v2\/comments?post=158539"}],"wp:featuredmedia":[{"embeddable":true,"href":"https:\/\/baldumarket.lt\/lt\/wp-json\/wp\/v2\/media\/158540"}],"wp:attachment":[{"href":"https:\/\/baldumarket.lt\/lt\/wp-json\/wp\/v2\/media?parent=158539"}],"wp:term":[{"taxonomy":"product_brand","embeddable":true,"href":"https:\/\/baldumarket.lt\/lt\/wp-json\/wp\/v2\/product_brand?post=158539"},{"taxonomy":"product_cat","embeddable":true,"href":"https:\/\/baldumarket.lt\/lt\/wp-json\/wp\/v2\/product_cat?post=158539"},{"taxonomy":"product_tag","embeddable":true,"href":"https:\/\/baldumarket.lt\/lt\/wp-json\/wp\/v2\/product_tag?post=158539"}],"curies":[{"name":"wp","href":"https:\/\/api.w.org\/{rel}","templated":true}]}}