{"id":158534,"date":"2025-12-19T00:05:37","date_gmt":"2025-12-18T21:05:37","guid":{"rendered":"https:\/\/baldumarket.lt\/product\/szafka-kuchenna-dolna-3s-sorento-d40s3-p-l-ax-puccini-bezowy-mat\/"},"modified":"2026-02-18T11:11:37","modified_gmt":"2026-02-18T08:11:37","slug":"szafka-kuchenna-dolna-3s-sorento-d40s3-p-l-ax-puccini-bezowy-mat","status":"publish","type":"product","link":"https:\/\/baldumarket.lt\/lt\/product\/szafka-kuchenna-dolna-3s-sorento-d40s3-p-l-ax-puccini-bezowy-mat\/","title":{"rendered":"Apatin\u0117 virtuv\u0117s spintel\u0117 3S Sorento D40S3 P\/L AX Puccini matin\u0117s sm\u0117lio spalvos"},"content":{"rendered":"<p>Pasinerkite \u012f elegancijos pasaul\u012f su apatine \u201eSorento\u201c virtuv\u0117s spintele, kuri spinduliuoja subtiliu matin\u0117s sm\u0117lio spalvos \u017eavesiu. D\u0117l modernaus ir minimalistinio dizaino ji puikiai tinka bet kuriai virtuvei, suteikdama unikalumo. Spinteli\u0173 fasadai pagaminti i\u0161 patvarios laminuotos plok\u0161t\u0117s, tod\u0117l jie yra ne tik gra\u017e\u016bs, bet ir atspar\u016bs kasdieniam d\u0117v\u0117jimuisi. Kruop\u0161\u010diai pagamintos detal\u0117s, tokios kaip juodos metalin\u0117s rankenos, suteikia spintelei individualumo ir kontrasto, pabr\u0117\u017eiant moderni\u0105 jos i\u0161vaizd\u0105. Puccini spalvos korpusas puikiai papildo fasad\u0105, sukurdamas vizualiai patraukli\u0105 kompozicij\u0105, kvie\u010dian\u010di\u0105 atrasti nauj\u0173 kulinarini\u0173 \u012fkv\u0117pim\u0173. Funkcionalumas yra dar vienas \u0161ios spintel\u0117s privalumas. Trys prakti\u0161ki stal\u010diai leid\u017eia efektyviai i\u0161naudoti erdv\u0119, o pilno i\u0161traukimo b\u0117geliai suteikia lengv\u0105 prieig\u0105 prie turinio. Tylus veikimas ir \u0161velnaus u\u017edarymo mechanizmas u\u017etikrina, kad kasdienis spintel\u0117s naudojimas tapt\u0173 grynu malonumu.<\/p>","protected":false},"excerpt":{"rendered":"<p>Plotis (cm): 40<br \/>\n\u016agis (cm): 87<br \/>\nGylis (cm): 52<\/p>","protected":false},"featured_media":158535,"comment_status":"open","ping_status":"open","template":"","meta":[],"product_brand":[],"product_cat":[9436,4106],"product_tag":[],"class_list":{"0":"post-158534","1":"product","2":"type-product","3":"status-publish","4":"has-post-thumbnail","6":"product_cat-kitchen-system-sorento","7":"product_cat-gala-meble","9":"first","10":"instock","11":"purchasable","12":"product-type-simple"},"_links":{"self":[{"href":"https:\/\/baldumarket.lt\/lt\/wp-json\/wp\/v2\/product\/158534","targetHints":{"allow":["GET"]}}],"collection":[{"href":"https:\/\/baldumarket.lt\/lt\/wp-json\/wp\/v2\/product"}],"about":[{"href":"https:\/\/baldumarket.lt\/lt\/wp-json\/wp\/v2\/types\/product"}],"replies":[{"embeddable":true,"href":"https:\/\/baldumarket.lt\/lt\/wp-json\/wp\/v2\/comments?post=158534"}],"wp:featuredmedia":[{"embeddable":true,"href":"https:\/\/baldumarket.lt\/lt\/wp-json\/wp\/v2\/media\/158535"}],"wp:attachment":[{"href":"https:\/\/baldumarket.lt\/lt\/wp-json\/wp\/v2\/media?parent=158534"}],"wp:term":[{"taxonomy":"product_brand","embeddable":true,"href":"https:\/\/baldumarket.lt\/lt\/wp-json\/wp\/v2\/product_brand?post=158534"},{"taxonomy":"product_cat","embeddable":true,"href":"https:\/\/baldumarket.lt\/lt\/wp-json\/wp\/v2\/product_cat?post=158534"},{"taxonomy":"product_tag","embeddable":true,"href":"https:\/\/baldumarket.lt\/lt\/wp-json\/wp\/v2\/product_tag?post=158534"}],"curies":[{"name":"wp","href":"https:\/\/api.w.org\/{rel}","templated":true}]}}