{"id":158529,"date":"2025-12-19T00:05:27","date_gmt":"2025-12-18T21:05:27","guid":{"rendered":"https:\/\/baldumarket.lt\/product\/szafka-kuchenna-dolna-3s-sorento-d60s3-ax-baltic-storm-bezowy-mat\/"},"modified":"2026-02-18T11:11:37","modified_gmt":"2026-02-18T08:11:37","slug":"szafka-kuchenna-dolna-3s-sorento-d60s3-ax-baltic-storm-bezowy-mat","status":"publish","type":"product","link":"https:\/\/baldumarket.lt\/lt\/product\/szafka-kuchenna-dolna-3s-sorento-d60s3-ax-baltic-storm-bezowy-mat\/","title":{"rendered":"Apatin\u0117 virtuv\u0117s spintel\u0117 3S Sorento D60S3 AX Baltic Storm Beige Matte"},"content":{"rendered":"<p>Su \u201eSorento D60S3 AX\u201c apatine spintele, kurios spalvos \u2013 \u201eBaltic Storm\u201c ir matin\u0117s sm\u0117lio spalvos, suteikite savo virtuvei elegancijos ir modernumo. \u0160i \u012fsp\u016bdinga \u201eGa\u0142a Meble\u201c spintel\u0117 \u2013 tai tobulas \u017eavingo dizaino ir funkcionalumo derinys, puikiai papildantis bet koki\u0105 virtuv\u0117s erdv\u0119. Matin\u0117s sm\u0117lio spalvos priekis suteikia lengvumo ir subtilumo, o \u201eBaltic Storm\u201c korpuso spalva \u2013 ai\u0161kumo ir charakterio. D\u0117l trij\u0173 erdvi\u0173 stal\u010di\u0173 \u201eSorento\u201c apatin\u0117 spintel\u0117 suteikia daug vietos visiems svarbiausiems virtuv\u0117s \u012frankiams \u2013 nuo stalo \u012franki\u0173 iki smulki\u0173 pried\u0173. \u0160velnaus u\u017edarymo sistema ir pilno i\u0161traukimo b\u0117geliai u\u017etikrina patog\u0173 naudojim\u0105, tod\u0117l kasdienis maisto gaminimas tampa dar malonesnis. Juodos metalin\u0117s rankenos u\u017ebaigia i\u0161vaizd\u0105, ne tik sustiprindamos modern\u0173 dizain\u0105, bet ir u\u017etikrindamos patvarum\u0105 bei patikimum\u0105. Auk\u0161tos, reguliuojamos kojel\u0117s leid\u017eia pritaikyti spintel\u0119 pagal individualius poreikius, kartu u\u017etikrinant stabilum\u0105 ir komfort\u0105. \u0160is sprendimas leid\u017eia itin lengvai valyti po spintele. Kruop\u0161tus darbas i\u0161 atsparios pa\u017eeidimams laminuotos plok\u0161t\u0117s garantuoja ilgalaik\u012f naudojim\u0105 ir lengv\u0105 valym\u0105.<\/p>","protected":false},"excerpt":{"rendered":"<p>Plotis (cm): 60<br \/>\n\u016agis (cm): 87<br \/>\nGylis (cm): 52<\/p>","protected":false},"featured_media":158530,"comment_status":"open","ping_status":"open","template":"","meta":[],"product_brand":[],"product_cat":[9436,4106],"product_tag":[],"class_list":{"0":"post-158529","1":"product","2":"type-product","3":"status-publish","4":"has-post-thumbnail","6":"product_cat-kitchen-system-sorento","7":"product_cat-gala-meble","9":"first","10":"instock","11":"purchasable","12":"product-type-simple"},"_links":{"self":[{"href":"https:\/\/baldumarket.lt\/lt\/wp-json\/wp\/v2\/product\/158529","targetHints":{"allow":["GET"]}}],"collection":[{"href":"https:\/\/baldumarket.lt\/lt\/wp-json\/wp\/v2\/product"}],"about":[{"href":"https:\/\/baldumarket.lt\/lt\/wp-json\/wp\/v2\/types\/product"}],"replies":[{"embeddable":true,"href":"https:\/\/baldumarket.lt\/lt\/wp-json\/wp\/v2\/comments?post=158529"}],"wp:featuredmedia":[{"embeddable":true,"href":"https:\/\/baldumarket.lt\/lt\/wp-json\/wp\/v2\/media\/158530"}],"wp:attachment":[{"href":"https:\/\/baldumarket.lt\/lt\/wp-json\/wp\/v2\/media?parent=158529"}],"wp:term":[{"taxonomy":"product_brand","embeddable":true,"href":"https:\/\/baldumarket.lt\/lt\/wp-json\/wp\/v2\/product_brand?post=158529"},{"taxonomy":"product_cat","embeddable":true,"href":"https:\/\/baldumarket.lt\/lt\/wp-json\/wp\/v2\/product_cat?post=158529"},{"taxonomy":"product_tag","embeddable":true,"href":"https:\/\/baldumarket.lt\/lt\/wp-json\/wp\/v2\/product_tag?post=158529"}],"curies":[{"name":"wp","href":"https:\/\/api.w.org\/{rel}","templated":true}]}}