{"id":158522,"date":"2025-12-19T00:05:13","date_gmt":"2025-12-18T21:05:13","guid":{"rendered":"https:\/\/baldumarket.lt\/product\/szafka-kuchenna-dolna-3s-sorento-d60s3-ax-z-wkladem-na-sztucce-puccini-green\/"},"modified":"2026-02-18T11:11:37","modified_gmt":"2026-02-18T08:11:37","slug":"szafka-kuchenna-dolna-3s-sorento-d60s3-ax-z-wkladem-na-sztucce-puccini-green","status":"publish","type":"product","link":"https:\/\/baldumarket.lt\/lt\/product\/szafka-kuchenna-dolna-3s-sorento-d60s3-ax-z-wkladem-na-sztucce-puccini-green\/","title":{"rendered":"Apatin\u0117 virtuv\u0117s spintel\u0117 3S Sorento D60S3 AX su stalo \u012franki\u0173 \u012fd\u0117klu, Puccini \u017ealia"},"content":{"rendered":"<p>Atraskite unikal\u0173 \u201eSorento D60S3 AX\u201c apatin\u0117s spintel\u0117s i\u0161 \u201ePuccini Green\u201c kolekcijos, kuri\u0105 suk\u016br\u0117 \u201eGa\u0142a Meble\u201c, \u017eaves\u012f \u2013 ji pavers j\u016bs\u0173 virtuv\u0119 tikrai stilinga erdve. \u0160i eleganti\u0161ka spintel\u0117 su \u017ealiu priekiu ir subtiliomis juodomis ranken\u0117l\u0117mis suteiks j\u016bs\u0173 interjerui gaivumo ir modernumo. \u0160is baldas \u2013 tai tobulas estetikos ir funkcionalumo derinys, pasi\u017eymintis eleganti\u0161ka i\u0161vaizda, kuri pritrauks kiekvieno lankytojo ak\u012f. D\u0117l reguliuojam\u0173 kojeli\u0173 \u201eSorento\u201c apatin\u0117s spintel\u0117s auk\u0161t\u012f galite reguliuoti pagal savo poreikius, u\u017etikrindami stabilum\u0105 ir komfort\u0105. Laminuotas pavir\u0161ius ne tik atrodo nuostabiai, bet ir yra itin prakti\u0161kas bei atsparus pa\u017eeidimams, tod\u0117l valymas tampa itin paprastas. Unikali \u201ePuccini\u201c spalva harmoningai dera su \u017ealiu priekiu, sukurdama unikali\u0105 atmosfer\u0105 virtuv\u0117je. \u201eSorento D60S3 AX\u201c yra ne tik stilinga, bet ir funkcionali. Trys erdv\u016bs, pilno i\u0161traukimo stal\u010diai u\u017etikrina ai\u0161k\u0173 daikt\u0173 laikym\u0105 ir lengv\u0105 prieig\u0105 prie laikom\u0173 daikt\u0173, u\u017etikrinant maksimali\u0105 virtuv\u0117s erdv\u0119. Viskas, ko jums reikia \u2013 nuo l\u0117k\u0161\u010di\u0173 iki stalo \u012franki\u0173 \u2013 ras savo viet\u0105, o papildomas komplekte esantis stalo \u012franki\u0173 \u012fd\u0117klas palengvins smulki\u0173 daikt\u0173 sutvarkym\u0105.<\/p>","protected":false},"excerpt":{"rendered":"<p>Plotis (cm): 60<br \/>\n\u016agis (cm): 87<br \/>\nGylis (cm): 52<\/p>","protected":false},"featured_media":158523,"comment_status":"open","ping_status":"open","template":"","meta":[],"product_brand":[],"product_cat":[9436,4106],"product_tag":[],"class_list":{"0":"post-158522","1":"product","2":"type-product","3":"status-publish","4":"has-post-thumbnail","6":"product_cat-kitchen-system-sorento","7":"product_cat-gala-meble","9":"first","10":"instock","11":"purchasable","12":"product-type-simple"},"_links":{"self":[{"href":"https:\/\/baldumarket.lt\/lt\/wp-json\/wp\/v2\/product\/158522","targetHints":{"allow":["GET"]}}],"collection":[{"href":"https:\/\/baldumarket.lt\/lt\/wp-json\/wp\/v2\/product"}],"about":[{"href":"https:\/\/baldumarket.lt\/lt\/wp-json\/wp\/v2\/types\/product"}],"replies":[{"embeddable":true,"href":"https:\/\/baldumarket.lt\/lt\/wp-json\/wp\/v2\/comments?post=158522"}],"wp:featuredmedia":[{"embeddable":true,"href":"https:\/\/baldumarket.lt\/lt\/wp-json\/wp\/v2\/media\/158523"}],"wp:attachment":[{"href":"https:\/\/baldumarket.lt\/lt\/wp-json\/wp\/v2\/media?parent=158522"}],"wp:term":[{"taxonomy":"product_brand","embeddable":true,"href":"https:\/\/baldumarket.lt\/lt\/wp-json\/wp\/v2\/product_brand?post=158522"},{"taxonomy":"product_cat","embeddable":true,"href":"https:\/\/baldumarket.lt\/lt\/wp-json\/wp\/v2\/product_cat?post=158522"},{"taxonomy":"product_tag","embeddable":true,"href":"https:\/\/baldumarket.lt\/lt\/wp-json\/wp\/v2\/product_tag?post=158522"}],"curies":[{"name":"wp","href":"https:\/\/api.w.org\/{rel}","templated":true}]}}