{"id":158517,"date":"2025-12-19T00:05:04","date_gmt":"2025-12-18T21:05:04","guid":{"rendered":"https:\/\/baldumarket.lt\/product\/szafka-kuchenna-dolna-3s-z-wkladem-na-sztucce-sorento-d60s3-ax-baltic-storm-green\/"},"modified":"2026-02-18T11:11:37","modified_gmt":"2026-02-18T08:11:37","slug":"szafka-kuchenna-dolna-3s-z-wkladem-na-sztucce-sorento-d60s3-ax-baltic-storm-green","status":"publish","type":"product","link":"https:\/\/baldumarket.lt\/lt\/product\/szafka-kuchenna-dolna-3s-z-wkladem-na-sztucce-sorento-d60s3-ax-baltic-storm-green\/","title":{"rendered":"Apatin\u0117 virtuv\u0117s spintel\u0117 3S su stalo \u012franki\u0173 \u012fd\u0117klu Sorento D60S3 AX Baltic Storm Green"},"content":{"rendered":"<p>Atraskite organizavimo ir elegancijos men\u0105 su \u201eSorento 3S\u201c apatine virtuv\u0117s spintele su stalo \u012franki\u0173 \u012fd\u0117klu, kuri taps nepakei\u010diama j\u016bs\u0173 virtuv\u0117s dalimi. \u0160i spintel\u0117, apdailinta nuostabia \u201eBaltic Storm Green\u201c spalva, yra tobulas funkcionalumo ir stiliaus derinys. Matinis \u017ealias priekis suteikia jai modern\u0173, ak\u012f traukiant\u012f vaizd\u0105 ir suteikia unikalaus charakterio bet kokiam interjerui. Virtuv\u0117s spintel\u0117s prakti\u0161kumas yra neprilygstamas d\u0117l trij\u0173 erdvi\u0173 stal\u010di\u0173, leid\u017eian\u010di\u0173 efektyviai i\u0161naudoti erdv\u0119. Pilnai i\u0161traukiami stal\u010diai leid\u017eia lengvai pasiekti reikiamus daiktus, o tai prisideda prie i\u0161skirtinio komforto. \u012emontuotas stalo \u012franki\u0173 \u012fd\u0117klas u\u017etikrina puiki\u0105 tvark\u0105, leid\u017eiant\u012f lengvai laikyti peilius, \u0161auk\u0161tus ir \u0161akutes. Pridedama juoda metalin\u0117 rankena puikiai dera su likusia spintel\u0117s dalimi, suteikdama nesenstan\u010dio \u017eavesio. Laminuotos plok\u0161t\u0117s konstrukcija yra ne tik eleganti\u0161ka, bet ir itin patvari, atspari kasdieniams pa\u017eeidimams ir yra gana stora, o tai rodo auk\u0161t\u0105 gaminio kokyb\u0119.<\/p>","protected":false},"excerpt":{"rendered":"<p>Plotis (cm): 60<br \/>\n\u016agis (cm): 87<br \/>\nGylis (cm): 52<\/p>","protected":false},"featured_media":158518,"comment_status":"open","ping_status":"open","template":"","meta":[],"product_brand":[],"product_cat":[9436,4106],"product_tag":[],"class_list":{"0":"post-158517","1":"product","2":"type-product","3":"status-publish","4":"has-post-thumbnail","6":"product_cat-kitchen-system-sorento","7":"product_cat-gala-meble","9":"first","10":"instock","11":"purchasable","12":"product-type-simple"},"_links":{"self":[{"href":"https:\/\/baldumarket.lt\/lt\/wp-json\/wp\/v2\/product\/158517","targetHints":{"allow":["GET"]}}],"collection":[{"href":"https:\/\/baldumarket.lt\/lt\/wp-json\/wp\/v2\/product"}],"about":[{"href":"https:\/\/baldumarket.lt\/lt\/wp-json\/wp\/v2\/types\/product"}],"replies":[{"embeddable":true,"href":"https:\/\/baldumarket.lt\/lt\/wp-json\/wp\/v2\/comments?post=158517"}],"wp:featuredmedia":[{"embeddable":true,"href":"https:\/\/baldumarket.lt\/lt\/wp-json\/wp\/v2\/media\/158518"}],"wp:attachment":[{"href":"https:\/\/baldumarket.lt\/lt\/wp-json\/wp\/v2\/media?parent=158517"}],"wp:term":[{"taxonomy":"product_brand","embeddable":true,"href":"https:\/\/baldumarket.lt\/lt\/wp-json\/wp\/v2\/product_brand?post=158517"},{"taxonomy":"product_cat","embeddable":true,"href":"https:\/\/baldumarket.lt\/lt\/wp-json\/wp\/v2\/product_cat?post=158517"},{"taxonomy":"product_tag","embeddable":true,"href":"https:\/\/baldumarket.lt\/lt\/wp-json\/wp\/v2\/product_tag?post=158517"}],"curies":[{"name":"wp","href":"https:\/\/api.w.org\/{rel}","templated":true}]}}