{"id":158512,"date":"2025-12-19T00:04:54","date_gmt":"2025-12-18T21:04:54","guid":{"rendered":"https:\/\/baldumarket.lt\/product\/szafka-kuchenna-dolna-3s-z-wkladem-na-sztucce-sorento-d60s3-ax-bialy-green\/"},"modified":"2026-02-18T11:11:37","modified_gmt":"2026-02-18T08:11:37","slug":"szafka-kuchenna-dolna-3s-z-wkladem-na-sztucce-sorento-d60s3-ax-bialy-green","status":"publish","type":"product","link":"https:\/\/baldumarket.lt\/lt\/product\/szafka-kuchenna-dolna-3s-z-wkladem-na-sztucce-sorento-d60s3-ax-bialy-green\/","title":{"rendered":"Apatin\u0117 virtuv\u0117s spintel\u0117 3S su stalo \u012franki\u0173 \u012fd\u0117klu Sorento D60S3 AX balta \u017ealia"},"content":{"rendered":"<p>\u201eSorento D60S3 AX 3S\u201c apatin\u0117 virtuv\u0117s spintel\u0117 su stalo \u012franki\u0173 \u012fd\u0117klu \u2013 puikus sprendimas bet kuriai moderniai virtuvei. Eleganti\u0161kas matin\u0117s baltos ir matin\u0117s \u017ealios spalvos fasado derinys patraukia ak\u012f ir sukuria unikali\u0105 atmosfer\u0105. Harmoninga spalv\u0173 gama dera prie \u012fvairi\u0173 interjero stili\u0173, tod\u0117l yra ne tik prakti\u0161kas, bet ir esteti\u0161kai patrauklus virtuv\u0117s erdv\u0117s elementas. Be unikalaus dizaino, apatin\u0117 virtuv\u0117s spintel\u0117 3S yra i\u0161skirtinai funkcionali. Trys erdv\u016bs stal\u010diai leid\u017eia efektyviai i\u0161naudoti erdv\u0119, o komplekte esantis stalo \u012franki\u0173 \u012fd\u0117klas leid\u017eia paprastai ir intuityviai tvarkyti virtuv\u0117s reikmenis. Maksimali stal\u010diaus apkrova \u2013 40 kg, tod\u0117l galite b\u016bti tikri, kad j\u016bs\u0173 indai bus saug\u016bs ir lengvai pasiekiami. Prakti\u0161kos, auk\u0161tos kojel\u0117s su reguliuojamu auk\u0161\u010diu nuo 15 iki 17 cm ne tik suteikia elegancijos, bet ir palengvina valym\u0105 po spintele. D\u0117l pilno i\u0161traukimo b\u0117geli\u0173 stal\u010diai atsidaro skland\u017eiai ir tyliai, o tai \u017eymiai padidina naudojimo komfort\u0105. Be to, u\u017esegami vyriai ir \u0161velnaus u\u017edarymo sistema leid\u017eia naudotis spintele itin patogiai.<\/p>","protected":false},"excerpt":{"rendered":"<p>Plotis (cm): 60<br \/>\n\u016agis (cm): 87<br \/>\nGylis (cm): 52<\/p>","protected":false},"featured_media":158513,"comment_status":"open","ping_status":"open","template":"","meta":[],"product_brand":[],"product_cat":[9436,4106],"product_tag":[],"class_list":{"0":"post-158512","1":"product","2":"type-product","3":"status-publish","4":"has-post-thumbnail","6":"product_cat-kitchen-system-sorento","7":"product_cat-gala-meble","9":"first","10":"instock","11":"purchasable","12":"product-type-simple"},"_links":{"self":[{"href":"https:\/\/baldumarket.lt\/lt\/wp-json\/wp\/v2\/product\/158512","targetHints":{"allow":["GET"]}}],"collection":[{"href":"https:\/\/baldumarket.lt\/lt\/wp-json\/wp\/v2\/product"}],"about":[{"href":"https:\/\/baldumarket.lt\/lt\/wp-json\/wp\/v2\/types\/product"}],"replies":[{"embeddable":true,"href":"https:\/\/baldumarket.lt\/lt\/wp-json\/wp\/v2\/comments?post=158512"}],"wp:featuredmedia":[{"embeddable":true,"href":"https:\/\/baldumarket.lt\/lt\/wp-json\/wp\/v2\/media\/158513"}],"wp:attachment":[{"href":"https:\/\/baldumarket.lt\/lt\/wp-json\/wp\/v2\/media?parent=158512"}],"wp:term":[{"taxonomy":"product_brand","embeddable":true,"href":"https:\/\/baldumarket.lt\/lt\/wp-json\/wp\/v2\/product_brand?post=158512"},{"taxonomy":"product_cat","embeddable":true,"href":"https:\/\/baldumarket.lt\/lt\/wp-json\/wp\/v2\/product_cat?post=158512"},{"taxonomy":"product_tag","embeddable":true,"href":"https:\/\/baldumarket.lt\/lt\/wp-json\/wp\/v2\/product_tag?post=158512"}],"curies":[{"name":"wp","href":"https:\/\/api.w.org\/{rel}","templated":true}]}}