{"id":158506,"date":"2025-12-19T00:04:43","date_gmt":"2025-12-18T21:04:43","guid":{"rendered":"https:\/\/baldumarket.lt\/product\/szafka-kuchenna-dolna-3s-z-wkladem-na-sztucce-sorento-d60s3-ax-bialy-mat\/"},"modified":"2026-02-18T11:11:37","modified_gmt":"2026-02-18T08:11:37","slug":"szafka-kuchenna-dolna-3s-z-wkladem-na-sztucce-sorento-d60s3-ax-bialy-mat","status":"publish","type":"product","link":"https:\/\/baldumarket.lt\/lt\/product\/szafka-kuchenna-dolna-3s-z-wkladem-na-sztucce-sorento-d60s3-ax-bialy-mat\/","title":{"rendered":"Apatin\u0117 virtuv\u0117s spintel\u0117 3S su stalo \u012franki\u0173 \u012fd\u0117klu Sorento D60S3 AX matin\u0117s baltos spalvos"},"content":{"rendered":"<p>D\u0117l modernaus dizaino ir universalios spalv\u0173 palet\u0117s, apatin\u0117 virtuv\u0117s spintel\u0117 \u201e3S Sorento D60S3 AX\u201c suteiks j\u016bs\u0173 virtuvei unikal\u0173, eleganti\u0161k\u0105 stili\u0173. Matin\u0117s baltos spalvos MDF priekin\u0117 dalis ir laminuotas korpusas harmoningai dera prie bet kokio interjero, si\u016blydami ne tik estetin\u012f patrauklum\u0105, bet ir prakti\u0161kus sprendimus kasdieniam naudojimui. Spintel\u0117 sukurta atsi\u017evelgiant \u012f funkcionalum\u0105, derinant ry\u0161k\u0173 dizain\u0105 su utilitariniu charakteriu. Eleganti\u0161kos aukso spalvos rankenos suteikia elegancijos ir prabangos poj\u016bt\u012f. Estetika nesibaigia vien i\u0161vaizda \u2013 spintel\u0117s viduje yra funkcini\u0173 element\u0173, toki\u0173 kaip trys erdv\u016bs stal\u010diai, kuriuose puikiai sutvarkomi stalo \u012frankiai ir kiti smulk\u016bs priedai. \u012eranki\u0173 skyrius u\u017etikrina, kad kiekvienas daiktas tur\u0117t\u0173 savo viet\u0105, tod\u0117l virtuv\u0117 tampa daug tvarkingesn\u0117 ir patogesn\u0117 naudoti. Kruop\u0161\u010diai parinktas 87 cm spintel\u0117s auk\u0161tis ir reguliuojamos kojel\u0117s leid\u017eia tiksliai reguliuoti auk\u0161t\u012f pagal j\u016bs\u0173 poreikius ir u\u017etikrina stabilum\u0105 ant bet kokio pavir\u0161iaus. Pilno i\u0161traukimo stal\u010diai garantuoja lengv\u0105 prieig\u0105 prie vis\u0173 daikt\u0173, net ir t\u0173, kurie pad\u0117ti pa\u010diame gale, o \u0161velnaus u\u017edarymo funkcija u\u017etikrina patog\u0173 naudojim\u0105 ir netrukdom\u0105 ramyb\u0119 virtuv\u0117je.<\/p>","protected":false},"excerpt":{"rendered":"<p>Plotis (cm): 60<br \/>\n\u016agis (cm): 87<br \/>\nGylis (cm): 52<\/p>","protected":false},"featured_media":158507,"comment_status":"open","ping_status":"open","template":"","meta":[],"product_brand":[],"product_cat":[9436,4106],"product_tag":[],"class_list":{"0":"post-158506","1":"product","2":"type-product","3":"status-publish","4":"has-post-thumbnail","6":"product_cat-kitchen-system-sorento","7":"product_cat-gala-meble","9":"first","10":"instock","11":"purchasable","12":"product-type-simple"},"_links":{"self":[{"href":"https:\/\/baldumarket.lt\/lt\/wp-json\/wp\/v2\/product\/158506","targetHints":{"allow":["GET"]}}],"collection":[{"href":"https:\/\/baldumarket.lt\/lt\/wp-json\/wp\/v2\/product"}],"about":[{"href":"https:\/\/baldumarket.lt\/lt\/wp-json\/wp\/v2\/types\/product"}],"replies":[{"embeddable":true,"href":"https:\/\/baldumarket.lt\/lt\/wp-json\/wp\/v2\/comments?post=158506"}],"wp:featuredmedia":[{"embeddable":true,"href":"https:\/\/baldumarket.lt\/lt\/wp-json\/wp\/v2\/media\/158507"}],"wp:attachment":[{"href":"https:\/\/baldumarket.lt\/lt\/wp-json\/wp\/v2\/media?parent=158506"}],"wp:term":[{"taxonomy":"product_brand","embeddable":true,"href":"https:\/\/baldumarket.lt\/lt\/wp-json\/wp\/v2\/product_brand?post=158506"},{"taxonomy":"product_cat","embeddable":true,"href":"https:\/\/baldumarket.lt\/lt\/wp-json\/wp\/v2\/product_cat?post=158506"},{"taxonomy":"product_tag","embeddable":true,"href":"https:\/\/baldumarket.lt\/lt\/wp-json\/wp\/v2\/product_tag?post=158506"}],"curies":[{"name":"wp","href":"https:\/\/api.w.org\/{rel}","templated":true}]}}