{"id":158501,"date":"2025-12-19T00:04:33","date_gmt":"2025-12-18T21:04:33","guid":{"rendered":"https:\/\/baldumarket.lt\/product\/szafka-kuchenna-dolna-3s-z-wkladem-na-sztucce-sorento-d60s3-ax-bialy-mat-bezowy-mat\/"},"modified":"2026-02-18T11:11:37","modified_gmt":"2026-02-18T08:11:37","slug":"szafka-kuchenna-dolna-3s-z-wkladem-na-sztucce-sorento-d60s3-ax-bialy-mat-bezowy-mat","status":"publish","type":"product","link":"https:\/\/baldumarket.lt\/lt\/product\/szafka-kuchenna-dolna-3s-z-wkladem-na-sztucce-sorento-d60s3-ax-bialy-mat-bezowy-mat\/","title":{"rendered":"Apatin\u0117 virtuv\u0117s spintel\u0117 3S su stalo \u012franki\u0173 \u012fd\u0117klu Sorento D60S3 AX matin\u0117s baltos matin\u0117s sm\u0117lio spalvos"},"content":{"rendered":"<p>Matin\u0117s baltos ir sm\u0117lio spalvos \u201eSorento D60S3 AX\u201c apatin\u0117 virtuv\u0117s spintel\u0117 \u2013 tai unikalus sprendimas, kuris j\u016bs\u0173 virtuvei suteiks ne tik nepriekai\u0161tingo stiliaus, bet ir auk\u0161\u010diausio lygio funkcionalumo. \u0160ios \u201eGa\u0142a Meble\u201c spintel\u0117s dizainas \u2013 tai tobula estetikos ir prakti\u0161kumo harmonija kasdieniam naudojimui. Subtilus matinis pavir\u0161ius atrodo eleganti\u0161kai ir nesenstan\u010diai, tod\u0117l puikiai tinka moderniam virtuv\u0117s dizainui. \u201eSorento\u201c virtuv\u0117s spintel\u0117s funkcionalumas yra ne\u012ftik\u0117tinai gerai apgalvotas. Joje yra trys erdv\u016bs, pilno i\u0161traukimo stal\u010diai, u\u017etikrinantys greit\u0105 ir lengv\u0105 prieig\u0105 prie vis\u0173 virtuv\u0117s reikmen\u0173. Tylus veikimas ir \u0161velnaus u\u017edarymo mechanizmas \u017eymiai padidina komfort\u0105. \u012e komplekt\u0105 \u012feina stalo \u012franki\u0173 d\u0117klas, tod\u0117l kasdieni\u0173 daikt\u0173 organizavimas ir i\u0161d\u0117stymas yra daug lengvesnis. Modernus dizainas kartu su prakti\u0161kumu yra pagrindiniai \u0161io baldo privalumai. \u201eSorento\u201c spintel\u0117 pasi\u017eymi subtiliomis juodo metalo rankenomis, kurios puikiai kontrastuoja su \u0161viesiais fasadais. Be to, reguliuojamos kojel\u0117s leid\u017eia baldus pritaikyti prie nelygi\u0173 grind\u0173, o tai turi \u012ftakos visos konstrukcijos stabilumui ir funkcionalumui.<\/p>","protected":false},"excerpt":{"rendered":"<p>Plotis (cm): 60<br \/>\n\u016agis (cm): 87<br \/>\nGylis (cm): 52<\/p>","protected":false},"featured_media":158502,"comment_status":"open","ping_status":"open","template":"","meta":[],"product_brand":[],"product_cat":[9436,4106],"product_tag":[],"class_list":{"0":"post-158501","1":"product","2":"type-product","3":"status-publish","4":"has-post-thumbnail","6":"product_cat-kitchen-system-sorento","7":"product_cat-gala-meble","9":"first","10":"instock","11":"purchasable","12":"product-type-simple"},"_links":{"self":[{"href":"https:\/\/baldumarket.lt\/lt\/wp-json\/wp\/v2\/product\/158501","targetHints":{"allow":["GET"]}}],"collection":[{"href":"https:\/\/baldumarket.lt\/lt\/wp-json\/wp\/v2\/product"}],"about":[{"href":"https:\/\/baldumarket.lt\/lt\/wp-json\/wp\/v2\/types\/product"}],"replies":[{"embeddable":true,"href":"https:\/\/baldumarket.lt\/lt\/wp-json\/wp\/v2\/comments?post=158501"}],"wp:featuredmedia":[{"embeddable":true,"href":"https:\/\/baldumarket.lt\/lt\/wp-json\/wp\/v2\/media\/158502"}],"wp:attachment":[{"href":"https:\/\/baldumarket.lt\/lt\/wp-json\/wp\/v2\/media?parent=158501"}],"wp:term":[{"taxonomy":"product_brand","embeddable":true,"href":"https:\/\/baldumarket.lt\/lt\/wp-json\/wp\/v2\/product_brand?post=158501"},{"taxonomy":"product_cat","embeddable":true,"href":"https:\/\/baldumarket.lt\/lt\/wp-json\/wp\/v2\/product_cat?post=158501"},{"taxonomy":"product_tag","embeddable":true,"href":"https:\/\/baldumarket.lt\/lt\/wp-json\/wp\/v2\/product_tag?post=158501"}],"curies":[{"name":"wp","href":"https:\/\/api.w.org\/{rel}","templated":true}]}}