{"id":158496,"date":"2025-12-19T00:04:24","date_gmt":"2025-12-18T21:04:24","guid":{"rendered":"https:\/\/baldumarket.lt\/product\/szafka-kuchenna-dolna-3s-z-wkladem-na-sztucce-sorento-d60s3-ax-bialy-mat-puccini\/"},"modified":"2026-02-18T11:11:21","modified_gmt":"2026-02-18T08:11:21","slug":"szafka-kuchenna-dolna-3s-z-wkladem-na-sztucce-sorento-d60s3-ax-bialy-mat-puccini","status":"publish","type":"product","link":"https:\/\/baldumarket.lt\/lt\/product\/szafka-kuchenna-dolna-3s-z-wkladem-na-sztucce-sorento-d60s3-ax-bialy-mat-puccini\/","title":{"rendered":"Apatin\u0117 virtuv\u0117s spintel\u0117 3S su stalo \u012franki\u0173 \u012fd\u0117klu Sorento D60S3 AX matin\u0117s baltos spalvos Puccini"},"content":{"rendered":"<p>Elegancija ir funkcionalumas viename? B\u016btent tai ir si\u016blo garsaus \u201eGa\u0142a Meble\u201c prek\u0117s \u017eenklo \u201eSorento D60S3 AX Puccini\u201c matin\u0117s baltos spalvos apatin\u0117 virtuv\u0117s spintel\u0117 su stalo \u012franki\u0173 \u012fd\u0117klu. Tai puikus sprendimas tiems, kurie vertina modern\u0173 dizain\u0105, derinant\u012f su prakti\u0161kumu ir ergonomi\u0161ku erdv\u0117s i\u0161naudojimu. Ji pavers j\u016bs\u0173 virtuv\u0119 jaukia ir organizuota, o kasdien\u012f maisto gaminim\u0105 \u2013 tikru malonumu. Spintel\u0117 pasi\u017eymi nuostabia \u201ePuccini\u201c spalvos priekine dalimi, kuri traukia ak\u012f subtilumu ir klase. Matin\u0117s baltos spalvos korpusas suteikia interjerui gaivumo ir lengvumo, puikiai papildydamas kitus dizaino elementus. \u0160is spalv\u0173 derinys puikiai dera tiek su moderniu, tiek su klasikiniu interjeru. Juod\u0173 metalini\u0173 ranken\u0117li\u0173 naudojimas suteikia spintelei unikalaus charakterio ir elegancijos, tod\u0117l ji tampa stilingu akcentu bet kurioje virtuv\u0117je. Funkcionalum\u0105 u\u017etikrina trys prakti\u0161ki stal\u010diai, leid\u017eiantys efektyviai i\u0161naudoti erdv\u0119. Visi\u0161kas i\u0161traukimas leid\u017eia greitai pasiekti turin\u012f, tod\u0117l spintel\u0117s organizavimas ir naudojimas tampa daug lengvesni.<\/p>","protected":false},"excerpt":{"rendered":"<p>Plotis (cm): 60<br \/>\n\u016agis (cm): 87<br \/>\nGylis (cm): 52<\/p>","protected":false},"featured_media":158497,"comment_status":"open","ping_status":"open","template":"","meta":[],"product_brand":[],"product_cat":[9436,4106],"product_tag":[],"class_list":{"0":"post-158496","1":"product","2":"type-product","3":"status-publish","4":"has-post-thumbnail","6":"product_cat-kitchen-system-sorento","7":"product_cat-gala-meble","9":"first","10":"instock","11":"purchasable","12":"product-type-simple"},"_links":{"self":[{"href":"https:\/\/baldumarket.lt\/lt\/wp-json\/wp\/v2\/product\/158496","targetHints":{"allow":["GET"]}}],"collection":[{"href":"https:\/\/baldumarket.lt\/lt\/wp-json\/wp\/v2\/product"}],"about":[{"href":"https:\/\/baldumarket.lt\/lt\/wp-json\/wp\/v2\/types\/product"}],"replies":[{"embeddable":true,"href":"https:\/\/baldumarket.lt\/lt\/wp-json\/wp\/v2\/comments?post=158496"}],"wp:featuredmedia":[{"embeddable":true,"href":"https:\/\/baldumarket.lt\/lt\/wp-json\/wp\/v2\/media\/158497"}],"wp:attachment":[{"href":"https:\/\/baldumarket.lt\/lt\/wp-json\/wp\/v2\/media?parent=158496"}],"wp:term":[{"taxonomy":"product_brand","embeddable":true,"href":"https:\/\/baldumarket.lt\/lt\/wp-json\/wp\/v2\/product_brand?post=158496"},{"taxonomy":"product_cat","embeddable":true,"href":"https:\/\/baldumarket.lt\/lt\/wp-json\/wp\/v2\/product_cat?post=158496"},{"taxonomy":"product_tag","embeddable":true,"href":"https:\/\/baldumarket.lt\/lt\/wp-json\/wp\/v2\/product_tag?post=158496"}],"curies":[{"name":"wp","href":"https:\/\/api.w.org\/{rel}","templated":true}]}}