{"id":158489,"date":"2025-12-19T00:04:09","date_gmt":"2025-12-18T21:04:09","guid":{"rendered":"https:\/\/baldumarket.lt\/product\/szafka-kuchenna-dolna-3s-z-wkladem-na-sztucce-sorento-d60s3-ax-puccini\/"},"modified":"2026-02-18T11:11:21","modified_gmt":"2026-02-18T08:11:21","slug":"szafka-kuchenna-dolna-3s-z-wkladem-na-sztucce-sorento-d60s3-ax-puccini","status":"publish","type":"product","link":"https:\/\/baldumarket.lt\/lt\/product\/szafka-kuchenna-dolna-3s-z-wkladem-na-sztucce-sorento-d60s3-ax-puccini\/","title":{"rendered":"Apatin\u0117 virtuv\u0117s spintel\u0117 3S su stalo \u012franki\u0173 \u012fd\u0117klu Sorento D60S3 AX Puccini"},"content":{"rendered":"<p>\u201eSorento D60S3 AX Puccini\u201c apatin\u0117 virtuv\u0117s spintel\u0117 su stalo \u012franki\u0173 \u012fd\u0117klu (3S) \u2013 puikus pasirinkimas tiems, kurie nori savo virtuv\u0117je derinti elegancij\u0105 ir funkcionalum\u0105. Unikalus \u201ePuccini\u201c spalv\u0173 dizainas paver\u010dia j\u0105 j\u016bs\u0173 virtuv\u0117s traukos centru. Subtilios juodos metalin\u0117s ranken\u0117l\u0117s gra\u017eiai kontrastuoja su laminuotais fasadais, suteikdamos modernumo. \u0160i spintel\u0117 buvo sukurta atsi\u017evelgiant \u012f paprast\u0105 naudojim\u0105. Trys erdv\u016bs stal\u010diai \u2013 puikus sprendimas \u012fvairiems daiktams laikyti \u2013 nuo stalo \u012franki\u0173 iki virtuv\u0117s pried\u0173. Integruotas stalo \u012franki\u0173 \u012fd\u0117klas padeda palaikyti tvark\u0105 ir organizuotum\u0105, tod\u0117l kasdien\u0117s virtuv\u0117s u\u017eduotys tampa daug lengvesn\u0117s. D\u0117l reguliuojam\u0173 kojeli\u0173, kuri\u0173 auk\u0161t\u012f galima reguliuoti iki 15 cm, spintel\u0117 lengvai tilps \u012f j\u016bs\u0173 interjer\u0105, u\u017etikrindama stabilum\u0105 net ant nelygaus pavir\u0161iaus. Be to, tyl\u016bs, pilno i\u0161traukimo b\u0117geliai garantuoja patog\u0173 naudojim\u0105, pa\u0161alindami nereikaling\u0105 triuk\u0161m\u0105 atidarant ir u\u017edarant stal\u010dius. \u0160is sprendimas padidina baldo funkcionalum\u0105, tod\u0117l jis yra itin prakti\u0161kas.<\/p>","protected":false},"excerpt":{"rendered":"<p>Plotis (cm): 60<br \/>\n\u016agis (cm): 87<br \/>\nGylis (cm): 52<\/p>","protected":false},"featured_media":158490,"comment_status":"open","ping_status":"open","template":"","meta":[],"product_brand":[],"product_cat":[9436,4106],"product_tag":[],"class_list":{"0":"post-158489","1":"product","2":"type-product","3":"status-publish","4":"has-post-thumbnail","6":"product_cat-kitchen-system-sorento","7":"product_cat-gala-meble","9":"first","10":"instock","11":"purchasable","12":"product-type-simple"},"_links":{"self":[{"href":"https:\/\/baldumarket.lt\/lt\/wp-json\/wp\/v2\/product\/158489","targetHints":{"allow":["GET"]}}],"collection":[{"href":"https:\/\/baldumarket.lt\/lt\/wp-json\/wp\/v2\/product"}],"about":[{"href":"https:\/\/baldumarket.lt\/lt\/wp-json\/wp\/v2\/types\/product"}],"replies":[{"embeddable":true,"href":"https:\/\/baldumarket.lt\/lt\/wp-json\/wp\/v2\/comments?post=158489"}],"wp:featuredmedia":[{"embeddable":true,"href":"https:\/\/baldumarket.lt\/lt\/wp-json\/wp\/v2\/media\/158490"}],"wp:attachment":[{"href":"https:\/\/baldumarket.lt\/lt\/wp-json\/wp\/v2\/media?parent=158489"}],"wp:term":[{"taxonomy":"product_brand","embeddable":true,"href":"https:\/\/baldumarket.lt\/lt\/wp-json\/wp\/v2\/product_brand?post=158489"},{"taxonomy":"product_cat","embeddable":true,"href":"https:\/\/baldumarket.lt\/lt\/wp-json\/wp\/v2\/product_cat?post=158489"},{"taxonomy":"product_tag","embeddable":true,"href":"https:\/\/baldumarket.lt\/lt\/wp-json\/wp\/v2\/product_tag?post=158489"}],"curies":[{"name":"wp","href":"https:\/\/api.w.org\/{rel}","templated":true}]}}