{"id":158484,"date":"2025-12-19T00:03:58","date_gmt":"2025-12-18T21:03:58","guid":{"rendered":"https:\/\/baldumarket.lt\/product\/szafka-kuchenna-dolna-3s-z-wkladem-na-sztucce-sorento-d60s3-ax-puccini-bezowy-mat\/"},"modified":"2026-02-18T11:11:21","modified_gmt":"2026-02-18T08:11:21","slug":"szafka-kuchenna-dolna-3s-z-wkladem-na-sztucce-sorento-d60s3-ax-puccini-bezowy-mat","status":"publish","type":"product","link":"https:\/\/baldumarket.lt\/lt\/product\/szafka-kuchenna-dolna-3s-z-wkladem-na-sztucce-sorento-d60s3-ax-puccini-bezowy-mat\/","title":{"rendered":"Apatin\u0117 virtuv\u0117s spintel\u0117 3S su stalo \u012franki\u0173 \u012fd\u0117klu Sorento D60S3 AX Puccini matin\u0117s sm\u0117lio spalvos"},"content":{"rendered":"<p>Atraskite \u0161i\u0105 unikali\u0105 \u201eSorento\u201c kolekcijos virtuv\u0117s spintel\u0119, kuri harmoningai derina modernum\u0105 ir elegancij\u0105. Matinis sm\u0117lio spalvos fasadas su subtilia, subtilia apdaila puikiai papildo \u201ePuccini\u201c atspalv\u012f, sukurdamas rafinuot\u0105 erdv\u0119 j\u016bs\u0173 virtuv\u0117je. \u0160i estetika suteikia interjerui \u0161ilumos ir jaukumo, subtiliai pabr\u0117\u017edama bet kokio i\u0161d\u0117stymo charakter\u012f. \u0160ios spintel\u0117s prakti\u0161kumas bus \u012fvertintas kasdien naudojant. Trys erdv\u016bs, pilno i\u0161traukimo stal\u010diai suteikia greit\u0105 ir lengv\u0105 prieig\u0105 prie viso turinio. \u012eranki\u0173 d\u0117klas viename i\u0161 stal\u010di\u0173 yra apgalvotas sprendimas, kuris pad\u0117s jums palaikyti tvark\u0105 ir organizuotum\u0105 j\u016bs\u0173 virtuv\u0117je. \u0160velnus u\u017edarymo mechanizmas garantuoja komfort\u0105, tod\u0117l kasdien\u0117 veikla tampa malonumu. \u0160i spintel\u0117 pagaminta i\u0161 patvarios laminuotos plok\u0161t\u0117s, u\u017etikrinan\u010dios jos ilgaam\u017ei\u0161kum\u0105 ir atsparum\u0105 pa\u017eeidimams. Juodos metalin\u0117s rankenos suteikia modernumo ir funkcionalumo bei stiliaus. D\u0117l reguliuojam\u0173 kojeli\u0173, kuri\u0173 ilgis siekia iki 170 mm, galite reguliuoti spintel\u0117s auk\u0161t\u012f pagal savo poreikius, o tai \u017eymiai padidina naudojimo patogum\u0105.<\/p>","protected":false},"excerpt":{"rendered":"<p>Plotis (cm): 60<br \/>\n\u016agis (cm): 87<br \/>\nGylis (cm): 52<\/p>","protected":false},"featured_media":158485,"comment_status":"open","ping_status":"open","template":"","meta":[],"product_brand":[],"product_cat":[9436,4106],"product_tag":[],"class_list":{"0":"post-158484","1":"product","2":"type-product","3":"status-publish","4":"has-post-thumbnail","6":"product_cat-kitchen-system-sorento","7":"product_cat-gala-meble","9":"first","10":"instock","11":"purchasable","12":"product-type-simple"},"_links":{"self":[{"href":"https:\/\/baldumarket.lt\/lt\/wp-json\/wp\/v2\/product\/158484","targetHints":{"allow":["GET"]}}],"collection":[{"href":"https:\/\/baldumarket.lt\/lt\/wp-json\/wp\/v2\/product"}],"about":[{"href":"https:\/\/baldumarket.lt\/lt\/wp-json\/wp\/v2\/types\/product"}],"replies":[{"embeddable":true,"href":"https:\/\/baldumarket.lt\/lt\/wp-json\/wp\/v2\/comments?post=158484"}],"wp:featuredmedia":[{"embeddable":true,"href":"https:\/\/baldumarket.lt\/lt\/wp-json\/wp\/v2\/media\/158485"}],"wp:attachment":[{"href":"https:\/\/baldumarket.lt\/lt\/wp-json\/wp\/v2\/media?parent=158484"}],"wp:term":[{"taxonomy":"product_brand","embeddable":true,"href":"https:\/\/baldumarket.lt\/lt\/wp-json\/wp\/v2\/product_brand?post=158484"},{"taxonomy":"product_cat","embeddable":true,"href":"https:\/\/baldumarket.lt\/lt\/wp-json\/wp\/v2\/product_cat?post=158484"},{"taxonomy":"product_tag","embeddable":true,"href":"https:\/\/baldumarket.lt\/lt\/wp-json\/wp\/v2\/product_tag?post=158484"}],"curies":[{"name":"wp","href":"https:\/\/api.w.org\/{rel}","templated":true}]}}