{"id":158477,"date":"2025-12-19T00:03:43","date_gmt":"2025-12-18T21:03:43","guid":{"rendered":"https:\/\/baldumarket.lt\/product\/szafka-kuchenna-dolna-3s-z-wkladem-na-sztucce-sorento-d60s3-ax-puccini-bialy-mat-ramka\/"},"modified":"2026-02-18T11:11:21","modified_gmt":"2026-02-18T08:11:21","slug":"szafka-kuchenna-dolna-3s-z-wkladem-na-sztucce-sorento-d60s3-ax-puccini-bialy-mat-ramka","status":"publish","type":"product","link":"https:\/\/baldumarket.lt\/lt\/product\/szafka-kuchenna-dolna-3s-z-wkladem-na-sztucce-sorento-d60s3-ax-puccini-bialy-mat-ramka\/","title":{"rendered":"Apatin\u0117 virtuv\u0117s spintel\u0117 3S su stalo \u012franki\u0173 \u012fd\u0117klu Sorento D60S3 AX Puccini matin\u0117s baltos spalvos r\u0117meliu"},"content":{"rendered":"<p>Atraskite harmoning\u0105 modernumo ir funkcionalumo derin\u012f su 3S Sorento D60S3 AX virtuv\u0117s spintele. Jos matin\u0117s baltos spalvos priekis papildo eleganti\u0161k\u0105 Puccini korpuso spalv\u0105, sukurdamas stiling\u0105 akcent\u0105 bet kurioje virtuv\u0117je. Subtilios auksin\u0117s metalin\u0117s ranken\u0117l\u0117s suteikia interjerui prabangos, i\u0161ry\u0161kindamos unikal\u0173 bald\u0173 dizain\u0105. J\u016bs\u0173 komfortas ir patogumas yra prioritetas, tod\u0117l spintel\u0117je yra trys prakti\u0161ki stal\u010diai, leid\u017eiantys efektyviai i\u0161naudoti erdv\u0119. Pilno i\u0161traukimo b\u0117geliai suteikia lengv\u0105 prieig\u0105 prie turinio, kad b\u016bt\u0173 kuo patogiau. Be to, pridedamas stalo \u012franki\u0173 skyrelis padeda stal\u010diuose palaikyti tvark\u0105 ir tvark\u0105. Unikalus stilius dera su funkcionalumu. D\u0117l reguliuojamo auk\u0161\u010dio kojeli\u0173, kuri\u0173 auk\u0161tis siekia nuo 15 iki 17 cm, spintel\u0119 galite lengvai pritaikyti prie savo poreiki\u0173 ir \u012fvairi\u0173 grind\u0173 pavir\u0161i\u0173. Tai ne tik supaprastina surinkim\u0105, bet ir u\u017etikrina didesn\u012f stabilum\u0105 bei ilgaam\u017ei\u0161kum\u0105.<\/p>","protected":false},"excerpt":{"rendered":"<p>Plotis (cm): 60<br \/>\n\u016agis (cm): 87<br \/>\nGylis (cm): 52<\/p>","protected":false},"featured_media":158478,"comment_status":"open","ping_status":"open","template":"","meta":[],"product_brand":[],"product_cat":[9436,4106],"product_tag":[],"class_list":{"0":"post-158477","1":"product","2":"type-product","3":"status-publish","4":"has-post-thumbnail","6":"product_cat-kitchen-system-sorento","7":"product_cat-gala-meble","9":"first","10":"instock","11":"purchasable","12":"product-type-simple"},"_links":{"self":[{"href":"https:\/\/baldumarket.lt\/lt\/wp-json\/wp\/v2\/product\/158477","targetHints":{"allow":["GET"]}}],"collection":[{"href":"https:\/\/baldumarket.lt\/lt\/wp-json\/wp\/v2\/product"}],"about":[{"href":"https:\/\/baldumarket.lt\/lt\/wp-json\/wp\/v2\/types\/product"}],"replies":[{"embeddable":true,"href":"https:\/\/baldumarket.lt\/lt\/wp-json\/wp\/v2\/comments?post=158477"}],"wp:featuredmedia":[{"embeddable":true,"href":"https:\/\/baldumarket.lt\/lt\/wp-json\/wp\/v2\/media\/158478"}],"wp:attachment":[{"href":"https:\/\/baldumarket.lt\/lt\/wp-json\/wp\/v2\/media?parent=158477"}],"wp:term":[{"taxonomy":"product_brand","embeddable":true,"href":"https:\/\/baldumarket.lt\/lt\/wp-json\/wp\/v2\/product_brand?post=158477"},{"taxonomy":"product_cat","embeddable":true,"href":"https:\/\/baldumarket.lt\/lt\/wp-json\/wp\/v2\/product_cat?post=158477"},{"taxonomy":"product_tag","embeddable":true,"href":"https:\/\/baldumarket.lt\/lt\/wp-json\/wp\/v2\/product_tag?post=158477"}],"curies":[{"name":"wp","href":"https:\/\/api.w.org\/{rel}","templated":true}]}}