{"id":158473,"date":"2025-12-19T00:03:35","date_gmt":"2025-12-18T21:03:35","guid":{"rendered":"https:\/\/baldumarket.lt\/product\/szafka-kuchenna-dolna-4-szuflady-aspen-d40s4-aspen-white-bialy-polysk\/"},"modified":"2026-02-18T11:30:50","modified_gmt":"2026-02-18T08:30:50","slug":"szafka-kuchenna-dolna-4-szuflady-aspen-d40s4-aspen-white-bialy-polysk","status":"publish","type":"product","link":"https:\/\/baldumarket.lt\/lt\/product\/szafka-kuchenna-dolna-4-szuflady-aspen-d40s4-aspen-white-bialy-polysk\/","title":{"rendered":"Aspen D40S4 Aspen balta blizgi apatin\u0117 virtuv\u0117s spintel\u0117 su 4 stal\u010diais"},"content":{"rendered":"<p>\u201eAspen D40S4\u201c apatin\u0117 spintel\u0117 \u2013 tai tobulas modernaus stiliaus ir funkcionalumo derinys, puikiai tinkantis bet kuriai virtuvei. Jos blizgi balta priekin\u0117 dalis traukia d\u0117mes\u012f, suteikia elegancijos ir gaivumo, kuris praskaidrina interjer\u0105. Paprastas, bet stilingas dizainas puikiai papildo dabartines dizaino tendencijas.<\/p>\n<p>D\u0117l keturi\u0173 erdvi\u0173 stal\u010di\u0173 \u201eAspen D40S4\u201c apatin\u0117 spintel\u0117 suteikia daug vietos virtuv\u0117s reikmenims susid\u0117ti. Prakti\u0161kumas dera su estetika \u2013 ry\u0161kus, matin\u0117s baltos spalvos korpusas suteikia lengvumo, vizualiai neu\u017egriozdindamas virtuv\u0117s erdv\u0117s. Tai puikus sprendimas tiems, kurie vertina tvark\u0105 ir organizuotum\u0105.<\/p>\n<p>Spintel\u0117 pagaminta i\u0161 auk\u0161tos kokyb\u0117s med\u017eiag\u0173, u\u017etikrinan\u010di\u0173 jos patvarum\u0105 ir tvirtum\u0105. MDF fasadai kartu su laminuotos plok\u0161t\u0117s korpusu sukuria tvirt\u0105 konstrukcij\u0105, kuri atlaikys kasdien\u012f naudojim\u0105. Reguliuojamos kojel\u0117s leid\u017eia reguliuoti auk\u0161t\u012f, tod\u0117l spintel\u0117 puikiai dera su likusia virtuv\u0117s erdve.<\/p>\n<p>Papildomas privalumas \u2013 savaime u\u017esidarantys b\u0117geliai, kurie padidina naudojimo paprastum\u0105, u\u017etikrindami tyl\u0173 ir skland\u0173 stal\u010di\u0173 jud\u0117jim\u0105. Surinkimas yra intuityvus ir nereikalauja speciali\u0173 \u012franki\u0173, tod\u0117l bet kuri virtuv\u0117 gali greitai \u012fgyti modern\u0173 ir funkcional\u0173 akcent\u0105 su \u201eAspen D40S4\u201c virtuv\u0117s spintele i\u0161 \u201eGa\u0142a Meble\u201c kolekcijos. Tai puikus sprendimas tiems, kurie nori savo virtuv\u0117s erdvei suteikti elegancijos ir gaivumo.<\/p>","protected":false},"excerpt":{"rendered":"<p>Plotis (cm): 40<br \/>\n\u016agis (cm): 82<br \/>\nGylis (cm): 47<\/p>","protected":false},"featured_media":158474,"comment_status":"open","ping_status":"open","template":"","meta":[],"product_brand":[],"product_cat":[9445,4106],"product_tag":[],"class_list":{"0":"post-158473","1":"product","2":"type-product","3":"status-publish","4":"has-post-thumbnail","6":"product_cat-kitchen-system-aspen-white","7":"product_cat-gala-meble","9":"first","10":"instock","11":"purchasable","12":"product-type-simple"},"_links":{"self":[{"href":"https:\/\/baldumarket.lt\/lt\/wp-json\/wp\/v2\/product\/158473","targetHints":{"allow":["GET"]}}],"collection":[{"href":"https:\/\/baldumarket.lt\/lt\/wp-json\/wp\/v2\/product"}],"about":[{"href":"https:\/\/baldumarket.lt\/lt\/wp-json\/wp\/v2\/types\/product"}],"replies":[{"embeddable":true,"href":"https:\/\/baldumarket.lt\/lt\/wp-json\/wp\/v2\/comments?post=158473"}],"wp:featuredmedia":[{"embeddable":true,"href":"https:\/\/baldumarket.lt\/lt\/wp-json\/wp\/v2\/media\/158474"}],"wp:attachment":[{"href":"https:\/\/baldumarket.lt\/lt\/wp-json\/wp\/v2\/media?parent=158473"}],"wp:term":[{"taxonomy":"product_brand","embeddable":true,"href":"https:\/\/baldumarket.lt\/lt\/wp-json\/wp\/v2\/product_brand?post=158473"},{"taxonomy":"product_cat","embeddable":true,"href":"https:\/\/baldumarket.lt\/lt\/wp-json\/wp\/v2\/product_cat?post=158473"},{"taxonomy":"product_tag","embeddable":true,"href":"https:\/\/baldumarket.lt\/lt\/wp-json\/wp\/v2\/product_tag?post=158473"}],"curies":[{"name":"wp","href":"https:\/\/api.w.org\/{rel}","templated":true}]}}