{"id":158468,"date":"2025-12-19T00:03:25","date_gmt":"2025-12-18T21:03:25","guid":{"rendered":"https:\/\/baldumarket.lt\/product\/szafka-kuchenna-dolna-4-szuflady-d40s4-aspen-grey-szary-polysk\/"},"modified":"2026-02-08T10:19:26","modified_gmt":"2026-02-08T07:19:26","slug":"szafka-kuchenna-dolna-4-szuflady-d40s4-aspen-grey-szary-polysk","status":"publish","type":"product","link":"https:\/\/baldumarket.lt\/lt\/product\/szafka-kuchenna-dolna-4-szuflady-d40s4-aspen-grey-szary-polysk\/","title":{"rendered":"Apatin\u0117 virtuv\u0117s spintel\u0117 su 4 stal\u010diais, D40S4, drebul\u0117s pilkumo blizgesys"},"content":{"rendered":"<p>Perkelkite savo virtuv\u0117s erdv\u0119 \u012f nauj\u0105 er\u0105 su \u201eAspen Grey\u201c apatine spintele. Eleganti\u0161kas, blizgus pilkas priekis suteiks j\u016bs\u0173 interjerui nenugalim\u0105 modernumo ir stiliaus prisilietim\u0105. Nesvarbu, ar kuriate minimalistin\u0119, ar jauki\u0105 erdv\u0119, \u0161i spintel\u0117 puikiai atitiks j\u016bs\u0173 estetik\u0105. \u0160ios \u201eGa\u0142a Meble\u201c spintel\u0117s funkcionalumas derina modern\u0173 stili\u0173 ir kasdien\u012f prakti\u0161kum\u0105. Keturi erdv\u016bs stal\u010diai suteikia daug vietos daiktams susid\u0117ti, tod\u0117l virtuv\u0117s organizavimas tampa dar lengvesnis. Tyl\u016bs, savaime u\u017esidarantys b\u0117geliai \u2013 tai prabanga, kuri\u0105 \u012fvertins kiekvienas kasdien gamindamas maist\u0105. Ta\u010diau tai dar ne viskas! Matinis baltas korpusas suteikia lengvumo ir sukuria harmoning\u0105 kontrast\u0105 su blizgiu priekiu, suteikdamas visai spintelei unikaliai eleganti\u0161k\u0105 i\u0161vaizd\u0105. Reguliuojamos kojel\u0117s leid\u017eia reguliuoti spintel\u0117s auk\u0161t\u012f, u\u017etikrinant tobul\u0105 der\u0117jim\u0105 prie likusios j\u016bs\u0173 virtuv\u0117s dalies. D\u0117l \u0161i\u0173 savybi\u0173 \u0161i spintel\u0117 si\u016blo ne tik puiki\u0105 i\u0161vaizd\u0105, bet ir komfort\u0105.<\/p>","protected":false},"excerpt":{"rendered":"<p>Plotis (cm): 40<br \/>\n\u016agis (cm): 82<br \/>\nGylis (cm): 47<\/p>","protected":false},"featured_media":158469,"comment_status":"open","ping_status":"open","template":"","meta":[],"product_brand":[],"product_cat":[9451,4106,9118],"product_tag":[],"class_list":{"0":"post-158468","1":"product","2":"type-product","3":"status-publish","4":"has-post-thumbnail","6":"product_cat-kitchen-system-aspen-grey","7":"product_cat-gala-meble","8":"product_cat-kitchen-cabinets","10":"first","11":"instock","12":"purchasable","13":"product-type-simple"},"_links":{"self":[{"href":"https:\/\/baldumarket.lt\/lt\/wp-json\/wp\/v2\/product\/158468","targetHints":{"allow":["GET"]}}],"collection":[{"href":"https:\/\/baldumarket.lt\/lt\/wp-json\/wp\/v2\/product"}],"about":[{"href":"https:\/\/baldumarket.lt\/lt\/wp-json\/wp\/v2\/types\/product"}],"replies":[{"embeddable":true,"href":"https:\/\/baldumarket.lt\/lt\/wp-json\/wp\/v2\/comments?post=158468"}],"wp:featuredmedia":[{"embeddable":true,"href":"https:\/\/baldumarket.lt\/lt\/wp-json\/wp\/v2\/media\/158469"}],"wp:attachment":[{"href":"https:\/\/baldumarket.lt\/lt\/wp-json\/wp\/v2\/media?parent=158468"}],"wp:term":[{"taxonomy":"product_brand","embeddable":true,"href":"https:\/\/baldumarket.lt\/lt\/wp-json\/wp\/v2\/product_brand?post=158468"},{"taxonomy":"product_cat","embeddable":true,"href":"https:\/\/baldumarket.lt\/lt\/wp-json\/wp\/v2\/product_cat?post=158468"},{"taxonomy":"product_tag","embeddable":true,"href":"https:\/\/baldumarket.lt\/lt\/wp-json\/wp\/v2\/product_tag?post=158468"}],"curies":[{"name":"wp","href":"https:\/\/api.w.org\/{rel}","templated":true}]}}