{"id":158463,"date":"2025-12-19T00:03:15","date_gmt":"2025-12-18T21:03:15","guid":{"rendered":"https:\/\/baldumarket.lt\/product\/szafka-kuchenna-dolna-4-szuflady-d40s4-linea-grey-szary-mat\/"},"modified":"2026-02-18T11:34:34","modified_gmt":"2026-02-18T08:34:34","slug":"szafka-kuchenna-dolna-4-szuflady-d40s4-linea-grey-szary-mat","status":"publish","type":"product","link":"https:\/\/baldumarket.lt\/lt\/product\/szafka-kuchenna-dolna-4-szuflady-d40s4-linea-grey-szary-mat\/","title":{"rendered":"Apatin\u0117 virtuv\u0117s spintel\u0117 su 4 stal\u010diais, D40S4, \u201eLinea\u201c, pilka matin\u0117"},"content":{"rendered":"<p>Su \u201eLinea Grey\u201c keturi\u0173 stal\u010di\u0173 apatine spintele suteikite savo virtuvei modernaus elegancijos. \u0160i unikali, blizgi pilka spintel\u0117 puikiai dera prie \u012fvairi\u0173 interjero stili\u0173, suteikdama erdvei rafinuotumo. Pilkas fasad\u0173 atspalvis kontrastuoja su klasikine balta matinio pavir\u0161iaus apdaila, sukurdamas darni\u0105 ir mading\u0105 estetik\u0105, kuri suteiks bet kuriai virtuvei \u017eavesio. Kasdienis \u0161io baldo funkcionalumas buvo kruop\u0161\u010diai apgalvotas iki smulkiausi\u0173 detali\u0173. Keturi erdv\u016bs stal\u010diai suteikia pakankamai vietos visiems j\u016bs\u0173 virtuv\u0117s priedams ir nieku\u010diams, u\u017etikrindami, kad visada viskas b\u016bt\u0173 po ranka. Savaime u\u017esidarantys b\u0117geliai leid\u017eia stal\u010dius naudoti itin patogiai, o mechanizmas u\u017etikrina tyl\u0173 ir skland\u0173 u\u017edarym\u0105. \u201eLinea Grey\u201c virtuv\u0117s spintel\u0117 buvo sukurta atsi\u017evelgiant \u012f \u012fvairius naudotoj\u0173 poreikius. Reguliuojamos kojel\u0117s leid\u017eia lengvai reguliuoti spintel\u0117s auk\u0161t\u012f pagal savo poreikius, u\u017etikrinant ne tik estetin\u0119 i\u0161vaizd\u0105, bet ir ergonomi\u0161k\u0105 veikim\u0105. Tai puikus pasirinkimas tiek tiems, kurie vertina modernius sprendimus, tiek tiems, kurie ie\u0161ko prakti\u0161k\u0173 virtuv\u0117s bald\u0173.<\/p>","protected":false},"excerpt":{"rendered":"<p>Plotis (cm): 40<br \/>\n\u016agis (cm): 82<br \/>\nGylis (cm): 47<\/p>","protected":false},"featured_media":158464,"comment_status":"open","ping_status":"open","template":"","meta":[],"product_brand":[],"product_cat":[9446,4106],"product_tag":[],"class_list":{"0":"post-158463","1":"product","2":"type-product","3":"status-publish","4":"has-post-thumbnail","6":"product_cat-kitchen-system-linea-white","7":"product_cat-gala-meble","9":"first","10":"instock","11":"purchasable","12":"product-type-simple"},"_links":{"self":[{"href":"https:\/\/baldumarket.lt\/lt\/wp-json\/wp\/v2\/product\/158463","targetHints":{"allow":["GET"]}}],"collection":[{"href":"https:\/\/baldumarket.lt\/lt\/wp-json\/wp\/v2\/product"}],"about":[{"href":"https:\/\/baldumarket.lt\/lt\/wp-json\/wp\/v2\/types\/product"}],"replies":[{"embeddable":true,"href":"https:\/\/baldumarket.lt\/lt\/wp-json\/wp\/v2\/comments?post=158463"}],"wp:featuredmedia":[{"embeddable":true,"href":"https:\/\/baldumarket.lt\/lt\/wp-json\/wp\/v2\/media\/158464"}],"wp:attachment":[{"href":"https:\/\/baldumarket.lt\/lt\/wp-json\/wp\/v2\/media?parent=158463"}],"wp:term":[{"taxonomy":"product_brand","embeddable":true,"href":"https:\/\/baldumarket.lt\/lt\/wp-json\/wp\/v2\/product_brand?post=158463"},{"taxonomy":"product_cat","embeddable":true,"href":"https:\/\/baldumarket.lt\/lt\/wp-json\/wp\/v2\/product_cat?post=158463"},{"taxonomy":"product_tag","embeddable":true,"href":"https:\/\/baldumarket.lt\/lt\/wp-json\/wp\/v2\/product_tag?post=158463"}],"curies":[{"name":"wp","href":"https:\/\/api.w.org\/{rel}","templated":true}]}}