{"id":158458,"date":"2025-12-19T00:03:05","date_gmt":"2025-12-18T21:03:05","guid":{"rendered":"https:\/\/baldumarket.lt\/product\/szafka-kuchenna-dolna-4-szuflady-d40s4-linea-white-bialy-mat\/"},"modified":"2026-02-18T11:34:34","modified_gmt":"2026-02-18T08:34:34","slug":"szafka-kuchenna-dolna-4-szuflady-d40s4-linea-white-bialy-mat","status":"publish","type":"product","link":"https:\/\/baldumarket.lt\/lt\/product\/szafka-kuchenna-dolna-4-szuflady-d40s4-linea-white-bialy-mat\/","title":{"rendered":"Apatin\u0117 virtuv\u0117s spintel\u0117 su 4 stal\u010diais, D40S4, \u201eLinea\u201c, matin\u0117 balta"},"content":{"rendered":"<p>Pakelkite savo virtuv\u0119 \u012f kit\u0105 elegancijos lyg\u012f su garsaus \u201eGa\u0142a Meble\u201c prek\u0117s \u017eenklo \u201eLinea White\u201c pagrindine spintele. \u0160i unikali matin\u0117s baltos spalvos virtuv\u0117s spintel\u0117 pasi\u017eymi moderniu ir minimalistiniu dizainu, kuris puikiai der\u0117s prie bet kokio interjero. Auksin\u0117s ranken\u0117l\u0117s suteikia prabangos, sukurdamos unikal\u0173 derin\u012f su pagrindine balta spalva. Pagaminta i\u0161 auk\u0161tos kokyb\u0117s med\u017eiag\u0173, toki\u0173 kaip MDF ir laminuota plok\u0161t\u0117, \u0161i spintel\u0117 yra ne tik esteti\u0161kai patraukli, bet ir ne\u012ftik\u0117tinai patvari. Matin\u0117 fasad\u0173 apdaila suteikia jai eleganti\u0161k\u0105 i\u0161vaizd\u0105, kartu u\u017etikrindama lengv\u0105 valym\u0105 ir prie\u017ei\u016br\u0105. Puikus pasirinkimas tiems, kurie vertina prakti\u0161kum\u0105 kartu su dizainerio i\u0161vaizda. D\u0117l keturi\u0173 erdvi\u0173 stal\u010di\u0173 \u201eLinea White\u201c virtuv\u0117s spintel\u0117 suteikia daug vietos daiktams susid\u0117ti, pad\u0117dama jums sutvarkyti virtuv\u0119 funkcionaliai ir esteti\u0161kai patraukliai. \u0160velnaus u\u017edarymo mechanizmas garantuoja patog\u0173 naudojim\u0105 \u2013 daugiau jokio stal\u010di\u0173 trankymo ir nereikalingo triuk\u0161mo. Be to, reguliuojamos kojel\u0117s leid\u017eia reguliuoti spintel\u0117s auk\u0161t\u012f pagal individualius poreikius, o tai ypa\u010d naudinga ant nelygi\u0173 grind\u0173.<\/p>","protected":false},"excerpt":{"rendered":"<p>Plotis (cm): 40<br \/>\n\u016agis (cm): 82<br \/>\nGylis (cm): 47<\/p>","protected":false},"featured_media":158459,"comment_status":"open","ping_status":"open","template":"","meta":[],"product_brand":[],"product_cat":[9446,4106],"product_tag":[],"class_list":{"0":"post-158458","1":"product","2":"type-product","3":"status-publish","4":"has-post-thumbnail","6":"product_cat-kitchen-system-linea-white","7":"product_cat-gala-meble","9":"first","10":"instock","11":"purchasable","12":"product-type-simple"},"_links":{"self":[{"href":"https:\/\/baldumarket.lt\/lt\/wp-json\/wp\/v2\/product\/158458","targetHints":{"allow":["GET"]}}],"collection":[{"href":"https:\/\/baldumarket.lt\/lt\/wp-json\/wp\/v2\/product"}],"about":[{"href":"https:\/\/baldumarket.lt\/lt\/wp-json\/wp\/v2\/types\/product"}],"replies":[{"embeddable":true,"href":"https:\/\/baldumarket.lt\/lt\/wp-json\/wp\/v2\/comments?post=158458"}],"wp:featuredmedia":[{"embeddable":true,"href":"https:\/\/baldumarket.lt\/lt\/wp-json\/wp\/v2\/media\/158459"}],"wp:attachment":[{"href":"https:\/\/baldumarket.lt\/lt\/wp-json\/wp\/v2\/media?parent=158458"}],"wp:term":[{"taxonomy":"product_brand","embeddable":true,"href":"https:\/\/baldumarket.lt\/lt\/wp-json\/wp\/v2\/product_brand?post=158458"},{"taxonomy":"product_cat","embeddable":true,"href":"https:\/\/baldumarket.lt\/lt\/wp-json\/wp\/v2\/product_cat?post=158458"},{"taxonomy":"product_tag","embeddable":true,"href":"https:\/\/baldumarket.lt\/lt\/wp-json\/wp\/v2\/product_tag?post=158458"}],"curies":[{"name":"wp","href":"https:\/\/api.w.org\/{rel}","templated":true}]}}