{"id":158452,"date":"2025-12-19T00:02:53","date_gmt":"2025-12-18T21:02:53","guid":{"rendered":"https:\/\/baldumarket.lt\/product\/szafka-kuchenna-dolna-4-szuflady-d40s4-prowansja-sosna-andersen-bialy-mat\/"},"modified":"2026-02-06T14:45:58","modified_gmt":"2026-02-06T11:45:58","slug":"szafka-kuchenna-dolna-4-szuflady-d40s4-prowansja-sosna-andersen-bialy-mat","status":"publish","type":"product","link":"https:\/\/baldumarket.lt\/lt\/product\/szafka-kuchenna-dolna-4-szuflady-d40s4-prowansja-sosna-andersen-bialy-mat\/","title":{"rendered":"Apatin\u0117 virtuv\u0117s spintel\u0117 su 4 stal\u010diais, D40S4, provanso pu\u0161is, Andersen balta matin\u0117"},"content":{"rendered":"<p>Sukurkite ideali\u0105 virtuv\u0117s erdv\u0119 su \u0161ia unikalia keturi\u0173 stal\u010di\u0173 Provanso stiliaus pagrindine spintele. Eleganti\u0161kas, klasikinio \u017eavesio \u012fkv\u0117ptas dizainas suteiks j\u016bs\u0173 virtuvei unikali\u0105 atmosfer\u0105. Anderseno pu\u0161ies spalva priekin\u0117je pus\u0117je kartu su matin\u0117s baltos spalvos korpusu suteiks j\u016bs\u0173 interjerui rami\u0105 ir sveting\u0105 atmosfer\u0105, puikiai tinkan\u010di\u0105 kurti kulinarinius \u0161edevrus. D\u0117l prakti\u0161k\u0173 ir esteti\u0161k\u0173 sprendim\u0173 \u0161i spintel\u0117 leid\u017eia lengvai sutvarkyti virtuv\u0119. Keturi erdv\u016bs stal\u010diai leid\u017eia laikyti \u012fvairius virtuv\u0117s priedus, u\u017etikrinant komfort\u0105 ir tvark\u0105. Jums nereik\u0117s r\u016bpintis sunkumais valdant spintel\u0119 \u2013 modern\u016bs savaime u\u017esidarantys b\u0117geliai u\u017etikrina skland\u0173 ir tyl\u0173 veikim\u0105, padidindami kasdien\u012f komfort\u0105. Stilingos juodos ranken\u0117l\u0117s suteikia subtilaus kontrasto ir elegancijos, kartu tarnaudamos kaip prakti\u0161kas apdailos akcentas. Metalin\u0117 konstrukcija u\u017etikrina j\u0173 tvirtum\u0105 ir ilgaam\u017ei\u0161kum\u0105, pabr\u0117\u017eiant unikal\u0173 \u0161ios spintel\u0117s charakter\u012f. Reguliuojamos kojel\u0117s leid\u017eia reguliuoti auk\u0161t\u012f nuo 10 iki 12,5 cm, tod\u0117l lengva priderinti spintel\u0119 prie j\u016bs\u0173 virtuv\u0117s.<\/p>","protected":false},"excerpt":{"rendered":"<p>Plotis (cm): 40<br \/>\n\u016agis (cm): 82<br \/>\nGylis (cm): 47<\/p>","protected":false},"featured_media":158453,"comment_status":"open","ping_status":"open","template":"","meta":[],"product_brand":[],"product_cat":[9444,4106,9118],"product_tag":[],"class_list":{"0":"post-158452","1":"product","2":"type-product","3":"status-publish","4":"has-post-thumbnail","6":"product_cat-kitchen-system-prowansja-sosna-andersen","7":"product_cat-gala-meble","8":"product_cat-kitchen-cabinets","10":"first","11":"instock","12":"purchasable","13":"product-type-simple"},"_links":{"self":[{"href":"https:\/\/baldumarket.lt\/lt\/wp-json\/wp\/v2\/product\/158452","targetHints":{"allow":["GET"]}}],"collection":[{"href":"https:\/\/baldumarket.lt\/lt\/wp-json\/wp\/v2\/product"}],"about":[{"href":"https:\/\/baldumarket.lt\/lt\/wp-json\/wp\/v2\/types\/product"}],"replies":[{"embeddable":true,"href":"https:\/\/baldumarket.lt\/lt\/wp-json\/wp\/v2\/comments?post=158452"}],"wp:featuredmedia":[{"embeddable":true,"href":"https:\/\/baldumarket.lt\/lt\/wp-json\/wp\/v2\/media\/158453"}],"wp:attachment":[{"href":"https:\/\/baldumarket.lt\/lt\/wp-json\/wp\/v2\/media?parent=158452"}],"wp:term":[{"taxonomy":"product_brand","embeddable":true,"href":"https:\/\/baldumarket.lt\/lt\/wp-json\/wp\/v2\/product_brand?post=158452"},{"taxonomy":"product_cat","embeddable":true,"href":"https:\/\/baldumarket.lt\/lt\/wp-json\/wp\/v2\/product_cat?post=158452"},{"taxonomy":"product_tag","embeddable":true,"href":"https:\/\/baldumarket.lt\/lt\/wp-json\/wp\/v2\/product_tag?post=158452"}],"curies":[{"name":"wp","href":"https:\/\/api.w.org\/{rel}","templated":true}]}}