{"id":158448,"date":"2025-12-19T00:02:45","date_gmt":"2025-12-18T21:02:45","guid":{"rendered":"https:\/\/baldumarket.lt\/product\/szafka-kuchenna-dolna-4-szuflady-d40s4-push-open-langen-artisan\/"},"modified":"2026-02-18T11:25:59","modified_gmt":"2026-02-18T08:25:59","slug":"szafka-kuchenna-dolna-4-szuflady-d40s4-push-open-langen-artisan","status":"publish","type":"product","link":"https:\/\/baldumarket.lt\/lt\/product\/szafka-kuchenna-dolna-4-szuflady-d40s4-push-open-langen-artisan\/","title":{"rendered":"Apatin\u0117 virtuv\u0117s spintel\u0117 su 4 stal\u010diais, D40S4, atidaroma stumiant, Langen Artisan"},"content":{"rendered":"<p>Atraskite i\u0161skirtin\u012f skandinavi\u0161ko stiliaus elegancij\u0105 su \u201eLangen Artisan\u201c apatine spintele. \u0160i kompakti\u0161ka, ta\u010diau \u012fsp\u016bdinga spintel\u0117 \u2013 puikus sprendimas minimalistinio ir modernaus interjero m\u0117g\u0117jams. D\u0117l universalios \u201eArtisan Oak\u201c spalvos ji puikiai der\u0117s prie bet kokio interjero, i\u0161ry\u0161kindama nat\u016bral\u0173 med\u017eio gro\u017e\u012f. Subtilus, ta\u010diau i\u0161rai\u0161kingas \u0161ios spintel\u0117s stilius suteiks j\u016bs\u0173 virtuvei charakterio ir jaukumo.<\/p>\n<p>Ne\u012ftik\u0117tinai funkcionali atidarymo spustel\u0117jus sistema paver\u010dia \u0161i\u0105 spintel\u0119 tikru malonumu. Ranken\u0173 nebuvimas ne tik suteikia jai modernumo, bet ir leid\u017eia maksimaliai i\u0161naudoti turim\u0105 erdv\u0119. Keturi erdv\u016bs stal\u010diai suteikia daug vietos daiktams susid\u0117ti, kurie b\u016btini kasdieniam gyvenimui ir virtuv\u0117s reikmen\u0173 organizavimui.<\/p>\n<p>Patvari auk\u0161tos kokyb\u0117s laminuotos plok\u0161t\u0117s konstrukcija u\u017etikrina atsparum\u0105 pa\u017eeidimams \u2013 ne\u012fkainojamas turtas da\u017enai naudojamoje erdv\u0117je, pavyzd\u017eiui, virtuv\u0117je. D\u0117l atsparios \u012fbr\u0117\u017eimams ir lengvai valomos med\u017eiagos \u0161i spintel\u0117 tarnaus ir d\u017eiugins daugel\u012f met\u0173, i\u0161laikydama originali\u0105 estetin\u0119 i\u0161vaizd\u0105.<\/p>\n<p>Surinkimas patiems nebus i\u0161\u0161\u016bkis net ir tiems, kurie neturi pakankamai patirties. Patogus dizainas leid\u017eia reguliuoti kojeles 10\u201312,5 cm diapazone, tod\u0117l spintel\u0119 galite pritaikyti prie virtuv\u0117s stalvir\u0161i\u0173 auk\u0161\u010dio.<\/p>\n<p>Investuokite \u012f \u201eLangen Artisan Base\u201c virtuv\u0117s spintel\u0119 ir suteikite savo interjerui nesenstan\u010dio stiliaus bei funkcionalumo. Tegul j\u016bs\u0173 virtuv\u0117 tampa tikru nam\u0173 centru, kur estetika neaukojama prakti\u0161kumui.<\/p>","protected":false},"excerpt":{"rendered":"<p>Plotis (cm): 40<br \/>\n\u016agis (cm): 82<br \/>\nGylis (cm): 47<\/p>","protected":false},"featured_media":158449,"comment_status":"open","ping_status":"open","template":"","meta":[],"product_brand":[],"product_cat":[9442,4106],"product_tag":[],"class_list":{"0":"post-158448","1":"product","2":"type-product","3":"status-publish","4":"has-post-thumbnail","6":"product_cat-kitchen-system-langen-dab-artisan","7":"product_cat-gala-meble","9":"first","10":"instock","11":"purchasable","12":"product-type-simple"},"_links":{"self":[{"href":"https:\/\/baldumarket.lt\/lt\/wp-json\/wp\/v2\/product\/158448","targetHints":{"allow":["GET"]}}],"collection":[{"href":"https:\/\/baldumarket.lt\/lt\/wp-json\/wp\/v2\/product"}],"about":[{"href":"https:\/\/baldumarket.lt\/lt\/wp-json\/wp\/v2\/types\/product"}],"replies":[{"embeddable":true,"href":"https:\/\/baldumarket.lt\/lt\/wp-json\/wp\/v2\/comments?post=158448"}],"wp:featuredmedia":[{"embeddable":true,"href":"https:\/\/baldumarket.lt\/lt\/wp-json\/wp\/v2\/media\/158449"}],"wp:attachment":[{"href":"https:\/\/baldumarket.lt\/lt\/wp-json\/wp\/v2\/media?parent=158448"}],"wp:term":[{"taxonomy":"product_brand","embeddable":true,"href":"https:\/\/baldumarket.lt\/lt\/wp-json\/wp\/v2\/product_brand?post=158448"},{"taxonomy":"product_cat","embeddable":true,"href":"https:\/\/baldumarket.lt\/lt\/wp-json\/wp\/v2\/product_cat?post=158448"},{"taxonomy":"product_tag","embeddable":true,"href":"https:\/\/baldumarket.lt\/lt\/wp-json\/wp\/v2\/product_tag?post=158448"}],"curies":[{"name":"wp","href":"https:\/\/api.w.org\/{rel}","templated":true}]}}