{"id":158443,"date":"2025-12-19T00:02:35","date_gmt":"2025-12-18T21:02:35","guid":{"rendered":"https:\/\/baldumarket.lt\/product\/szafka-kuchenna-dolna-4-szuflady-d40s4-push-open-langen-beige\/"},"modified":"2026-02-18T11:25:59","modified_gmt":"2026-02-18T08:25:59","slug":"szafka-kuchenna-dolna-4-szuflady-d40s4-push-open-langen-beige","status":"publish","type":"product","link":"https:\/\/baldumarket.lt\/lt\/product\/szafka-kuchenna-dolna-4-szuflady-d40s4-push-open-langen-beige\/","title":{"rendered":"Apatin\u0117 virtuv\u0117s spintel\u0117, 4 stal\u010diai, D40S4, atidaroma stumiant, Langen, sm\u0117lio spalvos"},"content":{"rendered":"<p>Norite savo virtuv\u0117je suderinti funkcionalum\u0105 ir stili\u0173? \u201cGa\u0142a Meble\u201d apatin\u0117 virtuv\u0117s spintel\u0117 su keturiais stal\u010diais \u201ePUSH OPEN\u201c \u2013 puikus sprendimas tiems, kurie vertina komfort\u0105 ir modern\u0173 dizain\u0105. Rafinuota \u201eArtisan Oak\u201c med\u017eio apdaila ir eleganti\u0161ka sm\u0117lio spalvos priekine dalimi su matine tekst\u016bra \u0161is baldas puikiai dera prie bet kokio virtuv\u0117s dizaino. J\u016bs\u0173 virtuv\u0117s erdv\u0117 \u012fgis nauj\u0105 estetin\u012f aspekt\u0105, prisitaikydama prie tradicinio ir modernaus dekoro. Novatori\u0161ki daikt\u0173 laikymo sprendimai yra bet kurios virtuv\u0117s s\u0117km\u0117s raktas. D\u0117l atidarymo sistemos \u201ePush to Open\u201c nebereik\u0117s ilgai ie\u0161koti ranken\u0117li\u0173. U\u017etenka vieno \u0161velnaus paspaudimo, kad gal\u0117tum\u0117te pasiekti vis\u0105 vidin\u0119 dal\u012f, tod\u0117l kasdienis spintel\u0117s naudojimas taps tikru malonumu. D\u0117l keturi\u0173 erdvi\u0173 stal\u010di\u0173 galite lengvai laikyti visus b\u016btiniausius virtuv\u0117s reikmenis, i\u0161laikydami auk\u0161\u010diausi\u0105 tvarkos ir organizuotumo lyg\u012f. Ta\u010diau nereik\u0117t\u0173 pamir\u0161ti ir \u0161io baldo universalumo. D\u0117l reguliuojam\u0173 kojeli\u0173, kuri\u0173 ilgis svyruoja nuo 10 iki 12,5 cm, galite reguliuoti spintel\u0117s auk\u0161t\u012f pagal savo individualius poreikius, u\u017etikrindami auk\u0161\u010diausi\u0105 ergonomikos lyg\u012f virtuv\u0117je. Kiekviena detal\u0117 buvo kruop\u0161\u010diai apgalvota atsi\u017evelgiant \u012f naudotojo patogum\u0105, tod\u0117l \u0161i spintel\u0117 tampa nepakei\u010diama j\u016bs\u0173 kasdienyb\u0117s dalimi.<\/p>","protected":false},"excerpt":{"rendered":"<p>Plotis (cm): 40<br \/>\n\u016agis (cm): 82<br \/>\nGylis (cm): 47<\/p>","protected":false},"featured_media":158444,"comment_status":"open","ping_status":"open","template":"","meta":[],"product_brand":[],"product_cat":[9442,4106],"product_tag":[],"class_list":{"0":"post-158443","1":"product","2":"type-product","3":"status-publish","4":"has-post-thumbnail","6":"product_cat-kitchen-system-langen-dab-artisan","7":"product_cat-gala-meble","9":"first","10":"instock","11":"purchasable","12":"product-type-simple"},"_links":{"self":[{"href":"https:\/\/baldumarket.lt\/lt\/wp-json\/wp\/v2\/product\/158443","targetHints":{"allow":["GET"]}}],"collection":[{"href":"https:\/\/baldumarket.lt\/lt\/wp-json\/wp\/v2\/product"}],"about":[{"href":"https:\/\/baldumarket.lt\/lt\/wp-json\/wp\/v2\/types\/product"}],"replies":[{"embeddable":true,"href":"https:\/\/baldumarket.lt\/lt\/wp-json\/wp\/v2\/comments?post=158443"}],"wp:featuredmedia":[{"embeddable":true,"href":"https:\/\/baldumarket.lt\/lt\/wp-json\/wp\/v2\/media\/158444"}],"wp:attachment":[{"href":"https:\/\/baldumarket.lt\/lt\/wp-json\/wp\/v2\/media?parent=158443"}],"wp:term":[{"taxonomy":"product_brand","embeddable":true,"href":"https:\/\/baldumarket.lt\/lt\/wp-json\/wp\/v2\/product_brand?post=158443"},{"taxonomy":"product_cat","embeddable":true,"href":"https:\/\/baldumarket.lt\/lt\/wp-json\/wp\/v2\/product_cat?post=158443"},{"taxonomy":"product_tag","embeddable":true,"href":"https:\/\/baldumarket.lt\/lt\/wp-json\/wp\/v2\/product_tag?post=158443"}],"curies":[{"name":"wp","href":"https:\/\/api.w.org\/{rel}","templated":true}]}}