{"id":158439,"date":"2025-12-19T00:02:28","date_gmt":"2025-12-18T21:02:28","guid":{"rendered":"https:\/\/baldumarket.lt\/product\/szafka-kuchenna-dolna-4-szuflady-d40s4-push-open-langen-grey\/"},"modified":"2026-02-18T11:25:59","modified_gmt":"2026-02-18T08:25:59","slug":"szafka-kuchenna-dolna-4-szuflady-d40s4-push-open-langen-grey","status":"publish","type":"product","link":"https:\/\/baldumarket.lt\/lt\/product\/szafka-kuchenna-dolna-4-szuflady-d40s4-push-open-langen-grey\/","title":{"rendered":"Apatin\u0117 virtuv\u0117s spintel\u0117, 4 stal\u010diai, D40S4, atidaroma stumiant, pilka, Langen"},"content":{"rendered":"<p>Atraskite modern\u0173 elegancij\u0105 ir funkcionalum\u0105 savo namuose su garsaus prek\u0117s \u017eenklo \u201eGa\u0142a Meble\u201c apatine virtuv\u0117s spintele D40S4 PUSH OPEN su 4 stal\u010diais, pilkos spalvos. \u0160i spintel\u0117 \u2013 puikus sprendimas tiems, kurie vertina estetik\u0105 ir prakti\u0161kum\u0105. Unikalus matinis pilkas priekis suteikia subtilaus \u017eavesio bet kokiam interjerui ir puikiai dera su \u012fvairiais virtuv\u0117s dizainais.<\/p>\n<p>I\u0161skirtinis spintel\u0117s funkcionalumas slypi novatori\u0161koje atidarymo stumiant sistemoje, kuri leid\u017eia lengvai atidaryti stal\u010dius \u0161velniu paspaudimu. D\u0117l \u0161io sprendimo ranken\u0117li\u0173 nebuvimas priekyje garantuoja vienod\u0105 ir minimalistin\u0119 form\u0105, kuri prad\u017eiugins modernaus dizaino m\u0117g\u0117jus. Be to, spintel\u0117 turi keturis erdvius stal\u010dius, puikiai tinkan\u010dius visiems svarbiausiems virtuv\u0117s priedams laikyti.<\/p>\n<p>Tvirta konstrukcija, pagaminta i\u0161 patvarios MDF ir laminuotos plok\u0161t\u0117s, u\u017etikrina atsparum\u0105 pa\u017eeidimams ir ilgaam\u017ei\u0161kum\u0105. \u201eArtisan Oak\u201c korpuso spalva suteikia spintelei \u0161ilt\u0105 ir jauki\u0105 i\u0161vaizd\u0105, puikiai deran\u010di\u0105 tiek \u0161viesiame, tiek tamsiame interjere. Reguliuojamos kojel\u0117s (10 cm\u201312,5 cm) leid\u017eia lengvai reguliuoti auk\u0161t\u012f, o tai naudinga ant nelygi\u0173 grind\u0173.<\/p>\n<p>Surinkimas yra greitas ir paprastas, o prid\u0117tos nuoseklios instrukcijos pad\u0117s jums atlikti vis\u0105 proces\u0105. Pasirinkdami \u201eLangen Grey\u201c spintel\u0119, investuojate \u012f stiling\u0105 i\u0161vaizd\u0105 ir funkcionalum\u0105, kuris patenkins net ir i\u0161rankiausi\u0173 vartotoj\u0173 l\u016bkes\u010dius. M\u0117gaukit\u0117s \u0161io unikalaus virtuv\u0117s baldo teikiamu komfortu ir estetika.<\/p>","protected":false},"excerpt":{"rendered":"<p>Plotis (cm): 40<br \/>\n\u016agis (cm): 82<br \/>\nGylis (cm): 47<\/p>","protected":false},"featured_media":158440,"comment_status":"open","ping_status":"open","template":"","meta":[],"product_brand":[],"product_cat":[9442,4106],"product_tag":[],"class_list":{"0":"post-158439","1":"product","2":"type-product","3":"status-publish","4":"has-post-thumbnail","6":"product_cat-kitchen-system-langen-dab-artisan","7":"product_cat-gala-meble","9":"first","10":"instock","11":"purchasable","12":"product-type-simple"},"_links":{"self":[{"href":"https:\/\/baldumarket.lt\/lt\/wp-json\/wp\/v2\/product\/158439","targetHints":{"allow":["GET"]}}],"collection":[{"href":"https:\/\/baldumarket.lt\/lt\/wp-json\/wp\/v2\/product"}],"about":[{"href":"https:\/\/baldumarket.lt\/lt\/wp-json\/wp\/v2\/types\/product"}],"replies":[{"embeddable":true,"href":"https:\/\/baldumarket.lt\/lt\/wp-json\/wp\/v2\/comments?post=158439"}],"wp:featuredmedia":[{"embeddable":true,"href":"https:\/\/baldumarket.lt\/lt\/wp-json\/wp\/v2\/media\/158440"}],"wp:attachment":[{"href":"https:\/\/baldumarket.lt\/lt\/wp-json\/wp\/v2\/media?parent=158439"}],"wp:term":[{"taxonomy":"product_brand","embeddable":true,"href":"https:\/\/baldumarket.lt\/lt\/wp-json\/wp\/v2\/product_brand?post=158439"},{"taxonomy":"product_cat","embeddable":true,"href":"https:\/\/baldumarket.lt\/lt\/wp-json\/wp\/v2\/product_cat?post=158439"},{"taxonomy":"product_tag","embeddable":true,"href":"https:\/\/baldumarket.lt\/lt\/wp-json\/wp\/v2\/product_tag?post=158439"}],"curies":[{"name":"wp","href":"https:\/\/api.w.org\/{rel}","templated":true}]}}