{"id":158434,"date":"2025-12-19T00:02:18","date_gmt":"2025-12-18T21:02:18","guid":{"rendered":"https:\/\/baldumarket.lt\/product\/szafka-kuchenna-dolna-4-szuflady-d40s4-sycylia-andersen\/"},"modified":"2026-02-06T12:46:54","modified_gmt":"2026-02-06T09:46:54","slug":"szafka-kuchenna-dolna-4-szuflady-d40s4-sycylia-andersen","status":"publish","type":"product","link":"https:\/\/baldumarket.lt\/lt\/product\/szafka-kuchenna-dolna-4-szuflady-d40s4-sycylia-andersen\/","title":{"rendered":"Apatin\u0117 virtuv\u0117s spintel\u0117 su 4 stal\u010diais, D40S4, Sicily Andersen"},"content":{"rendered":"<p>Atraskite unikal\u0173 \u201eAndersen Sicylia\u201c virtuv\u0117s spintel\u0117s \u017eaves\u012f ir funkcionalum\u0105. \u0160i eleganti\u0161ka spintel\u0117 \u2013 puikus sprendimas visiems, vertinantiems gro\u017e\u012f ir prakti\u0161kum\u0105 viename. Pagaminta i\u0161 auk\u0161tos kokyb\u0117s MDF plok\u0161t\u0117s, jos \u201eAndersen\u201c pu\u0161ies fasadas puikiai papildo matin\u0117s baltos spalvos korpus\u0105, suteikdamas j\u016bs\u0173 virtuvei lengvumo ir modernumo poj\u016bt\u012f. Ypatingas d\u0117mesys buvo skirtas estetiniam patrauklumui. Subtilus spalv\u0173 derinys sukuria harmoning\u0105 visum\u0105, kuri papildys bet kok\u012f interjer\u0105, suteikdama elegancijos ir stiliaus. D\u0117l kompakti\u0161k\u0173 matmen\u0173 ji lengvai telpa ma\u017eesn\u0117se erdv\u0117se, tuo pa\u010diu maksimaliai padidindama virtuv\u0117s daikt\u0173 saugojimo galimybes. Funkcionalumas yra pagrindinis \u0161ios spintel\u0117s aspektas. Keturi erdv\u016bs stal\u010diai leid\u017eia patogiai laikyti tiek ma\u017eus, tiek didelius virtuv\u0117s daiktus. Tai puikus sprendimas tiems, kurie vertina tvark\u0105 ir lengv\u0105 prieig\u0105 prie vis\u0173 b\u016btiniausi\u0173 pried\u0173. D\u0117l tvirtos konstrukcijos ji atlaikys daugel\u012f met\u0173 intensyv\u0173 naudojim\u0105.<\/p>","protected":false},"excerpt":{"rendered":"<p>Plotis (cm): 40<br \/>\n\u016agis (cm): 82<br \/>\nGylis (cm): 47<\/p>","protected":false},"featured_media":158435,"comment_status":"open","ping_status":"open","template":"","meta":[],"product_brand":[],"product_cat":[9440,9441,4106,9118],"product_tag":[],"class_list":{"0":"post-158434","1":"product","2":"type-product","3":"status-publish","4":"has-post-thumbnail","6":"product_cat-kitchen-system-sycylia-sosna-andersen","7":"product_cat-white","8":"product_cat-gala-meble","9":"product_cat-kitchen-cabinets","11":"first","12":"instock","13":"purchasable","14":"product-type-simple"},"_links":{"self":[{"href":"https:\/\/baldumarket.lt\/lt\/wp-json\/wp\/v2\/product\/158434","targetHints":{"allow":["GET"]}}],"collection":[{"href":"https:\/\/baldumarket.lt\/lt\/wp-json\/wp\/v2\/product"}],"about":[{"href":"https:\/\/baldumarket.lt\/lt\/wp-json\/wp\/v2\/types\/product"}],"replies":[{"embeddable":true,"href":"https:\/\/baldumarket.lt\/lt\/wp-json\/wp\/v2\/comments?post=158434"}],"wp:featuredmedia":[{"embeddable":true,"href":"https:\/\/baldumarket.lt\/lt\/wp-json\/wp\/v2\/media\/158435"}],"wp:attachment":[{"href":"https:\/\/baldumarket.lt\/lt\/wp-json\/wp\/v2\/media?parent=158434"}],"wp:term":[{"taxonomy":"product_brand","embeddable":true,"href":"https:\/\/baldumarket.lt\/lt\/wp-json\/wp\/v2\/product_brand?post=158434"},{"taxonomy":"product_cat","embeddable":true,"href":"https:\/\/baldumarket.lt\/lt\/wp-json\/wp\/v2\/product_cat?post=158434"},{"taxonomy":"product_tag","embeddable":true,"href":"https:\/\/baldumarket.lt\/lt\/wp-json\/wp\/v2\/product_tag?post=158434"}],"curies":[{"name":"wp","href":"https:\/\/api.w.org\/{rel}","templated":true}]}}