{"id":158429,"date":"2025-12-19T00:02:09","date_gmt":"2025-12-18T21:02:09","guid":{"rendered":"https:\/\/baldumarket.lt\/product\/szafka-kuchenna-dolna-4-szuflady-d40s4-sycylia-orzech\/"},"modified":"2026-02-06T14:32:44","modified_gmt":"2026-02-06T11:32:44","slug":"szafka-kuchenna-dolna-4-szuflady-d40s4-sycylia-orzech","status":"publish","type":"product","link":"https:\/\/baldumarket.lt\/lt\/product\/szafka-kuchenna-dolna-4-szuflady-d40s4-sycylia-orzech\/","title":{"rendered":"Apatin\u0117 virtuv\u0117s spintel\u0117 su 4 stal\u010diais, D40S4, Sicily Walnut"},"content":{"rendered":"<p>\u012ene\u0161kite \u012f savo virtuv\u0119 piet\u0173 Italijos elegancijos su 4 stal\u010di\u0173 apatine spintele i\u0161 \u201eGa\u0142a Meble\u201c \u201eSicylia\u201c kolekcijos. Milano rie\u0161uto spalva, pagyvinanti tiek priekin\u0119 dal\u012f, tiek korpus\u0105, suteikia interjerui i\u0161skirtinio \u0161ilumos ir stiliaus. Tai puikus pasirinkimas tiems, kurie nori derinti modernum\u0105 su klasikiniu virtuv\u0117s \u012frengimo \u017eavesiu. Stilingas spintel\u0117s dizainas idealiai tinka tiems, kurie vertina estetik\u0105 kasdieniame naudojime. Keturi prakti\u0161ki stal\u010diai ne tik supaprastina erdv\u0117s organizavim\u0105, bet ir suteikia lengv\u0105 prieig\u0105 prie laikom\u0173 daikt\u0173. Rafinuotos sidabrin\u0117s ranken\u0117l\u0117s suteikia baldams subtilios elegancijos, atitinkan\u010dios naujausias interjero dizaino tendencijas. Be to, spintel\u0117 puikiai derina estetines ir funkcionalias savybes. MDF priekin\u0117 dalis kartu su laminuotu korpusu garantuoja patvarum\u0105 ir patikimum\u0105 ilgus metus. Unikali Milano rie\u0161uto spalva paver\u010dia j\u0105 ne tik prakti\u0161ku virtuv\u0117s elementu, bet ir ak\u012f traukian\u010diu dekoratyviniu akcentu.<\/p>","protected":false},"excerpt":{"rendered":"<p>Plotis (cm): 40<br \/>\n\u016agis (cm): 82<br \/>\nGylis (cm): 47<\/p>","protected":false},"featured_media":158430,"comment_status":"open","ping_status":"open","template":"","meta":[],"product_brand":[],"product_cat":[9450,4106,9118],"product_tag":[],"class_list":{"0":"post-158429","1":"product","2":"type-product","3":"status-publish","4":"has-post-thumbnail","6":"product_cat-kitchen-system-sycylia-orzech-milano","7":"product_cat-gala-meble","8":"product_cat-kitchen-cabinets","10":"first","11":"instock","12":"purchasable","13":"product-type-simple"},"_links":{"self":[{"href":"https:\/\/baldumarket.lt\/lt\/wp-json\/wp\/v2\/product\/158429","targetHints":{"allow":["GET"]}}],"collection":[{"href":"https:\/\/baldumarket.lt\/lt\/wp-json\/wp\/v2\/product"}],"about":[{"href":"https:\/\/baldumarket.lt\/lt\/wp-json\/wp\/v2\/types\/product"}],"replies":[{"embeddable":true,"href":"https:\/\/baldumarket.lt\/lt\/wp-json\/wp\/v2\/comments?post=158429"}],"wp:featuredmedia":[{"embeddable":true,"href":"https:\/\/baldumarket.lt\/lt\/wp-json\/wp\/v2\/media\/158430"}],"wp:attachment":[{"href":"https:\/\/baldumarket.lt\/lt\/wp-json\/wp\/v2\/media?parent=158429"}],"wp:term":[{"taxonomy":"product_brand","embeddable":true,"href":"https:\/\/baldumarket.lt\/lt\/wp-json\/wp\/v2\/product_brand?post=158429"},{"taxonomy":"product_cat","embeddable":true,"href":"https:\/\/baldumarket.lt\/lt\/wp-json\/wp\/v2\/product_cat?post=158429"},{"taxonomy":"product_tag","embeddable":true,"href":"https:\/\/baldumarket.lt\/lt\/wp-json\/wp\/v2\/product_tag?post=158429"}],"curies":[{"name":"wp","href":"https:\/\/api.w.org\/{rel}","templated":true}]}}