{"id":158424,"date":"2025-12-19T00:01:58","date_gmt":"2025-12-18T21:01:58","guid":{"rendered":"https:\/\/baldumarket.lt\/product\/szafka-kuchenna-dolna-4-szuflady-d40s4-uchwyt-klasyczny-langen-artisan\/"},"modified":"2026-02-18T11:25:59","modified_gmt":"2026-02-18T08:25:59","slug":"szafka-kuchenna-dolna-4-szuflady-d40s4-uchwyt-klasyczny-langen-artisan","status":"publish","type":"product","link":"https:\/\/baldumarket.lt\/lt\/product\/szafka-kuchenna-dolna-4-szuflady-d40s4-uchwyt-klasyczny-langen-artisan\/","title":{"rendered":"Apatin\u0117 virtuv\u0117s spintel\u0117 su 4 stal\u010diais, D40S4, klasikin\u0117 rankena, Langen Artisan"},"content":{"rendered":"<p>Atraskite elegancij\u0105 ir funkcionalum\u0105 su \u201eLangen Artisan\u201c apatine spintele \u2013 puikiu priedu bet kurioje virtuv\u0117je, kurioje estetika dera su kasdieniu patogumu. Subtili \u201eArtisan Oak\u201c apdaila ir klasikin\u0117s juodos metalin\u0117s ranken\u0117l\u0117s leid\u017eia spintelei puikiai dera tiek prie modernaus, tiek prie tradicinio interjero, suteikdamos jaukumo. Patvari laminato konstrukcija u\u017etikrina ilgaam\u017ei\u0161kum\u0105 ir lengv\u0105 valym\u0105. Keturi erdv\u016bs stal\u010diai leid\u017eia laikyti visus svarbiausius virtuv\u0117s reikmenis vienoje vietoje ir suteikia lengv\u0105 prieig\u0105 prie j\u0173. Tai puikus sprendimas tiems, kurie vertina tvark\u0105 ir nori, kad j\u0173 darbo vieta b\u016bt\u0173 tvarkinga. Reguliuojamos kojel\u0117s (nuo 10 cm iki 12,5 cm) leid\u017eia pritaikyti spintel\u0119 prie j\u016bs\u0173 poreiki\u0173 ir grind\u0173 nelygum\u0173, u\u017etikrinant tobul\u0105 atitikim\u0105 j\u016bs\u0173 interjerui. \u0160is funkcionalumas yra ne\u012fkainojamas bet kuriuose namuose, u\u017etikrinant stabilum\u0105 ir estetik\u0105 net ir sud\u0117tingiausiomis s\u0105lygomis.<\/p>","protected":false},"excerpt":{"rendered":"<p>Plotis (cm): 40<br \/>\n\u016agis (cm): 82<br \/>\nGylis (cm): 47<\/p>","protected":false},"featured_media":158425,"comment_status":"open","ping_status":"open","template":"","meta":[],"product_brand":[],"product_cat":[9442,4106],"product_tag":[],"class_list":{"0":"post-158424","1":"product","2":"type-product","3":"status-publish","4":"has-post-thumbnail","6":"product_cat-kitchen-system-langen-dab-artisan","7":"product_cat-gala-meble","9":"first","10":"instock","11":"purchasable","12":"product-type-simple"},"_links":{"self":[{"href":"https:\/\/baldumarket.lt\/lt\/wp-json\/wp\/v2\/product\/158424","targetHints":{"allow":["GET"]}}],"collection":[{"href":"https:\/\/baldumarket.lt\/lt\/wp-json\/wp\/v2\/product"}],"about":[{"href":"https:\/\/baldumarket.lt\/lt\/wp-json\/wp\/v2\/types\/product"}],"replies":[{"embeddable":true,"href":"https:\/\/baldumarket.lt\/lt\/wp-json\/wp\/v2\/comments?post=158424"}],"wp:featuredmedia":[{"embeddable":true,"href":"https:\/\/baldumarket.lt\/lt\/wp-json\/wp\/v2\/media\/158425"}],"wp:attachment":[{"href":"https:\/\/baldumarket.lt\/lt\/wp-json\/wp\/v2\/media?parent=158424"}],"wp:term":[{"taxonomy":"product_brand","embeddable":true,"href":"https:\/\/baldumarket.lt\/lt\/wp-json\/wp\/v2\/product_brand?post=158424"},{"taxonomy":"product_cat","embeddable":true,"href":"https:\/\/baldumarket.lt\/lt\/wp-json\/wp\/v2\/product_cat?post=158424"},{"taxonomy":"product_tag","embeddable":true,"href":"https:\/\/baldumarket.lt\/lt\/wp-json\/wp\/v2\/product_tag?post=158424"}],"curies":[{"name":"wp","href":"https:\/\/api.w.org\/{rel}","templated":true}]}}