{"id":158418,"date":"2025-12-19T00:01:46","date_gmt":"2025-12-18T21:01:46","guid":{"rendered":"https:\/\/baldumarket.lt\/product\/szafka-kuchenna-dolna-4-szuflady-d40s4-uchwyt-klasyczny-langen-beige\/"},"modified":"2026-02-18T11:25:59","modified_gmt":"2026-02-18T08:25:59","slug":"szafka-kuchenna-dolna-4-szuflady-d40s4-uchwyt-klasyczny-langen-beige","status":"publish","type":"product","link":"https:\/\/baldumarket.lt\/lt\/product\/szafka-kuchenna-dolna-4-szuflady-d40s4-uchwyt-klasyczny-langen-beige\/","title":{"rendered":"Apatin\u0117 virtuv\u0117s spintel\u0117 su 4 stal\u010diais, D40S4, klasikin\u0117 rankena, Langen, sm\u0117lio spalvos"},"content":{"rendered":"<p>Atraskite elegancij\u0105 ir funkcionalum\u0105 kompakti\u0161koje formoje su \u201eGa\u0142a Meble\u201c \u201eLangen Beige\u201c apatine spintele. \u0160is unikalus baldas derina modern\u0173 stili\u0173 su klasikine elegancija, sukurdamas unikal\u0173 dizain\u0105, kuris puikiai papildys bet kurios virtuv\u0117s estetik\u0105. Matinis, subtilaus sm\u0117lio atspalvio fasadas ir \u201eArtisan Oak\u201c korpusas suteikia spintelei rafinuot\u0105 i\u0161vaizd\u0105, kuri patrauks kiekvieno sve\u010dio ak\u012f. \u0160i 40 cm plo\u010dio apatin\u0117 spintel\u0117 yra puikus sprendimas tiems, kurie vertina prakti\u0161kum\u0105 ir vietos taupym\u0105. Keturi skland\u017eiai veikiantys stal\u010diai su savaiminio u\u017esidarymo sistema suteikia daug vietos virtuv\u0117s priedams laikyti, u\u017etikrindami kasdien\u0119 tvark\u0105 ir organizavim\u0105. Klasikin\u0117s juodos metalin\u0117s ranken\u0117l\u0117s eleganti\u0161kai papildo dizain\u0105, leid\u017eian\u010dios patogiai atidaryti ir u\u017edaryti kiekvien\u0105 stal\u010di\u0173. Taip pat verta pamin\u0117ti \u0161ioje spintel\u0117je naudojamas auk\u0161tos kokyb\u0117s med\u017eiagas. MDF fasadas ir laminuotos plok\u0161t\u0117s korpusas u\u017etikrina patvarum\u0105 ir atsparum\u0105 kasdieniams virtuv\u0117s i\u0161\u0161\u016bkiams. Tvirta konstrukcija ir moderni apdaila garantuoja daugelio met\u0173 pasitenkinim\u0105. Reguliuojamos kojel\u0117s leid\u017eia lengvai reguliuoti auk\u0161t\u012f nuo 10 iki 12,5 cm, u\u017etikrinant stabilum\u0105 nepriklausomai nuo pavir\u0161iaus, ant kurio spintel\u0117 pastatyta.<\/p>","protected":false},"excerpt":{"rendered":"<p>Plotis (cm): 40<br \/>\n\u016agis (cm): 82<br \/>\nGylis (cm): 47<\/p>","protected":false},"featured_media":158419,"comment_status":"open","ping_status":"open","template":"","meta":[],"product_brand":[],"product_cat":[9442,4106],"product_tag":[],"class_list":{"0":"post-158418","1":"product","2":"type-product","3":"status-publish","4":"has-post-thumbnail","6":"product_cat-kitchen-system-langen-dab-artisan","7":"product_cat-gala-meble","9":"first","10":"instock","11":"purchasable","12":"product-type-simple"},"_links":{"self":[{"href":"https:\/\/baldumarket.lt\/lt\/wp-json\/wp\/v2\/product\/158418","targetHints":{"allow":["GET"]}}],"collection":[{"href":"https:\/\/baldumarket.lt\/lt\/wp-json\/wp\/v2\/product"}],"about":[{"href":"https:\/\/baldumarket.lt\/lt\/wp-json\/wp\/v2\/types\/product"}],"replies":[{"embeddable":true,"href":"https:\/\/baldumarket.lt\/lt\/wp-json\/wp\/v2\/comments?post=158418"}],"wp:featuredmedia":[{"embeddable":true,"href":"https:\/\/baldumarket.lt\/lt\/wp-json\/wp\/v2\/media\/158419"}],"wp:attachment":[{"href":"https:\/\/baldumarket.lt\/lt\/wp-json\/wp\/v2\/media?parent=158418"}],"wp:term":[{"taxonomy":"product_brand","embeddable":true,"href":"https:\/\/baldumarket.lt\/lt\/wp-json\/wp\/v2\/product_brand?post=158418"},{"taxonomy":"product_cat","embeddable":true,"href":"https:\/\/baldumarket.lt\/lt\/wp-json\/wp\/v2\/product_cat?post=158418"},{"taxonomy":"product_tag","embeddable":true,"href":"https:\/\/baldumarket.lt\/lt\/wp-json\/wp\/v2\/product_tag?post=158418"}],"curies":[{"name":"wp","href":"https:\/\/api.w.org\/{rel}","templated":true}]}}