{"id":158413,"date":"2025-12-19T00:01:37","date_gmt":"2025-12-18T21:01:37","guid":{"rendered":"https:\/\/baldumarket.lt\/product\/szafka-kuchenna-dolna-4-szuflady-d40s4-uchwyt-klasyczny-langen-grey\/"},"modified":"2026-02-18T11:25:59","modified_gmt":"2026-02-18T08:25:59","slug":"szafka-kuchenna-dolna-4-szuflady-d40s4-uchwyt-klasyczny-langen-grey","status":"publish","type":"product","link":"https:\/\/baldumarket.lt\/lt\/product\/szafka-kuchenna-dolna-4-szuflady-d40s4-uchwyt-klasyczny-langen-grey\/","title":{"rendered":"Apatin\u0117 virtuv\u0117s spintel\u0117 su 4 stal\u010diais, D40S4, klasikin\u0117 rankena, Langen, pilka"},"content":{"rendered":"<p>Atraskite gro\u017e\u012f ir prakti\u0161kum\u0105 su m\u016bs\u0173 pilkos spalvos \u201eLangen Grey\u201c apatine spintele \u2013 puikiu bet kurios modernios virtuv\u0117s papildymu. Eleganti\u0161kas jos dizainas sujungia matin\u0117s pilkos spalvos MDF priekin\u0119 dal\u012f su \u201eArtisan Oak\u201c korpusu, sukurdamas harmoning\u0105 kompozicij\u0105, kuri lengvai der\u0117s prie bet kokio interjero. \u0160is baldas yra ne tik prakti\u0161kas daikt\u0173 laikymo sprendimas, bet ir stilingas elementas, kuris pagerins j\u016bs\u0173 erdv\u0119. I\u0161bandykite \u0161ios spintel\u0117s funkcionalum\u0105, kurioje yra keturi erdv\u016bs stal\u010diai, u\u017etikrinantys puiki\u0105 j\u016bs\u0173 kasdieni\u0173 virtuv\u0117s reikmen\u0173 tvark\u0105. Reguliuojamos kojel\u0117s leid\u017eia reguliuoti auk\u0161t\u012f nuo 10 cm iki 12,5 cm, tod\u0117l puikiai priderinsite spintel\u0119 prie savo virtuv\u0117s. Klasikin\u0117s juodos spalvos metalin\u0117s rankenos suteikia rafinuotumo ir patvarumo. Kasdienis naudojimas yra ne\u012ftik\u0117tinai patogus d\u0117l savaime u\u017esidaran\u010di\u0173 b\u0117geli\u0173, kurie u\u017etikrina skland\u0173 ir tyl\u0173 u\u017edarym\u0105. Tvirta laminuota plok\u0161t\u0117, i\u0161 kurios pagamintas korpusas, garantuoja atsparum\u0105 pa\u017eeidimams ir ilgaam\u017ei\u0161kum\u0105. \u0160i spintel\u0117 kiekvien\u0105 dien\u0105 virtuv\u0117je pavers malonesne ir organizuotesne.<\/p>","protected":false},"excerpt":{"rendered":"<p>Plotis (cm): 40<br \/>\n\u016agis (cm): 82<br \/>\nGylis (cm): 47<\/p>","protected":false},"featured_media":158414,"comment_status":"open","ping_status":"open","template":"","meta":[],"product_brand":[],"product_cat":[9442,4106],"product_tag":[],"class_list":{"0":"post-158413","1":"product","2":"type-product","3":"status-publish","4":"has-post-thumbnail","6":"product_cat-kitchen-system-langen-dab-artisan","7":"product_cat-gala-meble","9":"first","10":"instock","11":"purchasable","12":"product-type-simple"},"_links":{"self":[{"href":"https:\/\/baldumarket.lt\/lt\/wp-json\/wp\/v2\/product\/158413","targetHints":{"allow":["GET"]}}],"collection":[{"href":"https:\/\/baldumarket.lt\/lt\/wp-json\/wp\/v2\/product"}],"about":[{"href":"https:\/\/baldumarket.lt\/lt\/wp-json\/wp\/v2\/types\/product"}],"replies":[{"embeddable":true,"href":"https:\/\/baldumarket.lt\/lt\/wp-json\/wp\/v2\/comments?post=158413"}],"wp:featuredmedia":[{"embeddable":true,"href":"https:\/\/baldumarket.lt\/lt\/wp-json\/wp\/v2\/media\/158414"}],"wp:attachment":[{"href":"https:\/\/baldumarket.lt\/lt\/wp-json\/wp\/v2\/media?parent=158413"}],"wp:term":[{"taxonomy":"product_brand","embeddable":true,"href":"https:\/\/baldumarket.lt\/lt\/wp-json\/wp\/v2\/product_brand?post=158413"},{"taxonomy":"product_cat","embeddable":true,"href":"https:\/\/baldumarket.lt\/lt\/wp-json\/wp\/v2\/product_cat?post=158413"},{"taxonomy":"product_tag","embeddable":true,"href":"https:\/\/baldumarket.lt\/lt\/wp-json\/wp\/v2\/product_tag?post=158413"}],"curies":[{"name":"wp","href":"https:\/\/api.w.org\/{rel}","templated":true}]}}