{"id":158408,"date":"2025-12-19T00:01:27","date_gmt":"2025-12-18T21:01:27","guid":{"rendered":"https:\/\/baldumarket.lt\/product\/szafka-kuchenna-dolna-4s-sorento-d40s4-ax-baltic-storm\/"},"modified":"2026-02-18T11:11:21","modified_gmt":"2026-02-18T08:11:21","slug":"szafka-kuchenna-dolna-4s-sorento-d40s4-ax-baltic-storm","status":"publish","type":"product","link":"https:\/\/baldumarket.lt\/lt\/product\/szafka-kuchenna-dolna-4s-sorento-d40s4-ax-baltic-storm\/","title":{"rendered":"Apatin\u0117 virtuv\u0117s spintel\u0117 4S Sorento D40S4 AX Baltic Storm"},"content":{"rendered":"<p>Atraskite magi\u0161kas savo virtuv\u0117s galimybes su garsaus \u201eGa\u0142a Meble\u201c prek\u0117s \u017eenklo \u201e4S Sorento\u201c apatine spintele \u201eBaltic Storm\u201c spalvos. Eleganti\u0161kas dizainas ir moderni apdaila suteiks j\u016bs\u0173 interjerui unikalaus charakterio. Kiekviena \u0161ios spintel\u0117s detal\u0117 buvo kruop\u0161\u010diai apgalvota, kad j\u016bs\u0173 virtuv\u0117s erdvei suteikt\u0173 harmonijos ir stiliaus. Pagaminta i\u0161 18 mm storio laminuotos plok\u0161t\u0117s, spintel\u0117 garantuoja ne tik estetik\u0105, bet ir atsparum\u0105 pa\u017eeidimams. Tamsus \u201eBaltic Storm\u201c atspalvis harmoningai dera su juodomis, reguliuojamo auk\u0161\u010dio kojel\u0117mis, kurios suteikia ne tik elegancijos, bet ir prakti\u0161kumo. D\u0117l 15 cm auk\u0161\u010dio kojel\u0117s spintel\u0119 galite lengvai pritaikyti savo poreikiams, tod\u0117l tai puikus sprendimas bet kuriai virtuvei. Erdv\u016bs ir prakti\u0161ki stal\u010diai, i\u0161 kuri\u0173 keturi, leid\u017eia efektyviai i\u0161naudoti erdv\u0119. Kiekvienas stal\u010dius gali atlaikyti iki 40 kg, o d\u0117l \u0161velnaus u\u017edarymo technologijos darbas virtuv\u0117je tampa dar patogesnis. Pilno i\u0161traukimo b\u0117geliai leid\u017eia lengvai pasiekti visus kampus, o tai neabejotinai pagreitins j\u016bs\u0173 m\u0117gstam\u0173 patiekal\u0173 ruo\u0161im\u0105.<\/p>","protected":false},"excerpt":{"rendered":"<p>Plotis (cm): 40<br \/>\n\u016agis (cm): 87<br \/>\nGylis (cm): 52<\/p>","protected":false},"featured_media":158409,"comment_status":"open","ping_status":"open","template":"","meta":[],"product_brand":[],"product_cat":[9436,4106],"product_tag":[],"class_list":{"0":"post-158408","1":"product","2":"type-product","3":"status-publish","4":"has-post-thumbnail","6":"product_cat-kitchen-system-sorento","7":"product_cat-gala-meble","9":"first","10":"instock","11":"purchasable","12":"product-type-simple"},"_links":{"self":[{"href":"https:\/\/baldumarket.lt\/lt\/wp-json\/wp\/v2\/product\/158408","targetHints":{"allow":["GET"]}}],"collection":[{"href":"https:\/\/baldumarket.lt\/lt\/wp-json\/wp\/v2\/product"}],"about":[{"href":"https:\/\/baldumarket.lt\/lt\/wp-json\/wp\/v2\/types\/product"}],"replies":[{"embeddable":true,"href":"https:\/\/baldumarket.lt\/lt\/wp-json\/wp\/v2\/comments?post=158408"}],"wp:featuredmedia":[{"embeddable":true,"href":"https:\/\/baldumarket.lt\/lt\/wp-json\/wp\/v2\/media\/158409"}],"wp:attachment":[{"href":"https:\/\/baldumarket.lt\/lt\/wp-json\/wp\/v2\/media?parent=158408"}],"wp:term":[{"taxonomy":"product_brand","embeddable":true,"href":"https:\/\/baldumarket.lt\/lt\/wp-json\/wp\/v2\/product_brand?post=158408"},{"taxonomy":"product_cat","embeddable":true,"href":"https:\/\/baldumarket.lt\/lt\/wp-json\/wp\/v2\/product_cat?post=158408"},{"taxonomy":"product_tag","embeddable":true,"href":"https:\/\/baldumarket.lt\/lt\/wp-json\/wp\/v2\/product_tag?post=158408"}],"curies":[{"name":"wp","href":"https:\/\/api.w.org\/{rel}","templated":true}]}}