{"id":158403,"date":"2025-12-19T00:01:18","date_gmt":"2025-12-18T21:01:18","guid":{"rendered":"https:\/\/baldumarket.lt\/product\/szafka-kuchenna-dolna-4s-sorento-d40s4-ax-baltic-storm-bezowy-mat\/"},"modified":"2026-02-18T11:11:21","modified_gmt":"2026-02-18T08:11:21","slug":"szafka-kuchenna-dolna-4s-sorento-d40s4-ax-baltic-storm-bezowy-mat","status":"publish","type":"product","link":"https:\/\/baldumarket.lt\/lt\/product\/szafka-kuchenna-dolna-4s-sorento-d40s4-ax-baltic-storm-bezowy-mat\/","title":{"rendered":"Apatin\u0117 virtuv\u0117s spintel\u0117 4S Sorento D40S4 AX Baltic Storm Beige Matte"},"content":{"rendered":"<p>Atraskite nauj\u0105 kokyb\u0117s lyg\u012f savo virtuv\u0117je su \u201eSorento D40S4 AX\u201c virtuv\u0117s spintele, kurioje dera modernus dizainas ir prakti\u0161kumas. \u0160vies\u016bs, sm\u0117lio spalvos fasadai su matiniu pavir\u0161iumi puikiai dera su giliu, paslaptingu \u201eBaltic Storm\u201c korpuso atspalviu, sukurdami stiling\u0105 kontrast\u0105. \u0160is subtilumo ir elegancijos derinys suteiks j\u016bs\u0173 virtuv\u0117s interjerui unikal\u0173 charakter\u012f. Keturi erdv\u016bs stal\u010diai \u201eSorento\u201c spintel\u0117je leis jums tvarkingai susitvarkyti daiktus ir lengvai pasiekti virtuv\u0117s priedus. Patikimos, pilno i\u0161traukimo b\u0117gel\u0117s garantuoja tyl\u0173 ir skland\u0173 veikim\u0105, padidindamos kasdien\u012f komfort\u0105. \u0160velnaus u\u017edarymo sistema pa\u0161alina nepageidaujamus u\u017edarymo garsus, o tai ypa\u010d svarbu judriose virtuv\u0117s erdv\u0117se. Eleganti\u0161kos juodos spalvos metalin\u0117s ranken\u0117l\u0117s suteikia spintelei modernumo ir minimalistinio \u017eavesio, tod\u0117l ji tampa unikaliu bet kurios skandinavi\u0161ko ar industrinio stiliaus virtuv\u0117s elementu. J\u0173 d\u0117ka spintel\u0117 atrodo ne tik funkcionali, bet ir rafinuota bei stilinga.<\/p>","protected":false},"excerpt":{"rendered":"<p>Plotis (cm): 40<br \/>\n\u016agis (cm): 87<br \/>\nGylis (cm): 52<\/p>","protected":false},"featured_media":158404,"comment_status":"open","ping_status":"open","template":"","meta":[],"product_brand":[],"product_cat":[9436,4106],"product_tag":[],"class_list":{"0":"post-158403","1":"product","2":"type-product","3":"status-publish","4":"has-post-thumbnail","6":"product_cat-kitchen-system-sorento","7":"product_cat-gala-meble","9":"first","10":"instock","11":"purchasable","12":"product-type-simple"},"_links":{"self":[{"href":"https:\/\/baldumarket.lt\/lt\/wp-json\/wp\/v2\/product\/158403","targetHints":{"allow":["GET"]}}],"collection":[{"href":"https:\/\/baldumarket.lt\/lt\/wp-json\/wp\/v2\/product"}],"about":[{"href":"https:\/\/baldumarket.lt\/lt\/wp-json\/wp\/v2\/types\/product"}],"replies":[{"embeddable":true,"href":"https:\/\/baldumarket.lt\/lt\/wp-json\/wp\/v2\/comments?post=158403"}],"wp:featuredmedia":[{"embeddable":true,"href":"https:\/\/baldumarket.lt\/lt\/wp-json\/wp\/v2\/media\/158404"}],"wp:attachment":[{"href":"https:\/\/baldumarket.lt\/lt\/wp-json\/wp\/v2\/media?parent=158403"}],"wp:term":[{"taxonomy":"product_brand","embeddable":true,"href":"https:\/\/baldumarket.lt\/lt\/wp-json\/wp\/v2\/product_brand?post=158403"},{"taxonomy":"product_cat","embeddable":true,"href":"https:\/\/baldumarket.lt\/lt\/wp-json\/wp\/v2\/product_cat?post=158403"},{"taxonomy":"product_tag","embeddable":true,"href":"https:\/\/baldumarket.lt\/lt\/wp-json\/wp\/v2\/product_tag?post=158403"}],"curies":[{"name":"wp","href":"https:\/\/api.w.org\/{rel}","templated":true}]}}