{"id":158398,"date":"2025-12-19T00:01:09","date_gmt":"2025-12-18T21:01:09","guid":{"rendered":"https:\/\/baldumarket.lt\/product\/szafka-kuchenna-dolna-4s-sorento-d40s4-ax-baltic-storm-green\/"},"modified":"2026-02-18T11:11:21","modified_gmt":"2026-02-18T08:11:21","slug":"szafka-kuchenna-dolna-4s-sorento-d40s4-ax-baltic-storm-green","status":"publish","type":"product","link":"https:\/\/baldumarket.lt\/lt\/product\/szafka-kuchenna-dolna-4s-sorento-d40s4-ax-baltic-storm-green\/","title":{"rendered":"Apatin\u0117 virtuv\u0117s spintel\u0117 4S Sorento D40S4 AX Baltic Storm Green"},"content":{"rendered":"<p>Atraskite moderni\u0105 elegancij\u0105 savo virtuv\u0117je su \u2019Sorento D40S4 AX\u201c apatine spintele, kuri derina unikal\u0173 stili\u0173 ir funkcionalum\u0105. Matin\u0117s \u017ealios spalvos fasadai suteiks j\u016bs\u0173 interjerui gaivumo, o \u201eBaltic Storm\u201c korpusas \u2013 paslapties ir rafinuotumo. \u0160is spalv\u0173 derinys ne tik \u012fkvepia, bet ir puikiai dera su \u012fvairiais virtuv\u0117s dizainais. Spintel\u0117je yra keturi erdv\u016bs stal\u010diai, kurie u\u017etikrina optimal\u0173 erdv\u0117s i\u0161naudojim\u0105 ir padeda tvarkingai laikyti visus virtuv\u0117s reikmenis. Viso i\u0161traukimo b\u0117geliai leid\u017eia lengvai ir patogiai pasiekti turin\u012f, u\u017etikrinant patog\u0173 kasdien\u012f naudojim\u0105. Tylus stal\u010di\u0173 veikimas ir \u0161velnus u\u017edarymas yra papildomas privalumas, tod\u0117l darbas virtuv\u0117je tampa tikru malonumu. Eleganti\u0161kos, juodos metalin\u0117s rankenos suteikia spintelei modernumo ir pagerina jos estetik\u0105. Auk\u0161tos, reguliuojamos kojel\u0117s leid\u017eia pritaikyti spintel\u0119 pagal individualius poreikius ir palengvina valym\u0105 po apa\u010dia. \u0160i konstrukcija suteikia spintelei lengvumo ir u\u017etikrina jos stabilum\u0105, kartu palengvindama surinkim\u0105.<\/p>","protected":false},"excerpt":{"rendered":"<p>Plotis (cm): 40<br \/>\n\u016agis (cm): 87<br \/>\nGylis (cm): 52<\/p>","protected":false},"featured_media":158399,"comment_status":"open","ping_status":"open","template":"","meta":[],"product_brand":[],"product_cat":[9436,4106],"product_tag":[],"class_list":{"0":"post-158398","1":"product","2":"type-product","3":"status-publish","4":"has-post-thumbnail","6":"product_cat-kitchen-system-sorento","7":"product_cat-gala-meble","9":"first","10":"instock","11":"purchasable","12":"product-type-simple"},"_links":{"self":[{"href":"https:\/\/baldumarket.lt\/lt\/wp-json\/wp\/v2\/product\/158398","targetHints":{"allow":["GET"]}}],"collection":[{"href":"https:\/\/baldumarket.lt\/lt\/wp-json\/wp\/v2\/product"}],"about":[{"href":"https:\/\/baldumarket.lt\/lt\/wp-json\/wp\/v2\/types\/product"}],"replies":[{"embeddable":true,"href":"https:\/\/baldumarket.lt\/lt\/wp-json\/wp\/v2\/comments?post=158398"}],"wp:featuredmedia":[{"embeddable":true,"href":"https:\/\/baldumarket.lt\/lt\/wp-json\/wp\/v2\/media\/158399"}],"wp:attachment":[{"href":"https:\/\/baldumarket.lt\/lt\/wp-json\/wp\/v2\/media?parent=158398"}],"wp:term":[{"taxonomy":"product_brand","embeddable":true,"href":"https:\/\/baldumarket.lt\/lt\/wp-json\/wp\/v2\/product_brand?post=158398"},{"taxonomy":"product_cat","embeddable":true,"href":"https:\/\/baldumarket.lt\/lt\/wp-json\/wp\/v2\/product_cat?post=158398"},{"taxonomy":"product_tag","embeddable":true,"href":"https:\/\/baldumarket.lt\/lt\/wp-json\/wp\/v2\/product_tag?post=158398"}],"curies":[{"name":"wp","href":"https:\/\/api.w.org\/{rel}","templated":true}]}}