{"id":158393,"date":"2025-12-19T00:00:59","date_gmt":"2025-12-18T21:00:59","guid":{"rendered":"https:\/\/baldumarket.lt\/product\/szafka-kuchenna-dolna-4s-sorento-d40s4-ax-bialy-green\/"},"modified":"2026-02-18T11:11:21","modified_gmt":"2026-02-18T08:11:21","slug":"szafka-kuchenna-dolna-4s-sorento-d40s4-ax-bialy-green","status":"publish","type":"product","link":"https:\/\/baldumarket.lt\/lt\/product\/szafka-kuchenna-dolna-4s-sorento-d40s4-ax-bialy-green\/","title":{"rendered":"Apatin\u0117 virtuv\u0117s spintel\u0117 4S Sorento D40S4 AX Balta \u017dalia"},"content":{"rendered":"<p>Atraskite i\u0161skirtin\u0119 4S Sorento D40S4 AX apatin\u0119 virtuv\u0117s spintel\u0119, kuri puikiai papildys j\u016bs\u0173 modern\u0173 virtuv\u0117s dizain\u0105. Eleganti\u0161kas matin\u0117s baltos ir matin\u0117s \u017ealios spalvos atspalvi\u0173 dizainas yra stiliaus ir funkcionalumo kvintesencija. \u0160i\u0173 spalv\u0173 derinys spintel\u0119 paver\u010dia ne tik ak\u012f traukian\u010dia, bet ir suteikia interjerui harmonijos bei gaivumo. Laminuotos plok\u0161t\u0117s apdaila garantuoja atsparum\u0105 pa\u017eeidimams, o 18 mm storis \u2013 patvarum\u0105 ir tvirtum\u0105 ilgus metus. 4S Sorento apatin\u0117 virtuv\u0117s spintel\u0117 yra ne tik eleganti\u0161ka, bet ir vizualiai patraukli. Su keturiais erdviais stal\u010diais ji yra puikus sprendimas bet kuriai virtuvei. Maksimali kiekvieno stal\u010diaus apkrova \u2013 40 kg, tod\u0117l galite lengvai laikyti ne tik stalo \u012frankius, bet ir kitus virtuv\u0117s reikmenis. Pilnai i\u0161traukiami stal\u010diai suteikia lengv\u0105 prieig\u0105 prie reikmen\u0173, o integruotos \u0161velnaus u\u017edarymo funkcijos leid\u017eia naudotis dar patogiau. Auk\u0161tos, 15 centimetr\u0173 kojel\u0117s ne tik suteikia spintelei subtilaus charakterio, bet ir palengvina virtuv\u0117s valym\u0105. Kojeli\u0173 auk\u0161\u010dio reguliavimas nuo 150 iki 170 mm leid\u017eia pritaikyti j\u0105 individualiems poreikiams, u\u017etikrinant maksimal\u0173 komfort\u0105. Be to, tvirta metalin\u0117 klasikin\u0117s juodos spalvos rankena pabr\u0117\u017eia modern\u0173 bald\u0173 stili\u0173, suteikdama jiems eleganti\u0161k\u0105 i\u0161vaizd\u0105, kuri papildo \u012fvairius interjero dizainus.<\/p>","protected":false},"excerpt":{"rendered":"<p>Plotis (cm): 40<br \/>\n\u016agis (cm): 87<br \/>\nGylis (cm): 52<\/p>","protected":false},"featured_media":158394,"comment_status":"open","ping_status":"open","template":"","meta":[],"product_brand":[],"product_cat":[9436,4106],"product_tag":[],"class_list":{"0":"post-158393","1":"product","2":"type-product","3":"status-publish","4":"has-post-thumbnail","6":"product_cat-kitchen-system-sorento","7":"product_cat-gala-meble","9":"first","10":"instock","11":"purchasable","12":"product-type-simple"},"_links":{"self":[{"href":"https:\/\/baldumarket.lt\/lt\/wp-json\/wp\/v2\/product\/158393","targetHints":{"allow":["GET"]}}],"collection":[{"href":"https:\/\/baldumarket.lt\/lt\/wp-json\/wp\/v2\/product"}],"about":[{"href":"https:\/\/baldumarket.lt\/lt\/wp-json\/wp\/v2\/types\/product"}],"replies":[{"embeddable":true,"href":"https:\/\/baldumarket.lt\/lt\/wp-json\/wp\/v2\/comments?post=158393"}],"wp:featuredmedia":[{"embeddable":true,"href":"https:\/\/baldumarket.lt\/lt\/wp-json\/wp\/v2\/media\/158394"}],"wp:attachment":[{"href":"https:\/\/baldumarket.lt\/lt\/wp-json\/wp\/v2\/media?parent=158393"}],"wp:term":[{"taxonomy":"product_brand","embeddable":true,"href":"https:\/\/baldumarket.lt\/lt\/wp-json\/wp\/v2\/product_brand?post=158393"},{"taxonomy":"product_cat","embeddable":true,"href":"https:\/\/baldumarket.lt\/lt\/wp-json\/wp\/v2\/product_cat?post=158393"},{"taxonomy":"product_tag","embeddable":true,"href":"https:\/\/baldumarket.lt\/lt\/wp-json\/wp\/v2\/product_tag?post=158393"}],"curies":[{"name":"wp","href":"https:\/\/api.w.org\/{rel}","templated":true}]}}