{"id":158387,"date":"2025-12-19T00:00:46","date_gmt":"2025-12-18T21:00:46","guid":{"rendered":"https:\/\/baldumarket.lt\/product\/szafka-kuchenna-dolna-4s-sorento-d40s4-ax-bialy-mat\/"},"modified":"2026-02-18T11:11:06","modified_gmt":"2026-02-18T08:11:06","slug":"szafka-kuchenna-dolna-4s-sorento-d40s4-ax-bialy-mat","status":"publish","type":"product","link":"https:\/\/baldumarket.lt\/lt\/product\/szafka-kuchenna-dolna-4s-sorento-d40s4-ax-bialy-mat\/","title":{"rendered":"Apatin\u0117 virtuv\u0117s spintel\u0117 4S Sorento D40S4 AX matin\u0117 balta"},"content":{"rendered":"<p>Atraskite unikal\u0173 \u017eaves\u012f ir minimalistin\u012f elegancij\u0105 su matin\u0117s baltos spalvos 4S Sorento D40S4 AX virtuv\u0117s spintele, puikiai tinkan\u010dia bet kuriai moderniai virtuvei. \u0160i kruop\u0161\u010diai suprojektuota spintel\u0117, pagaminta i\u0161 auk\u0161tos kokyb\u0117s med\u017eiag\u0173, derina estetik\u0105 ir funkcionalum\u0105, sukurdama erdv\u0119, kuri traukia ak\u012f subtilia, ta\u010diau rafinuota i\u0161vaizda. Pasigro\u017e\u0117kite unikaliu dizainu, kuris i\u0161siskiria aukso atspalvio metalin\u0117mis rankenomis, suteikian\u010diomis bet kokiai virtuvei prabangos. Matin\u0117 balta MDF priekin\u0117 dalis kartu su laminuotos plok\u0161t\u0117s korpusu sukuria darni\u0105 visum\u0105, atitinkan\u010di\u0105 naujausias interjero dizaino tendencijas, kartu u\u017etikrinant patvarum\u0105 ir atsparum\u0105 kasdieniams i\u0161\u0161\u016bkiams. \u0160ios spintel\u0117s funkcionalumas yra gerai apgalvotas i\u0161 vis\u0173 pusi\u0173. Keturi erdv\u016bs stal\u010diai leid\u017eia efektyviai i\u0161naudoti erdv\u0119, suteikdami vietos visiems j\u016bs\u0173 virtuv\u0117s reikmenims \u2013 nuo \u012franki\u0173 iki pried\u0173 \u2013 viskas lengvai pasiekiama. Viso i\u0161traukimo mechanizmai su \u0161velnaus u\u017edarymo sistema ne tik u\u017etikrina patog\u0173 naudojim\u0105, bet ir skatina rami\u0105 nam\u0173 aplink\u0105.<\/p>","protected":false},"excerpt":{"rendered":"<p>Plotis (cm): 40<br \/>\n\u016agis (cm): 87<br \/>\nGylis (cm): 52<\/p>","protected":false},"featured_media":158388,"comment_status":"open","ping_status":"open","template":"","meta":[],"product_brand":[],"product_cat":[9436,4106],"product_tag":[],"class_list":{"0":"post-158387","1":"product","2":"type-product","3":"status-publish","4":"has-post-thumbnail","6":"product_cat-kitchen-system-sorento","7":"product_cat-gala-meble","9":"first","10":"instock","11":"purchasable","12":"product-type-simple"},"_links":{"self":[{"href":"https:\/\/baldumarket.lt\/lt\/wp-json\/wp\/v2\/product\/158387","targetHints":{"allow":["GET"]}}],"collection":[{"href":"https:\/\/baldumarket.lt\/lt\/wp-json\/wp\/v2\/product"}],"about":[{"href":"https:\/\/baldumarket.lt\/lt\/wp-json\/wp\/v2\/types\/product"}],"replies":[{"embeddable":true,"href":"https:\/\/baldumarket.lt\/lt\/wp-json\/wp\/v2\/comments?post=158387"}],"wp:featuredmedia":[{"embeddable":true,"href":"https:\/\/baldumarket.lt\/lt\/wp-json\/wp\/v2\/media\/158388"}],"wp:attachment":[{"href":"https:\/\/baldumarket.lt\/lt\/wp-json\/wp\/v2\/media?parent=158387"}],"wp:term":[{"taxonomy":"product_brand","embeddable":true,"href":"https:\/\/baldumarket.lt\/lt\/wp-json\/wp\/v2\/product_brand?post=158387"},{"taxonomy":"product_cat","embeddable":true,"href":"https:\/\/baldumarket.lt\/lt\/wp-json\/wp\/v2\/product_cat?post=158387"},{"taxonomy":"product_tag","embeddable":true,"href":"https:\/\/baldumarket.lt\/lt\/wp-json\/wp\/v2\/product_tag?post=158387"}],"curies":[{"name":"wp","href":"https:\/\/api.w.org\/{rel}","templated":true}]}}