{"id":158383,"date":"2025-12-19T00:00:38","date_gmt":"2025-12-18T21:00:38","guid":{"rendered":"https:\/\/baldumarket.lt\/product\/szafka-kuchenna-dolna-4s-sorento-d40s4-ax-bialy-mat-bezowy-mat\/"},"modified":"2026-02-18T11:11:06","modified_gmt":"2026-02-18T08:11:06","slug":"szafka-kuchenna-dolna-4s-sorento-d40s4-ax-bialy-mat-bezowy-mat","status":"publish","type":"product","link":"https:\/\/baldumarket.lt\/lt\/product\/szafka-kuchenna-dolna-4s-sorento-d40s4-ax-bialy-mat-bezowy-mat\/","title":{"rendered":"Apatin\u0117 virtuv\u0117s spintel\u0117 4S Sorento D40S4 AX matin\u0117 balta matin\u0117 sm\u0117lio spalvos"},"content":{"rendered":"<p>Atraskite elegancij\u0105 ir modernum\u0105, kur\u012f si\u016blo 4S Sorento apatin\u0117 virtuv\u0117s spintel\u0117 matin\u0117s baltos spalvos su sm\u0117lio spalvos priekiu. \u0160is unikalus baldas derina subtili\u0105 spalv\u0105 su klasikiniu, nesenstan\u010diu stiliumi. \u0160i spintel\u0117 suteiks j\u016bs\u0173 interjerui unikalaus charakterio, papildydama kambar\u012f ne tik funkcionaliai, bet ir esteti\u0161kai.<\/p>\n<p>Unikali spintel\u0117s i\u0161vaizda paremta kontrastingomis spalvomis \u2013 baltas korpusas dera su sm\u0117lio spalvos priekiu, sukurdamas gaiv\u0173 ir erdv\u0173 efekt\u0105. Matin\u0117 apdaila suteikia elegancijos ir yra itin prakti\u0161ka kasdieniam naudojimui. D\u0117l \u0161ios sant\u016brios spalv\u0173 gamos \u0161i spintel\u0117 puikiai der\u0117s tiek prie klasikinio, tiek prie modernaus virtuv\u0117s dizaino.<\/p>\n<p>Pasirink\u0119 \u0161i\u0105 spintel\u0119, \u012fvertinsite kasdien\u012f funkcionalum\u0105. Ji turi keturis prakti\u0161kus stal\u010dius, tod\u0117l si\u016blo daug vietos daiktams susid\u0117ti. Kiekvienas stal\u010dius veikia tyliai ir \u0161velniai d\u0117l pilno i\u0161traukimo b\u0117geli\u0173 su \u0161velnaus u\u017edarymo funkcija. \u0160is sprendimas u\u017etikrina patog\u0173 naudojim\u0105 ir universalum\u0105 organizuojant virtuv\u0117s reikmenis.<\/p>\n<p>Nepamir\u0161tos ir detal\u0117s \u2013 juoda metalin\u0117 rankena suteikia modernumo, o reguliuojamos kojel\u0117s leid\u017eia reguliuoti spintel\u0117s auk\u0161t\u012f pagal individualius poreikius. Savaranki\u0161kas surinkimas yra paprastas ir intuityvus, tod\u0117l galite greitai m\u0117gautis savo svajoni\u0173 virtuv\u0117s funkcionalumu ir estetika. 4S Sorento apatin\u0117 virtuv\u0117s spintel\u0117 yra puikus pasirinkimas tiems, kurie vertina kokyb\u0119 ir stili\u0173 kiekvienoje detal\u0117je.<\/p>","protected":false},"excerpt":{"rendered":"<p>Plotis (cm): 40<br \/>\n\u016agis (cm): 87<br \/>\nGylis (cm): 52<\/p>","protected":false},"featured_media":158384,"comment_status":"open","ping_status":"open","template":"","meta":[],"product_brand":[],"product_cat":[9436,4106],"product_tag":[],"class_list":{"0":"post-158383","1":"product","2":"type-product","3":"status-publish","4":"has-post-thumbnail","6":"product_cat-kitchen-system-sorento","7":"product_cat-gala-meble","9":"first","10":"instock","11":"purchasable","12":"product-type-simple"},"_links":{"self":[{"href":"https:\/\/baldumarket.lt\/lt\/wp-json\/wp\/v2\/product\/158383","targetHints":{"allow":["GET"]}}],"collection":[{"href":"https:\/\/baldumarket.lt\/lt\/wp-json\/wp\/v2\/product"}],"about":[{"href":"https:\/\/baldumarket.lt\/lt\/wp-json\/wp\/v2\/types\/product"}],"replies":[{"embeddable":true,"href":"https:\/\/baldumarket.lt\/lt\/wp-json\/wp\/v2\/comments?post=158383"}],"wp:featuredmedia":[{"embeddable":true,"href":"https:\/\/baldumarket.lt\/lt\/wp-json\/wp\/v2\/media\/158384"}],"wp:attachment":[{"href":"https:\/\/baldumarket.lt\/lt\/wp-json\/wp\/v2\/media?parent=158383"}],"wp:term":[{"taxonomy":"product_brand","embeddable":true,"href":"https:\/\/baldumarket.lt\/lt\/wp-json\/wp\/v2\/product_brand?post=158383"},{"taxonomy":"product_cat","embeddable":true,"href":"https:\/\/baldumarket.lt\/lt\/wp-json\/wp\/v2\/product_cat?post=158383"},{"taxonomy":"product_tag","embeddable":true,"href":"https:\/\/baldumarket.lt\/lt\/wp-json\/wp\/v2\/product_tag?post=158383"}],"curies":[{"name":"wp","href":"https:\/\/api.w.org\/{rel}","templated":true}]}}