{"id":158378,"date":"2025-12-19T00:00:28","date_gmt":"2025-12-18T21:00:28","guid":{"rendered":"https:\/\/baldumarket.lt\/product\/szafka-kuchenna-dolna-4s-sorento-d40s4-ax-bialy-mat-puccini\/"},"modified":"2026-02-18T11:11:06","modified_gmt":"2026-02-18T08:11:06","slug":"szafka-kuchenna-dolna-4s-sorento-d40s4-ax-bialy-mat-puccini","status":"publish","type":"product","link":"https:\/\/baldumarket.lt\/lt\/product\/szafka-kuchenna-dolna-4s-sorento-d40s4-ax-bialy-mat-puccini\/","title":{"rendered":"Apatin\u0117 virtuv\u0117s spintel\u0117 4S Sorento D40S4 AX Matin\u0117 balta Puccini"},"content":{"rendered":"<p>4S Sorento D40S4 AX apatin\u0117 virtuv\u0117s spintel\u0117 \u2013 tobulas funkcionalumo ir elegancijos derinys j\u016bs\u0173 virtuvei. D\u0117l modernios Puccini apdailos spintel\u0117s priekin\u0117 dalis traukia ak\u012f, suteikdama bet kokiam interjerui stiliaus ir klas\u0117s. Matin\u0117s baltos spalvos korpusas harmoningai papildo vis\u0105 dizain\u0105, suteikdamas interjerui lengvumo ir erdvumo poj\u016bt\u012f. Tai puikus sprendimas tiems, kurie vertina estetik\u0105 ir modern\u0173 dizain\u0105. Prakti\u0161kumas \u0161iai spintelei yra antra prigimtis. Keturi erdv\u016bs stal\u010diai suteikia daug vietos daiktams susid\u0117ti, padedantys palaikyti tvark\u0105 ir organizuotum\u0105 virtuv\u0117je. Pilno i\u0161traukimo b\u0117geliai leid\u017eia lengvai pasiekti visus j\u016bs\u0173 daiktus, tod\u0117l kasdienis maisto gaminimas tampa tikru malonumu. \u0160velniai u\u017esidarantys stal\u010diai dar labiau padidina komfort\u0105, nes pa\u0161alina nemalon\u0173 girg\u017ed\u0117jim\u0105 ir gars\u0105. Patikimumas ir ilgaam\u017ei\u0161kumas yra \u0161ios spintel\u0117s skiriamieji bruo\u017eai. Auk\u0161tos, reguliuojamos kojel\u0117s ne tik suteikia lengvumo, bet ir palengvina valym\u0105 po spintele. Juoda metalin\u0117 rankena yra skoningas akcentas, kuris gra\u017eiai kontrastuoja su \u0161viesesniais pavir\u0161iais, pabr\u0117\u017edamas presti\u017ein\u012f baldo charakter\u012f.<\/p>","protected":false},"excerpt":{"rendered":"<p>Plotis (cm): 40<br \/>\n\u016agis (cm): 87<br \/>\nGylis (cm): 52<\/p>","protected":false},"featured_media":158379,"comment_status":"open","ping_status":"open","template":"","meta":[],"product_brand":[],"product_cat":[9436,4106],"product_tag":[],"class_list":{"0":"post-158378","1":"product","2":"type-product","3":"status-publish","4":"has-post-thumbnail","6":"product_cat-kitchen-system-sorento","7":"product_cat-gala-meble","9":"first","10":"instock","11":"purchasable","12":"product-type-simple"},"_links":{"self":[{"href":"https:\/\/baldumarket.lt\/lt\/wp-json\/wp\/v2\/product\/158378","targetHints":{"allow":["GET"]}}],"collection":[{"href":"https:\/\/baldumarket.lt\/lt\/wp-json\/wp\/v2\/product"}],"about":[{"href":"https:\/\/baldumarket.lt\/lt\/wp-json\/wp\/v2\/types\/product"}],"replies":[{"embeddable":true,"href":"https:\/\/baldumarket.lt\/lt\/wp-json\/wp\/v2\/comments?post=158378"}],"wp:featuredmedia":[{"embeddable":true,"href":"https:\/\/baldumarket.lt\/lt\/wp-json\/wp\/v2\/media\/158379"}],"wp:attachment":[{"href":"https:\/\/baldumarket.lt\/lt\/wp-json\/wp\/v2\/media?parent=158378"}],"wp:term":[{"taxonomy":"product_brand","embeddable":true,"href":"https:\/\/baldumarket.lt\/lt\/wp-json\/wp\/v2\/product_brand?post=158378"},{"taxonomy":"product_cat","embeddable":true,"href":"https:\/\/baldumarket.lt\/lt\/wp-json\/wp\/v2\/product_cat?post=158378"},{"taxonomy":"product_tag","embeddable":true,"href":"https:\/\/baldumarket.lt\/lt\/wp-json\/wp\/v2\/product_tag?post=158378"}],"curies":[{"name":"wp","href":"https:\/\/api.w.org\/{rel}","templated":true}]}}