{"id":158373,"date":"2025-12-19T00:00:19","date_gmt":"2025-12-18T21:00:19","guid":{"rendered":"https:\/\/baldumarket.lt\/product\/szafka-kuchenna-dolna-4s-sorento-d40s4-ax-puccini\/"},"modified":"2026-02-18T11:11:06","modified_gmt":"2026-02-18T08:11:06","slug":"szafka-kuchenna-dolna-4s-sorento-d40s4-ax-puccini","status":"publish","type":"product","link":"https:\/\/baldumarket.lt\/lt\/product\/szafka-kuchenna-dolna-4s-sorento-d40s4-ax-puccini\/","title":{"rendered":"Apatin\u0117 virtuv\u0117s spintel\u0117 4S Sorento D40S4 AX Puccini"},"content":{"rendered":"<p>Atraskite i\u0161skirtin\u0119 \u201eGa\u0142a Meble\u201c apatin\u0117s virtuv\u0117s spintel\u0117s \u201eSorento 4S\u201c elegancij\u0105 ir funkcionalum\u0105. \u0160is baldas \u2013 tai tobulas estetikos ir prakti\u0161kumo derinys, puikiai tinkantis bet kuriai moderniai virtuvei. Puccini spalva suteikia jai unikal\u0173, \u0161ilt\u0105 charakter\u012f, \u012fne\u0161dama jauki\u0105 atmosfer\u0105 \u012f nam\u0173 \u0161ird\u012f. \u201eSorento\u201c spintel\u0117 i\u0161siskiria ne tik gra\u017eia i\u0161vaizda, bet ir puikiu funkcionalumu. Keturi\u0173 erdvi\u0173 stal\u010di\u0173 komplektas leid\u017eia efektyviai laikyti visus j\u016bs\u0173 virtuv\u0117s lobius. \u0160velnaus u\u017edarymo sistema ir pilno i\u0161traukimo b\u0117geliai u\u017etikrina patog\u0173 kasdien\u012f naudojim\u0105, kartu u\u017etikrindami j\u016bs\u0173 patogum\u0105 ir ramyb\u0119. D\u0117l tvirt\u0173 med\u017eiag\u0173, toki\u0173 kaip laminuota plok\u0161t\u0117, \u0161i spintel\u0117 yra ne tik esteti\u0161kai patraukli, bet ir patvari bei atspari pa\u017eeidimams. Juodos metalin\u0117s rankenos suteikia modernumo ir puikiai papildo bendr\u0105 dizain\u0105. Be to, reguliuojamos kojel\u0117s leid\u017eia reguliuoti auk\u0161t\u012f pagal individualius poreikius, tod\u0117l \u0161i spintel\u0117 yra ne\u012ftik\u0117tinai universalus pasirinkimas.<\/p>","protected":false},"excerpt":{"rendered":"<p>Plotis (cm): 40<br \/>\n\u016agis (cm): 87<br \/>\nGylis (cm): 52<\/p>","protected":false},"featured_media":158374,"comment_status":"open","ping_status":"open","template":"","meta":[],"product_brand":[],"product_cat":[9436,4106],"product_tag":[],"class_list":{"0":"post-158373","1":"product","2":"type-product","3":"status-publish","4":"has-post-thumbnail","6":"product_cat-kitchen-system-sorento","7":"product_cat-gala-meble","9":"first","10":"instock","11":"purchasable","12":"product-type-simple"},"_links":{"self":[{"href":"https:\/\/baldumarket.lt\/lt\/wp-json\/wp\/v2\/product\/158373","targetHints":{"allow":["GET"]}}],"collection":[{"href":"https:\/\/baldumarket.lt\/lt\/wp-json\/wp\/v2\/product"}],"about":[{"href":"https:\/\/baldumarket.lt\/lt\/wp-json\/wp\/v2\/types\/product"}],"replies":[{"embeddable":true,"href":"https:\/\/baldumarket.lt\/lt\/wp-json\/wp\/v2\/comments?post=158373"}],"wp:featuredmedia":[{"embeddable":true,"href":"https:\/\/baldumarket.lt\/lt\/wp-json\/wp\/v2\/media\/158374"}],"wp:attachment":[{"href":"https:\/\/baldumarket.lt\/lt\/wp-json\/wp\/v2\/media?parent=158373"}],"wp:term":[{"taxonomy":"product_brand","embeddable":true,"href":"https:\/\/baldumarket.lt\/lt\/wp-json\/wp\/v2\/product_brand?post=158373"},{"taxonomy":"product_cat","embeddable":true,"href":"https:\/\/baldumarket.lt\/lt\/wp-json\/wp\/v2\/product_cat?post=158373"},{"taxonomy":"product_tag","embeddable":true,"href":"https:\/\/baldumarket.lt\/lt\/wp-json\/wp\/v2\/product_tag?post=158373"}],"curies":[{"name":"wp","href":"https:\/\/api.w.org\/{rel}","templated":true}]}}