{"id":158368,"date":"2025-12-19T00:00:09","date_gmt":"2025-12-18T21:00:09","guid":{"rendered":"https:\/\/baldumarket.lt\/product\/szafka-kuchenna-dolna-4s-sorento-d40s4-ax-puccini-bezowy-mat\/"},"modified":"2026-02-18T11:11:06","modified_gmt":"2026-02-18T08:11:06","slug":"szafka-kuchenna-dolna-4s-sorento-d40s4-ax-puccini-bezowy-mat","status":"publish","type":"product","link":"https:\/\/baldumarket.lt\/lt\/product\/szafka-kuchenna-dolna-4s-sorento-d40s4-ax-puccini-bezowy-mat\/","title":{"rendered":"Apatin\u0117 virtuv\u0117s spintel\u0117 4S Sorento D40S4 AX Puccini Matte Beige"},"content":{"rendered":"<p>Atraskite modernaus dizaino elegancij\u0105 su \u201eSorento\u201c apatine spintele \u2013 puikiai tinkan\u010dia moderniai virtuvei. Matin\u0117s sm\u0117lio spalvos fasadai kartu su unikaliu Puccini atspalviu suteikia subtili\u0105 harmonij\u0105 bendram dizainui, pabr\u0117\u017edami interjero stili\u0173 ir rafinuotum\u0105. Subtilus laminuotos priekin\u0117s plok\u0161t\u0117s blizgesys derina estetik\u0105 su patvarumu, tod\u0117l \u0161i spintel\u0117 yra puikus pasirinkimas tiems, kurie m\u0117gsta gra\u017eius, bet funkcionalius baldus. \u201eSorento\u201c apatin\u0117je spintel\u0117je yra keturi prakti\u0161ki stal\u010diai, skirti maksimaliai i\u0161naudoti erdv\u0119. Tai leid\u017eia susisteminti virtuv\u0117s reikmenis ir palengvina kasdienes u\u017eduotis. Kiekvienas stal\u010dius turi pilno i\u0161traukimo b\u0117gelius, kurie padeda lengvai ir skland\u017eiai pasiekti vis\u0105 turin\u012f. Estetin\u0117s detal\u0117s, tokios kaip kontrastingos juodos spalvos metalin\u0117 rankena, suteikia modernumo. \u0160ios detal\u0117s paver\u010dia \u0161i\u0105 spintel\u0119 ne tik eleganti\u0161ku, bet ir funkcionaliu elementu j\u016bs\u0173 virtuv\u0117je. Auk\u0161t\u0173, reguliuojam\u0173 kojeli\u0173 naudojimas leid\u017eia reguliuoti bald\u0173 auk\u0161t\u012f pagal individualius poreikius ir lengvai palaikyti \u0161var\u0105 po baldais.<\/p>","protected":false},"excerpt":{"rendered":"<p>Plotis (cm): 40<br \/>\n\u016agis (cm): 87<br \/>\nGylis (cm): 52<\/p>","protected":false},"featured_media":158369,"comment_status":"open","ping_status":"open","template":"","meta":[],"product_brand":[],"product_cat":[9436,4106],"product_tag":[],"class_list":{"0":"post-158368","1":"product","2":"type-product","3":"status-publish","4":"has-post-thumbnail","6":"product_cat-kitchen-system-sorento","7":"product_cat-gala-meble","9":"first","10":"instock","11":"purchasable","12":"product-type-simple"},"_links":{"self":[{"href":"https:\/\/baldumarket.lt\/lt\/wp-json\/wp\/v2\/product\/158368","targetHints":{"allow":["GET"]}}],"collection":[{"href":"https:\/\/baldumarket.lt\/lt\/wp-json\/wp\/v2\/product"}],"about":[{"href":"https:\/\/baldumarket.lt\/lt\/wp-json\/wp\/v2\/types\/product"}],"replies":[{"embeddable":true,"href":"https:\/\/baldumarket.lt\/lt\/wp-json\/wp\/v2\/comments?post=158368"}],"wp:featuredmedia":[{"embeddable":true,"href":"https:\/\/baldumarket.lt\/lt\/wp-json\/wp\/v2\/media\/158369"}],"wp:attachment":[{"href":"https:\/\/baldumarket.lt\/lt\/wp-json\/wp\/v2\/media?parent=158368"}],"wp:term":[{"taxonomy":"product_brand","embeddable":true,"href":"https:\/\/baldumarket.lt\/lt\/wp-json\/wp\/v2\/product_brand?post=158368"},{"taxonomy":"product_cat","embeddable":true,"href":"https:\/\/baldumarket.lt\/lt\/wp-json\/wp\/v2\/product_cat?post=158368"},{"taxonomy":"product_tag","embeddable":true,"href":"https:\/\/baldumarket.lt\/lt\/wp-json\/wp\/v2\/product_tag?post=158368"}],"curies":[{"name":"wp","href":"https:\/\/api.w.org\/{rel}","templated":true}]}}