{"id":158363,"date":"2025-12-18T23:59:55","date_gmt":"2025-12-18T20:59:55","guid":{"rendered":"https:\/\/baldumarket.lt\/product\/szafka-kuchenna-dolna-4s-sorento-d40s4-ax-puccini-bialy-mat-ramka\/"},"modified":"2026-02-18T11:11:06","modified_gmt":"2026-02-18T08:11:06","slug":"szafka-kuchenna-dolna-4s-sorento-d40s4-ax-puccini-bialy-mat-ramka","status":"publish","type":"product","link":"https:\/\/baldumarket.lt\/lt\/product\/szafka-kuchenna-dolna-4s-sorento-d40s4-ax-puccini-bialy-mat-ramka\/","title":{"rendered":"Apatin\u0117 virtuv\u0117s spintel\u0117 4S Sorento D40S4 AX Puccini matinis baltas r\u0117mas"},"content":{"rendered":"<p>Atraskite elegancij\u0105 ir funkcionalum\u0105, kur\u012f si\u016blo garsaus \u201eGa\u0142a Meble\u201c prek\u0117s \u017eenklo apatin\u0117 virtuv\u0117s spintel\u0117 \u201eSorento 4S\u201c. \u0160i stilinga matin\u0117s baltos spalvos spintel\u0117 \u017eavi savo paprastumu ir subtiliu rafinuotumu. Minimalistinis dizainas harmoningai der\u0117s prie bet kokio modernaus interjero, suteikdamas lengvumo ir gaivumo. Matin\u0117s baltos spalvos priekio ir Puccini spalvos korpuso derinys yra \u0161iuolaikin\u0117s elegancijos kvintesencija. Subtilios auksin\u0117s ranken\u0117l\u0117s suteikia spintelei prabangos, unikalaus charakterio. \u0160i spalv\u0173 gama leid\u017eia \u0161iam gaminiui puikiai der\u0117ti prie \u012fvairi\u0173 virtuv\u0117s dizain\u0173, sukurdama darni\u0105 visum\u0105 su kitais baldais. \u201eSorento\u201c spintel\u0117 si\u016blo ne tik estetik\u0105 \u2013 ji taip pat pasi\u017eymi i\u0161skirtiniu prakti\u0161kumu. Keturi erdv\u016bs, pilno i\u0161traukimo stal\u010diai suteikia lengv\u0105 prieig\u0105 prie vis\u0173 laikom\u0173 daikt\u0173. Patogum\u0105 padidina \u0161velnaus u\u017edarymo sistema, leid\u017eianti kiekvienam stal\u010diui u\u017esidaryti \u0161velniai ir tyliai, taip padidinant kasdien\u012f komfort\u0105.<\/p>","protected":false},"excerpt":{"rendered":"<p>Plotis (cm): 40<br \/>\n\u016agis (cm): 87<br \/>\nGylis (cm): 52<\/p>","protected":false},"featured_media":158364,"comment_status":"open","ping_status":"open","template":"","meta":[],"product_brand":[],"product_cat":[9436,4106],"product_tag":[],"class_list":{"0":"post-158363","1":"product","2":"type-product","3":"status-publish","4":"has-post-thumbnail","6":"product_cat-kitchen-system-sorento","7":"product_cat-gala-meble","9":"first","10":"instock","11":"purchasable","12":"product-type-simple"},"_links":{"self":[{"href":"https:\/\/baldumarket.lt\/lt\/wp-json\/wp\/v2\/product\/158363","targetHints":{"allow":["GET"]}}],"collection":[{"href":"https:\/\/baldumarket.lt\/lt\/wp-json\/wp\/v2\/product"}],"about":[{"href":"https:\/\/baldumarket.lt\/lt\/wp-json\/wp\/v2\/types\/product"}],"replies":[{"embeddable":true,"href":"https:\/\/baldumarket.lt\/lt\/wp-json\/wp\/v2\/comments?post=158363"}],"wp:featuredmedia":[{"embeddable":true,"href":"https:\/\/baldumarket.lt\/lt\/wp-json\/wp\/v2\/media\/158364"}],"wp:attachment":[{"href":"https:\/\/baldumarket.lt\/lt\/wp-json\/wp\/v2\/media?parent=158363"}],"wp:term":[{"taxonomy":"product_brand","embeddable":true,"href":"https:\/\/baldumarket.lt\/lt\/wp-json\/wp\/v2\/product_brand?post=158363"},{"taxonomy":"product_cat","embeddable":true,"href":"https:\/\/baldumarket.lt\/lt\/wp-json\/wp\/v2\/product_cat?post=158363"},{"taxonomy":"product_tag","embeddable":true,"href":"https:\/\/baldumarket.lt\/lt\/wp-json\/wp\/v2\/product_tag?post=158363"}],"curies":[{"name":"wp","href":"https:\/\/api.w.org\/{rel}","templated":true}]}}