{"id":158358,"date":"2025-12-18T23:59:46","date_gmt":"2025-12-18T20:59:46","guid":{"rendered":"https:\/\/baldumarket.lt\/product\/szafka-kuchenna-dolna-4s-sorento-d40s4-ax-puccini-green\/"},"modified":"2026-02-18T11:11:06","modified_gmt":"2026-02-18T08:11:06","slug":"szafka-kuchenna-dolna-4s-sorento-d40s4-ax-puccini-green","status":"publish","type":"product","link":"https:\/\/baldumarket.lt\/lt\/product\/szafka-kuchenna-dolna-4s-sorento-d40s4-ax-puccini-green\/","title":{"rendered":"Apatin\u0117 virtuv\u0117s spintel\u0117 4S Sorento D40S4 AX Puccini Green"},"content":{"rendered":"<p>Praskaidrinkite savo virtuv\u0119 stiliumi ir funkcionalumu su garsaus \u201eGa\u0142a Meble\u201c prek\u0117s \u017eenklo apatine virtuv\u0117s spintele \u201e4S Sorento D40S4 AX\u201c. Modernus dizainas derina i\u0161skirtinai tamsiai \u017ealius fasadus su eleganti\u0161ku Puccini spalvos korpusu, sukurdamas meni\u0161k\u0105 efekt\u0105, kuris papildo bet kok\u012f interjero dizain\u0105. \u0160i spintel\u0117 yra ne tik prakti\u0161kas elementas, bet ir esteti\u0161kai patraukli puo\u0161mena, puikiai tinkanti netradicini\u0173 sprendim\u0173 m\u0117g\u0117jams. Funkcionalumo ir estetikos derinys paver\u010dia \u0161\u012f bald\u0105 bet kurios virtuv\u0117s pagrindiniu akcentu. Juoda metalin\u0117 rankena subtiliai kontrastuoja su fasado spalva, suteikdama modernumo. Patikima konstrukcija ir d\u0117mesys detal\u0117ms u\u017etikrina, kad \u201eSorento\u201c spintel\u0117 patenkins net ir reikliausi\u0173 vartotoj\u0173 poreikius. \u0160i apatin\u0117 virtuv\u0117s spintel\u0117 turi keturis erdvius stal\u010dius, kurie supaprastina virtuv\u0117s organizavim\u0105. Kiekvienas stal\u010dius juda skland\u017eiai ir tyliai d\u0117l pilno i\u0161traukimo b\u0117geli\u0173, tod\u0117l kasdienis naudojimas tampa tikru malonumu. \u0160velnaus u\u017edarymo spynos garantuoja komfort\u0105 ir ilgaam\u017ei\u0161kum\u0105.<\/p>","protected":false},"excerpt":{"rendered":"<p>Plotis (cm): 40<br \/>\n\u016agis (cm): 87<br \/>\nGylis (cm): 52<\/p>","protected":false},"featured_media":158359,"comment_status":"open","ping_status":"open","template":"","meta":[],"product_brand":[],"product_cat":[9436,4106],"product_tag":[],"class_list":{"0":"post-158358","1":"product","2":"type-product","3":"status-publish","4":"has-post-thumbnail","6":"product_cat-kitchen-system-sorento","7":"product_cat-gala-meble","9":"first","10":"instock","11":"purchasable","12":"product-type-simple"},"_links":{"self":[{"href":"https:\/\/baldumarket.lt\/lt\/wp-json\/wp\/v2\/product\/158358","targetHints":{"allow":["GET"]}}],"collection":[{"href":"https:\/\/baldumarket.lt\/lt\/wp-json\/wp\/v2\/product"}],"about":[{"href":"https:\/\/baldumarket.lt\/lt\/wp-json\/wp\/v2\/types\/product"}],"replies":[{"embeddable":true,"href":"https:\/\/baldumarket.lt\/lt\/wp-json\/wp\/v2\/comments?post=158358"}],"wp:featuredmedia":[{"embeddable":true,"href":"https:\/\/baldumarket.lt\/lt\/wp-json\/wp\/v2\/media\/158359"}],"wp:attachment":[{"href":"https:\/\/baldumarket.lt\/lt\/wp-json\/wp\/v2\/media?parent=158358"}],"wp:term":[{"taxonomy":"product_brand","embeddable":true,"href":"https:\/\/baldumarket.lt\/lt\/wp-json\/wp\/v2\/product_brand?post=158358"},{"taxonomy":"product_cat","embeddable":true,"href":"https:\/\/baldumarket.lt\/lt\/wp-json\/wp\/v2\/product_cat?post=158358"},{"taxonomy":"product_tag","embeddable":true,"href":"https:\/\/baldumarket.lt\/lt\/wp-json\/wp\/v2\/product_tag?post=158358"}],"curies":[{"name":"wp","href":"https:\/\/api.w.org\/{rel}","templated":true}]}}