{"id":158353,"date":"2025-12-18T23:59:36","date_gmt":"2025-12-18T20:59:36","guid":{"rendered":"https:\/\/baldumarket.lt\/product\/szafka-kuchenna-dolna-cargo-sorento-d20c-puccini\/"},"modified":"2026-02-18T11:11:06","modified_gmt":"2026-02-18T08:11:06","slug":"szafka-kuchenna-dolna-cargo-sorento-d20c-puccini","status":"publish","type":"product","link":"https:\/\/baldumarket.lt\/lt\/product\/szafka-kuchenna-dolna-cargo-sorento-d20c-puccini\/","title":{"rendered":"Puccini Cargo Sorento D20C apatin\u0117 virtuv\u0117s spintel\u0117"},"content":{"rendered":"<p>Ie\u0161kote eleganti\u0161ko ir funkcionalaus sprendimo savo virtuvei? \u201eCargo Sorento D20C\u201c apatin\u0117 virtuv\u0117s spintel\u0117 \u201ePuccini\u201c spalvos \u2013 puikus pasirinkimas, puikiai derinantis stili\u0173 ir prakti\u0161kum\u0105. Rafinuotas dizainas ir i\u0161skirtinai siaura, vos 20 cm plo\u010dio, konstrukcija idealiai tinka interjerams, kuriuose svarbus kiekvienas erdv\u0117s centimetras. \u0160i spintel\u0117, padengta tamsiu \u201ePuccini\u201c atspalviu, suteikia interjerui unikal\u0173 charakter\u012f. Lygus laminuotos plok\u0161t\u0117s pavir\u0161ius ne tik puikiai atrodo, bet ir yra lengvai valomas, o tai ypa\u010d svarbu virtuv\u0117s aplinkoje. Juodos metalin\u0117s ranken\u0117l\u0117s u\u017ebaigia unikali\u0105 i\u0161vaizd\u0105, pabr\u0117\u017edamos modern\u0173 bald\u0173 stili\u0173. \u0160ios spintel\u0117s funkcionalumas ne\u012fkainojamas. D\u0117l \u201eClip-On\u201c \u0161velnaus u\u017edarymo sistemos spintel\u0117 veikia tyliai, tod\u0117l padid\u0117ja komfortas ir patvarumas. Prakti\u0161kas auk\u0161t\u0173, reguliuojam\u0173 kojeli\u0173 sprendimas leid\u017eia reguliuoti spintel\u0117s auk\u0161t\u012f pagal savo poreikius, u\u017etikrinant stabilum\u0105 ir lengv\u0105 sunkiai pasiekiam\u0173 viet\u0173 valym\u0105.<\/p>","protected":false},"excerpt":{"rendered":"<p>Plotis (cm): 20<br \/>\n\u016agis (cm): 87<br \/>\nGylis (cm): 52<\/p>","protected":false},"featured_media":158354,"comment_status":"open","ping_status":"open","template":"","meta":[],"product_brand":[],"product_cat":[9436,4106],"product_tag":[],"class_list":{"0":"post-158353","1":"product","2":"type-product","3":"status-publish","4":"has-post-thumbnail","6":"product_cat-kitchen-system-sorento","7":"product_cat-gala-meble","9":"first","10":"instock","11":"purchasable","12":"product-type-simple"},"_links":{"self":[{"href":"https:\/\/baldumarket.lt\/lt\/wp-json\/wp\/v2\/product\/158353","targetHints":{"allow":["GET"]}}],"collection":[{"href":"https:\/\/baldumarket.lt\/lt\/wp-json\/wp\/v2\/product"}],"about":[{"href":"https:\/\/baldumarket.lt\/lt\/wp-json\/wp\/v2\/types\/product"}],"replies":[{"embeddable":true,"href":"https:\/\/baldumarket.lt\/lt\/wp-json\/wp\/v2\/comments?post=158353"}],"wp:featuredmedia":[{"embeddable":true,"href":"https:\/\/baldumarket.lt\/lt\/wp-json\/wp\/v2\/media\/158354"}],"wp:attachment":[{"href":"https:\/\/baldumarket.lt\/lt\/wp-json\/wp\/v2\/media?parent=158353"}],"wp:term":[{"taxonomy":"product_brand","embeddable":true,"href":"https:\/\/baldumarket.lt\/lt\/wp-json\/wp\/v2\/product_brand?post=158353"},{"taxonomy":"product_cat","embeddable":true,"href":"https:\/\/baldumarket.lt\/lt\/wp-json\/wp\/v2\/product_cat?post=158353"},{"taxonomy":"product_tag","embeddable":true,"href":"https:\/\/baldumarket.lt\/lt\/wp-json\/wp\/v2\/product_tag?post=158353"}],"curies":[{"name":"wp","href":"https:\/\/api.w.org\/{rel}","templated":true}]}}