{"id":158348,"date":"2025-12-18T23:59:26","date_gmt":"2025-12-18T20:59:26","guid":{"rendered":"https:\/\/baldumarket.lt\/product\/szafka-kuchenna-dolna-cargo-sorento-d20c-puccini-green\/"},"modified":"2026-02-18T11:10:50","modified_gmt":"2026-02-18T08:10:50","slug":"szafka-kuchenna-dolna-cargo-sorento-d20c-puccini-green","status":"publish","type":"product","link":"https:\/\/baldumarket.lt\/lt\/product\/szafka-kuchenna-dolna-cargo-sorento-d20c-puccini-green\/","title":{"rendered":"\u201eCargo Sorento D20C Puccini Green\u201c apatin\u0117 virtuv\u0117s spintel\u0117"},"content":{"rendered":"<p>\u201eCargo Sorento D20C\u201c apatin\u0117 virtuv\u0117s spintel\u0117 \u201ePuccini Green\u201c spalvos \u2013 puikus pasirinkimas tiems, kurie vertina elegancij\u0105 ir funkcionalum\u0105 viename. D\u0117l plono, vos 20 cm plo\u010dio, dizaino spintel\u0117 lengvai integruojama \u012f bet kuri\u0105 virtuv\u0119, o stilingas \u017ealias priekis suteikia interjerui unikalumo. Gra\u017eiai derinama su \u201ePuccini\u201c spalvos korpusu, \u0161i spintel\u0117 tampa subtiliu, ta\u010diau i\u0161rai\u0161kingu bet kurio kambario elementu. \u201eCargo Sorento\u201c spintel\u0117s \u017eavesys slypi ir prakti\u0161kume. D\u0117l gerai apgalvoto dizaino ir auk\u0161tos kokyb\u0117s med\u017eiag\u0173 ji pasi\u017eymi neprilygstamu funkcionalumu. Laminuota priekin\u0117 dalis ir korpusas u\u017etikrina ne tik estetin\u012f patrauklum\u0105, bet ir patvarum\u0105 bei atsparum\u0105 kasdieniam naudojimui. Tai puikus sprendimas m\u0117g\u0117jams vir\u0117jams, kuriems reikia tvirt\u0173 bald\u0173, kuriais jie gali u\u017etikrintai pasikliauti. Be gra\u017eios i\u0161vaizdos, \u201eCargo Sorento\u201c spintel\u0117 i\u0161siskiria ir novatori\u0161kais sprendimais, kurie palengvina gyvenim\u0105. Juoda metalin\u0117 rankena kartu su \u0161velniai u\u017esidaran\u010diais vyriais u\u017etikrina skland\u0173 komfort\u0105. Prakti\u0161kos, reguliuojamos kojel\u0117s leid\u017eia tiksliai reguliuoti auk\u0161t\u012f, kad atitikt\u0173 kiekvieno naudotojo individualius poreikius.<\/p>","protected":false},"excerpt":{"rendered":"<p>Plotis (cm): 20<br \/>\n\u016agis (cm): 87<br \/>\nGylis (cm): 52<\/p>","protected":false},"featured_media":158349,"comment_status":"open","ping_status":"open","template":"","meta":[],"product_brand":[],"product_cat":[9436,4106],"product_tag":[],"class_list":{"0":"post-158348","1":"product","2":"type-product","3":"status-publish","4":"has-post-thumbnail","6":"product_cat-kitchen-system-sorento","7":"product_cat-gala-meble","9":"first","10":"instock","11":"purchasable","12":"product-type-simple"},"_links":{"self":[{"href":"https:\/\/baldumarket.lt\/lt\/wp-json\/wp\/v2\/product\/158348","targetHints":{"allow":["GET"]}}],"collection":[{"href":"https:\/\/baldumarket.lt\/lt\/wp-json\/wp\/v2\/product"}],"about":[{"href":"https:\/\/baldumarket.lt\/lt\/wp-json\/wp\/v2\/types\/product"}],"replies":[{"embeddable":true,"href":"https:\/\/baldumarket.lt\/lt\/wp-json\/wp\/v2\/comments?post=158348"}],"wp:featuredmedia":[{"embeddable":true,"href":"https:\/\/baldumarket.lt\/lt\/wp-json\/wp\/v2\/media\/158349"}],"wp:attachment":[{"href":"https:\/\/baldumarket.lt\/lt\/wp-json\/wp\/v2\/media?parent=158348"}],"wp:term":[{"taxonomy":"product_brand","embeddable":true,"href":"https:\/\/baldumarket.lt\/lt\/wp-json\/wp\/v2\/product_brand?post=158348"},{"taxonomy":"product_cat","embeddable":true,"href":"https:\/\/baldumarket.lt\/lt\/wp-json\/wp\/v2\/product_cat?post=158348"},{"taxonomy":"product_tag","embeddable":true,"href":"https:\/\/baldumarket.lt\/lt\/wp-json\/wp\/v2\/product_tag?post=158348"}],"curies":[{"name":"wp","href":"https:\/\/api.w.org\/{rel}","templated":true}]}}